{"id":86083,"date":"2019-09-03T06:45:05","date_gmt":"2019-09-03T04:45:05","guid":{"rendered":"https:\/\/www.occasneaks.fr\/contact\/"},"modified":"2025-07-30T11:42:10","modified_gmt":"2025-07-30T09:42:10","slug":"contact","status":"publish","type":"page","link":"https:\/\/sell-officiel.com\/it\/contact\/","title":{"rendered":"Contact"},"content":{"rendered":"<h1>Contactez-nous !<\/h1>\n<p>[mail]<\/p>\n<div>\n<p>Par mail<\/p>\n<\/div>\n<p>\n    <a href=\"mailto:boutique@occasneaks.fr\">boutique@occasneaks.fr<\/a>\n<\/p>\n<p>[instagram]<\/p>\n<div>\n<p>Sur Instagram<\/p>\n<\/div>\n<p>\n    <a href=\"https:\/\/www.instagram.com\/occasneaks\/\" rel=\"nofollow noopener\" target=\"_blank\">@occasneaks<\/a>\n<\/p>\n<p>[tiktok]<\/p>\n<div>\n<p>Sur TikTok<\/p>\n<\/div>\n<p>\n    <a href=\"https:\/\/www.tiktok.com\/discover\/occasneaks?lang=fr\" rel=\"nofollow noopener\" target=\"_blank\">occasneaks<\/a>\n<\/p>\n<hr>\n<p>[receiver]<\/p>\n<div>\n<p style=\"text-align: left;\">T\u00e9l\u00e9phone<\/p>\n<\/div>\n<div>\n<p><strong>+33679743339 FR<\/strong><\/p>\n<\/div>\n<div>\n<h6>SAV 7j\/7j-10h\/19h<\/h6>\n<p>Ce num\u00e9ro de t\u00e9l\u00e9phone est \u00e0 joindre en cas de probl\u00e8me rencontr\u00e9 avec une commande pass\u00e9e ou en cours, notre \u00e9quipe est \u00e0 votre disposition pour vous aider !<\/p>\n<p><em>Avant d&#8217;appeler munis-toi de ton num\u00e9ro de commande.\u00a0<\/em><\/p>\n<p>Privil\u00e9giez les mails pour un \u00e9change plus pro et efficace.\u00a0<\/p>\n<\/div>\n<p><!--more--><br \/>\n<!-- {\"type\":\"layout\",\"children\":[{\"name\":\"Contact\",\"type\":\"section\",\"props\":{\"header_transparent\":true,\"header_transparent_noplaceholder\":true,\"header_transparent_text_color\":\"light\",\"height\":\"viewport\",\"height_offset_top\":true,\"image_position\":\"center-center\",\"media_background\":\"#111111\",\"media_overlay\":\"rgba(0, 0, 0, 0.7)\",\"padding\":\"xlarge\",\"style\":\"secondary\",\"title_breakpoint\":\"xl\",\"title_position\":\"top-left\",\"title_rotation\":\"left\",\"vertical_align\":\"middle\",\"video\":\"wp-content\\\/uploads\\\/2024\\\/12\\\/copy_D339C79E-08DA-4E6D-80A7-019D53955145.mov\",\"video_height\":\"1440\",\"video_width\":\"2560\",\"width\":\"small\"},\"children\":[{\"type\":\"row\",\"children\":[{\"type\":\"column\",\"props\":{\"image_position\":\"center-center\",\"position_sticky_breakpoint\":\"m\",\"width_medium\":\"1-1\"},\"children\":[{\"type\":\"headline\",\"props\":{\"animation\":\"parallax\",\"content\":\"Contactez-nous !\",\"margin\":\"large\",\"parallax_easing\":\"1\",\"parallax_end\":\"10vh + 10%\",\"parallax_opacity\":\"1,0\",\"text_align\":\"center\",\"title_element\":\"h1\",\"title_style\":\"heading-large\"}}]}]},{\"type\":\"row\",\"props\":{\"column_gap\":\"large\",\"css\":\".el-row * {\\n    text-align: center !important;\\n    color: white !important;\\n}\",\"divider\":true,\"layout\":\"1-3,1-3,1-3\",\"row_gap\":\"large\"},\"children\":[{\"type\":\"column\",\"props\":{\"image_position\":\"center-center\",\"position_sticky_breakpoint\":\"m\",\"width_medium\":\"1-3\"},\"children\":[{\"type\":\"icon\",\"props\":{\"icon\":\"mail\",\"icon_width\":60,\"margin\":\"default\"}},{\"type\":\"text\",\"props\":{\"column_breakpoint\":\"m\",\"content\":\"\n\n<p>Par mail<\\\/p>\",\"margin\":\"default\",\"text_align\":\"left\",\"text_align_breakpoint\":\"m\",\"text_align_fallback\":\"center\",\"text_style\":\"meta\"}},{\"type\":\"button\",\"props\":{\"button_size\":\"large\",\"grid_column_gap\":\"small\",\"grid_row_gap\":\"small\",\"margin\":\"default\",\"text_align\":\"left\",\"text_align_breakpoint\":\"m\",\"text_align_fallback\":\"center\"},\"children\":[{\"type\":\"button_item\",\"props\":{\"button_style\":\"text\",\"content\":\"boutique@occasneaks.fr\",\"icon_align\":\"left\",\"link\":\"mailto:boutique@occasneaks.fr\"}}]}]},{\"type\":\"column\",\"props\":{\"image_position\":\"center-center\",\"position_sticky_breakpoint\":\"m\",\"width_medium\":\"1-3\"},\"children\":[{\"type\":\"icon\",\"props\":{\"icon\":\"instagram\",\"icon_width\":60,\"margin\":\"default\"}},{\"type\":\"text\",\"props\":{\"column_breakpoint\":\"m\",\"content\":\"\n\n<p>Sur Instagram<\\\/p>\",\"margin\":\"default\",\"text_align\":\"left\",\"text_align_breakpoint\":\"m\",\"text_align_fallback\":\"center\",\"text_style\":\"meta\"}},{\"type\":\"button\",\"props\":{\"button_size\":\"large\",\"grid_column_gap\":\"small\",\"grid_row_gap\":\"small\",\"margin\":\"default\",\"text_align\":\"left\",\"text_align_breakpoint\":\"m\",\"text_align_fallback\":\"center\"},\"children\":[{\"type\":\"button_item\",\"props\":{\"button_style\":\"text\",\"content\":\"@occasneaks\",\"icon_align\":\"left\",\"link\":\"https:\\\/\\\/www.instagram.com\\\/occasneaks\\\/\"}}]}]},{\"type\":\"column\",\"props\":{\"image_position\":\"center-center\",\"position_sticky_breakpoint\":\"m\",\"width_medium\":\"1-3\"},\"children\":[{\"type\":\"icon\",\"props\":{\"icon\":\"tiktok\",\"icon_width\":60,\"margin\":\"default\"}},{\"type\":\"text\",\"props\":{\"column_breakpoint\":\"m\",\"content\":\"\n\n<p>Sur TikTok<\\\/p>\",\"margin\":\"default\",\"text_align\":\"left\",\"text_align_breakpoint\":\"m\",\"text_align_fallback\":\"center\",\"text_style\":\"meta\"}},{\"type\":\"button\",\"props\":{\"button_size\":\"large\",\"grid_column_gap\":\"small\",\"grid_row_gap\":\"small\",\"margin\":\"default\",\"text_align\":\"left\",\"text_align_breakpoint\":\"m\",\"text_align_fallback\":\"center\"},\"children\":[{\"type\":\"button_item\",\"props\":{\"button_style\":\"text\",\"content\":\"occasneaks\",\"icon_align\":\"left\",\"link\":\"https:\\\/\\\/www.tiktok.com\\\/discover\\\/occasneaks?lang=fr\"}}]}]}]},{\"type\":\"row\",\"children\":[{\"type\":\"column\",\"props\":{\"image_position\":\"center-center\",\"position_sticky_breakpoint\":\"m\"},\"children\":[{\"type\":\"divider\",\"props\":{\"divider_element\":\"hr\"}},{\"type\":\"icon\",\"props\":{\"icon\":\"receiver\",\"icon_width\":60,\"margin\":\"default\"}},{\"type\":\"text\",\"props\":{\"column_breakpoint\":\"m\",\"content\":\"\n\n<p style=\\\"text-align: left;\\\">T\\u00e9l\\u00e9phone<\\\/p>\",\"margin\":\"default\"}},{\"type\":\"text\",\"props\":{\"column_breakpoint\":\"m\",\"content\":\"\n\n<p><strong>+33679743339 FR<\\\/strong><\\\/p>\",\"margin\":\"default\"}},{\"type\":\"text\",\"props\":{\"column_breakpoint\":\"m\",\"content\":\"\n\n<h6>SAV 7j\\\/7j-10h\\\/19h<\\\/h6>\\n\n\n<p>Ce num\\u00e9ro de t\\u00e9l\\u00e9phone est \\u00e0 joindre en cas de probl\\u00e8me rencontr\\u00e9 avec une commande pass\\u00e9e ou en cours, notre \\u00e9quipe est \\u00e0 votre disposition pour vous aider !<\\\/p>\\n\n\n<p><em>Avant d'appeler munis-toi de ton num\\u00e9ro de commande.\\u00a0<\\\/em><\\\/p>\\n\n\n<p>Privil\\u00e9giez les mails pour un \\u00e9change plus pro et efficace.\\u00a0<\\\/p>\",\"margin\":\"default\"}}]}],\"props\":{\"css\":\".el-row * {\\n    text-align: center !important;\\n}\"}}]}],\"version\":\"4.4.12\",\"yooessentialsVersion\":\"2.2.24\"} --><\/p>\n","protected":false},"excerpt":{"rendered":"<p>Contactez-nous ! [mail] Par mail boutique@occasneaks.fr [instagram] Sur Instagram @occasneaks [tiktok] Sur TikTok occasneaks [receiver] T\u00e9l\u00e9phone +33679743339 FR SAV 7j\/7j-10h\/19h Ce num\u00e9ro de t\u00e9l\u00e9phone est \u00e0 joindre en cas de probl\u00e8me rencontr\u00e9 avec une commande pass\u00e9e ou en cours, notre \u00e9quipe est \u00e0 votre disposition pour vous aider ! Avant d&#8217;appeler munis-toi de ton num\u00e9ro [&hellip;]<\/p>\n","protected":false},"author":1,"featured_media":0,"parent":0,"menu_order":2,"comment_status":"open","ping_status":"closed","template":"","meta":{"_acf_changed":false,"footnotes":""},"class_list":["post-86083","page","type-page","status-publish","hentry"],"acf":[],"_links":{"self":[{"href":"https:\/\/sell-officiel.com\/it\/wp-json\/wp\/v2\/pages\/86083","targetHints":{"allow":["GET"]}}],"collection":[{"href":"https:\/\/sell-officiel.com\/it\/wp-json\/wp\/v2\/pages"}],"about":[{"href":"https:\/\/sell-officiel.com\/it\/wp-json\/wp\/v2\/types\/page"}],"author":[{"embeddable":true,"href":"https:\/\/sell-officiel.com\/it\/wp-json\/wp\/v2\/users\/1"}],"replies":[{"embeddable":true,"href":"https:\/\/sell-officiel.com\/it\/wp-json\/wp\/v2\/comments?post=86083"}],"version-history":[{"count":12,"href":"https:\/\/sell-officiel.com\/it\/wp-json\/wp\/v2\/pages\/86083\/revisions"}],"predecessor-version":[{"id":819383,"href":"https:\/\/sell-officiel.com\/it\/wp-json\/wp\/v2\/pages\/86083\/revisions\/819383"}],"wp:attachment":[{"href":"https:\/\/sell-officiel.com\/it\/wp-json\/wp\/v2\/media?parent=86083"}],"curies":[{"name":"wp","href":"https:\/\/api.w.org\/{rel}","templated":true}]}}