{"id":86064,"date":"2019-09-03T06:45:05","date_gmt":"2019-09-03T04:45:05","guid":{"rendered":"https:\/\/www.occasneaks.fr\/renseignements\/"},"modified":"2025-01-30T17:56:35","modified_gmt":"2025-01-30T16:56:35","slug":"noi","status":"publish","type":"page","link":"https:\/\/sell-officiel.com\/it\/noi\/","title":{"rendered":"Nous"},"content":{"rendered":"<h1>La squadra Occasioni<\/h1>\n<div>\n<p>Il nostro team \u00e8 composto da 14 persone, ognuna delle quali ha un ruolo ben preciso da svolgere per fornirvi un servizio di alta qualit\u00e0.<\/p>\n<p>Diviso in quattro divisioni:<\/p>\n<h3>ACQUISTO<\/h3>\n<p>Si occupa di scovare le pi\u00f9 belle paia di sneakers sul mercato dell&#8217;usato di lusso, rispettando criteri rigorosi per offrirvi articoli rilevanti al miglior prezzo.<\/p>\n<p><strong>Contattare il team Acquisti :<\/strong><\/p>\n<ul>\n<li><strong>Per posta<\/strong> : <a rel=\"noopener\"><span>mesventes<\/span><span>@occasneaks.fr<\/span><\/a><\/li>\n<\/ul>\n<h3>POLIVALENTE<\/h3>\n<p>Responsabile della gestione del negozio!<\/p>\n<ul>\n<li>Preparazione degli ordini<\/li>\n<li>Presentazione delle sneakers prima della loro pubblicazione sul sito web<\/li>\n<li>Organizzazione del rifornimento<\/li>\n<\/ul>\n<h3>COMUNICAZIONE<\/h3>\n<p>Responsabile della creazione di contenuti attraenti e di alta qualit\u00e0 per i nostri social network.<\/p>\n<h3>SVILUPPO WEB<\/h3>\n<p>Responsabile della gestione del sito web: miglioramenti, manutenzione e ottimizzazione.<\/p>\n<h3>SERVIZIO \/ RELAZIONI CON I CLIENTI<\/h3>\n<p>\u00c8 responsabile di rispondere alle vostre domande e di risolvere eventuali problemi con i vostri ordini.<\/p>\n<p><strong>Contattare il servizio post-vendita:<\/strong><\/p>\n<ul>\n<li><strong>Per e-mail:<\/strong> Boutique@occasneaks.fr<\/li>\n<li><strong>Per telefono:<\/strong> +33 6 79 74 33 39<\/li>\n<\/ul>\n<hr \/>\n<p><strong>Volete unirvi al nostro team?<\/strong><br \/>Siamo costantemente alla ricerca di nuovi talenti da aggiungere al nostro team giovane e appassionato. Candidatevi ora e tentate la fortuna:<\/p>\n<p><strong><a rel=\"noopener\"><span>recrutement.occasneaks<\/span><span>@gmail.com<\/span><\/a><\/strong><\/p>\n<\/div>\n<h1>Le nostre reti sociali<\/h1>\n<p><a href=\"https:\/\/www.instagram.com\/occasneaks\/?hl=fr\" rel=\"nofollow noopener\" target=\"_blank\"><img decoding=\"async\" src=\"\/wp-content\/uploads\/2024\/11\/logo-insta.svg\" alt=\"\"><\/a><br \/>\n<a href=\"https:\/\/www.tiktok.com\/@occasneaks\" rel=\"nofollow noopener\" target=\"_blank\"><img decoding=\"async\" src=\"\/wp-content\/uploads\/2024\/11\/logo-tiktok.svg\" alt=\"\"><\/a><\/p>\n<h2>I nostri servizi<\/h2>\n<ul>\n<li>\n<h3>Prodotti<\/h3>\n<div>\n<p>&gt; Occasneaks acquista le sue sneaker tramite un servizio di trade-in sicuro, dando ai clienti la possibilit\u00e0 di vendere rapidamente le loro paia.<br \/>&gt; Ogni paio \u00e8 accuratamente autenticato. Se un paio \u00e8 in vendita sullo Shop, \u00e8 garantito al 100%. I prodotti vengono puliti, se necessario vengono sostituiti i lacci e l&#8217;80% delle sneaker viene venduto con i suoi componenti originali (scatola, sacchetto, fattura). Ogni acquisto \u00e8 accompagnato da una fattura Occasneaks.<\/p>\n<\/div>\n<\/li>\n<li>\n<h3>Acquisti e consegne<\/h3>\n<div>\n<p>&gt; Gli acquisti su OCCASNEAKS sono garantiti da Stripe, PayPal, Apple Pay e Google Pay. Il pagamento 4x gratuito \u00e8 possibile tramite Paypal; si noti che non tutti i conti PayPal sono idonei per questo tipo di pagamento.<br \/>&gt; I pacchi vengono spediti entro 3 o 4 giorni lavorativi dal ricevimento del pagamento e vengono spediti tramite Colissimo con tracciabilit\u00e0 e consegna senza firma.<\/p>\n<\/div>\n<\/li>\n<li>\n<h3>Reclami e restituzioni<\/h3>\n<div>\n<p>&gt; Avete 14 giorni di tempo per restituire un paio di scarpe se non vi soddisfano. Il denaro verr\u00e0 rimborsato entro 5 giorni dal ricevimento, escluse le spese di spedizione.<br \/>&gt; Per qualsiasi reclamo, modifica dell&#8217;ordine o restituzione, vi preghiamo di contattarci via e-mail all&#8217;indirizzo boutique@occasneaks.fr, citando il vostro numero d&#8217;ordine per un&#8217;elaborazione pi\u00f9 rapida.<\/p>\n<\/div>\n<\/li>\n<\/ul>\n<div>Cerca<\/div>\n<p><img decoding=\"async\" src=\"\/wp-content\/uploads\/2024\/11\/rechercheb.svg\" alt=\"\"><\/p>\n<div>\n<style>\n  .uk-offcanvas {\n        top: 60px !important;\n        bottom: 0;\n        left: 0;\n        border-radius: 50px;\n    }<\/p>\n<p>    .uk-offcanvas-overlay:before {\n        margin-top: -60px !important;\n    }<\/p>\n<p>  .uk-offcanvas {\n        top: 60px !important;\n        bottom: 0;\n        left: 0;\n        border-radius: 50px;\n    }<\/p>\n<p>    .uk-offcanvas-overlay:before {\n        margin-top: -60px !important;\n    }<\/p>\n<p>    #search svg {\n        width: 20px;\n        margin-right: 10px;\n        margin-top: 10px;\n    }<\/p>\n<p>   #search .uk-close.uk-icon:not(.uk-preserve) [stroke*=\"#\"]:not(.uk-preserve) {\n    stroke: rgb(0 0 0);\n}\n<\/style>\n<p><script>\n    document.addEventListener('DOMContentLoaded', function () {\n    const horizontalLists = document.querySelectorAll('.bapf_sfilter'); \/\/ Remplace \"your-list-class\" par la classe de tes listes<\/p>\n<p>    horizontalLists.forEach(function (list) {\n        let startX = 0;\n        let startY = 0;<\/p>\n<p>        list.addEventListener('touchstart', function (e) {\n            startX = e.touches[0].clientX;\n            startY = e.touches[0].clientY;\n        });<\/p>\n<p>        list.addEventListener('touchmove', function (e) {\n            const diffX = e.touches[0].clientX - startX;\n            const diffY = e.touches[0].clientY - startY;<\/p>\n<p>            \/\/ Emp\u00eache la fermeture du off-canvas si le geste est principalement horizontal\n            if (Math.abs(diffX) > Math.abs(diffY)) {\n                e.stopPropagation(); \/\/ Stoppe la propagation de l'\u00e9v\u00e9nement\n            }\n        });\n    });\n});\n<\/script>\n<\/div>\n<ul>\n<li>\n        <a href=\"\/it\/il-mio-account\/\"><\/a>\n    <\/li>\n<li>\n        <a href=\"#search\"><\/a>\n    <\/li>\n<li>\n        <a href=\"\/it\/in-magazzino\/\">In magazzino<\/a>\n    <\/li>\n<\/ul>\n<p><!--more--><br \/>\n<!-- {\"type\":\"layout\",\"children\":[{\"type\":\"section\",\"props\":{\"image\":\"wp-content\\\/uploads\\\/2024\\\/12\\\/copy_D339C79E-08DA-4E6D-80A7-019D53955145.mov\",\"image_position\":\"center-center\",\"image_size\":\"cover\",\"media_focal_point\":\"top-center\",\"media_overlay\":\"rgba(0, 0, 0, 0.68)\",\"padding\":\"large\",\"style\":\"default\",\"title_breakpoint\":\"xl\",\"title_position\":\"top-left\",\"title_rotation\":\"left\",\"vertical_align\":\"middle\",\"width\":\"default\"},\"children\":[{\"type\":\"row\",\"children\":[{\"type\":\"column\",\"props\":{\"image_position\":\"center-center\",\"position_sticky_breakpoint\":\"m\"},\"children\":[{\"type\":\"headline\",\"props\":{\"block_align\":\"center\",\"content\":\"La squadra Occasioni\",\"maxwidth\":\"xlarge\",\"text_align\":\"center\",\"title_element\":\"h1\",\"title_style\":\"heading-xlarge\"}}]}]}]},{\"type\":\"section\",\"props\":{\"image_position\":\"center-center\",\"style\":\"default\",\"title_breakpoint\":\"xl\",\"title_position\":\"top-left\",\"title_rotation\":\"left\",\"vertical_align\":\"middle\",\"width\":\"xsmall\"},\"children\":[{\"type\":\"row\",\"children\":[{\"type\":\"column\",\"props\":{\"image_position\":\"center-center\",\"position_sticky_breakpoint\":\"m\"},\"children\":[{\"type\":\"text\",\"props\":{\"column_breakpoint\":\"m\",\"content\":\"\n\n<p>Il nostro team \\u00e8 composto da 14 persone, ognuna delle quali ha un ruolo ben preciso da svolgere per fornirvi un servizio di alta qualit\\u00e0.<\\\/p>\\n\n\n<p>Diviso in quattro divisioni:<\\\/p>\\n\n\n<h3>ACQUISTO<\\\/h3>\\n\n\n<p>Si occupa di scovare le pi\\u00f9 belle paia di sneakers sul mercato dell'usato di lusso, rispettando criteri rigorosi per offrirvi articoli rilevanti al miglior prezzo.<\\\/p>\\n\n\n<p><strong>Contattare il team Acquisti :<\\\/strong><\\\/p>\\n\n\n<ul>\\n\n\n<li><strong>Per posta<\\\/strong> : <a rel=\\\"noopener\\\"><span>mesventes<\\\/span><span>@occasneaks.fr<\\\/span><\\\/a><\\\/li>\\n<\\\/ul>\\n\n\n<h3>POLIVALENTE<\\\/h3>\\n\n\n<p>Responsabile della gestione del negozio!<\\\/p>\\n\n\n<ul>\\n\n\n<li>Preparazione degli ordini<\\\/li>\\n\n\n<li>Presentazione delle sneakers prima della loro pubblicazione sul sito web<\\\/li>\\n\n\n<li>Organizzazione del rifornimento<\\\/li>\\n<\\\/ul>\\n\n\n<h3>COMUNICAZIONE<\\\/h3>\\n\n\n<p>Responsabile della creazione di contenuti attraenti e di alta qualit\\u00e0 per i nostri social network.<\\\/p>\\n\n\n<h3>SVILUPPO WEB<\\\/h3>\\n\n\n<p>Responsabile della gestione del sito web: miglioramenti, manutenzione e ottimizzazione.<\\\/p>\\n\n\n<h3>SERVIZIO \\\/ RELAZIONI CON I CLIENTI<\\\/h3>\\n\n\n<p>\\u00c8 responsabile di rispondere alle vostre domande e di risolvere eventuali problemi con i vostri ordini.<\\\/p>\\n\n\n<p><strong>Contattare il servizio post-vendita:<\\\/strong><\\\/p>\\n\n\n<ul>\\n\n\n<li><strong>Per e-mail:<\\\/strong> Boutique@occasneaks.fr<\\\/li>\\n\n\n<li><strong>Per telefono:<\\\/strong> +33 6 79 74 33 39<\\\/li>\\n<\\\/ul>\\n\n\n<hr \\\/>\\n\n\n<p><strong>Volete unirvi al nostro team?<\\\/strong><br \\\/>Siamo costantemente alla ricerca di nuovi talenti da aggiungere al nostro team giovane e appassionato. Candidatevi ora e tentate la fortuna:<\\\/p>\\n\n\n<p><strong><a rel=\\\"noopener\\\"><span>recrutement.occasneaks<\\\/span><span>@gmail.com<\\\/span><\\\/a><\\\/strong><\\\/p>\",\"margin\":\"default\"}}]}]},{\"type\":\"row\",\"children\":[{\"type\":\"column\",\"props\":{\"image_position\":\"center-center\",\"position_sticky_breakpoint\":\"m\"},\"children\":[{\"type\":\"headline\",\"props\":{\"content\":\"Le nostre reti sociali\",\"title_element\":\"h1\"}}]}]},{\"type\":\"row\",\"children\":[{\"type\":\"column\",\"props\":{\"image_position\":\"center-center\",\"position_sticky_breakpoint\":\"m\",\"width_default\":\"1-2\",\"width_medium\":\"1-2\"},\"children\":[{\"type\":\"image\",\"props\":{\"image\":\"wp-content\\\/uploads\\\/2024\\\/11\\\/logo-insta.svg\",\"image_height\":75,\"image_svg_color\":\"emphasis\",\"image_width\":75,\"link\":\"https:\\\/\\\/www.instagram.com\\\/occasneaks\\\/?hl=fr\",\"margin\":\"default\",\"text_align\":\"center\"}}]},{\"type\":\"column\",\"props\":{\"image_position\":\"center-center\",\"position_sticky_breakpoint\":\"m\",\"width_default\":\"1-2\",\"width_medium\":\"1-2\"},\"children\":[{\"type\":\"image\",\"props\":{\"image\":\"wp-content\\\/uploads\\\/2024\\\/11\\\/logo-tiktok.svg\",\"image_height\":65,\"image_svg_color\":\"emphasis\",\"image_width\":65,\"link\":\"https:\\\/\\\/www.tiktok.com\\\/@occasneaks\",\"margin\":\"default\",\"text_align\":\"center\"}}]}],\"props\":{\"layout\":\"1-2,1-2\",\"row_gap\":\"large\"}}]},{\"type\":\"section\",\"props\":{\"image_position\":\"center-center\",\"style\":\"default\",\"title_breakpoint\":\"xl\",\"title_position\":\"top-left\",\"title_rotation\":\"left\",\"vertical_align\":\"middle\",\"width\":\"xsmall\"},\"children\":[{\"type\":\"row\",\"children\":[{\"type\":\"column\",\"props\":{\"image_position\":\"center-center\",\"position_sticky_breakpoint\":\"m\"},\"children\":[{\"type\":\"headline\",\"props\":{\"content\":\"I nostri servizi\",\"title_element\":\"h2\"}},{\"type\":\"switcher\",\"props\":{\"content_column_breakpoint\":\"m\",\"css\":\"ul li:nth-child(3) {\\n    max-width: 42px;\\n}\\nul li:nth-child(2) {\\n    max-width: 47px;\\n}\\n\\nul {\\n    justify-content: space-evenly;\\n}\\n\\n\\nul li {\\n    border:1px solid white;\\n    padding: 6px;\\n    border-radius: 10px;\\n}\",\"image_align\":\"top\",\"image_grid_breakpoint\":\"m\",\"image_grid_width\":\"1-2\",\"image_svg_color\":\"emphasis\",\"link_style\":\"default\",\"link_text\":\"Read more\",\"margin\":\"default\",\"meta_align\":\"below-title\",\"meta_element\":\"div\",\"meta_style\":\"text-meta\",\"nav\":\"thumbnav\",\"nav_align\":\"left\",\"nav_grid_breakpoint\":\"m\",\"nav_grid_width\":\"auto\",\"nav_position\":\"top\",\"show_content\":true,\"show_image\":true,\"show_label\":true,\"show_link\":true,\"show_meta\":true,\"show_thumbnail\":true,\"show_title\":true,\"switcher_animation\":\"fade\",\"switcher_height\":true,\"thumbnav_height\":\"60\",\"thumbnav_nowrap\":true,\"thumbnav_svg_color\":\"emphasis\",\"thumbnav_svg_inline\":false,\"thumbnav_width\":\"60\",\"title_align\":\"top\",\"title_element\":\"h3\",\"title_grid_breakpoint\":\"m\",\"title_grid_width\":\"1-2\"},\"children\":[{\"type\":\"switcher_item\",\"props\":{\"content\":\"\n\n<p>&gt; Occasneaks acquista le sue sneaker tramite un servizio di trade-in sicuro, dando ai clienti la possibilit\\u00e0 di vendere rapidamente le loro paia.<br \\\/>&gt; Ogni paio \\u00e8 accuratamente autenticato. Se un paio \\u00e8 in vendita sullo Shop, \\u00e8 garantito al 100%. I prodotti vengono puliti, se necessario vengono sostituiti i lacci e l'80% delle sneaker viene venduto con i suoi componenti originali (scatola, sacchetto, fattura). Ogni acquisto \\u00e8 accompagnato da una fattura Occasneaks.<\\\/p>\",\"thumbnail\":\"wp-content\\\/uploads\\\/2024\\\/11\\\/boot.svg\",\"title\":\"Prodotti\"}},{\"type\":\"switcher_item\",\"props\":{\"content\":\"\n\n<p>&gt; Gli acquisti su OCCASNEAKS sono garantiti da Stripe, PayPal, Apple Pay e Google Pay. Il pagamento 4x gratuito \\u00e8 possibile tramite Paypal; si noti che non tutti i conti PayPal sono idonei per questo tipo di pagamento.<br \\\/>&gt; I pacchi vengono spediti entro 3 o 4 giorni lavorativi dal ricevimento del pagamento e vengono spediti tramite Colissimo con tracciabilit\\u00e0 e consegna senza firma.<\\\/p>\",\"thumbnail\":\"wp-content\\\/uploads\\\/2024\\\/11\\\/expedition.svg\",\"title\":\"Acquisti e consegne\"}},{\"type\":\"switcher_item\",\"props\":{\"content\":\"\n\n<p>&gt; Avete 14 giorni di tempo per restituire un paio di scarpe se non vi soddisfano. Il denaro verr\\u00e0 rimborsato entro 5 giorni dal ricevimento, escluse le spese di spedizione.<br \\\/>&gt; Per qualsiasi reclamo, modifica dell'ordine o restituzione, vi preghiamo di contattarci via e-mail all'indirizzo boutique@occasneaks.fr, citando il vostro numero d'ordine per un'elaborazione pi\\u00f9 rapida.<\\\/p>\",\"thumbnail\":\"wp-content\\\/uploads\\\/2024\\\/11\\\/reprises.svg\",\"title\":\"Reclami e restituzioni\"}}]}]}]}]},{\"type\":\"section\",\"props\":{\"image_position\":\"center-center\",\"style\":\"default\",\"title_breakpoint\":\"xl\",\"title_position\":\"top-left\",\"title_rotation\":\"left\",\"vertical_align\":\"middle\",\"width\":\"xsmall\"},\"children\":[{\"type\":\"row\",\"children\":[{\"type\":\"column\",\"props\":{\"image_position\":\"center-center\",\"position_sticky_breakpoint\":\"m\"},\"children\":[{\"type\":\"fs_offcanvas\",\"props\":{\"css\":\".el-offcanvas-bar.uk-offcanvas-bar.uk-flex.uk-flex-column.uk-offcanvas-bar-animation.uk-offcanvas-slide {\\n  \\tbackground: #F6F6F6 !important;\\n  \\tborder-top-left-radius: 50px;\\n  \\tborder-top-right-radius: 50px;\\n  \\twidth: 100%;\\n    max-width: 800px !important;\\n    left: 50% !important;\\n    transform: translateX(-50%);\\n}\",\"edit_mode\":false,\"link_icon\":\"table\",\"link_icon_align\":\"left\",\"link_style\":\"default\",\"link_text\":\"Off-canvas Button\",\"margin\":\"default\",\"offcanvas_close_button\":true,\"offcanvas_id\":\"search\",\"offcanvas_vertical_align\":false,\"show_link\":false},\"children\":[{\"type\":\"row\",\"children\":[{\"type\":\"column\",\"props\":{\"image_position\":\"center-center\",\"position_sticky_breakpoint\":\"m\",\"text_color\":\"dark\"},\"children\":[{\"type\":\"headline\",\"props\":{\"content\":\"Cerca\",\"margin\":\"xlarge\",\"text_align\":\"center\",\"title_element\":\"div\",\"title_style\":\"h3\"}},{\"type\":\"image\",\"props\":{\"image\":\"wp-content\\\/uploads\\\/2024\\\/11\\\/rechercheb.svg\",\"image_height\":100,\"image_svg_color\":\"emphasis\",\"image_width\":100,\"margin\":\"medium\",\"text_align\":\"center\"}},{\"type\":\"search\",\"props\":{\"block_align\":\"center\",\"css\":\"input {\\n    border-bottom: 2px solid #707070;\\n}\",\"maxwidth\":\"large\"}},{\"type\":\"html\",\"props\":{\"content\":\"\n\n<style>\\n  .uk-offcanvas {\\n        top: 60px !important;\\n        bottom: 0;\\n        left: 0;\\n        border-radius: 50px;\\n    }\\n\\n    .uk-offcanvas-overlay:before {\\n        margin-top: -60px !important;\\n    }\\n\\n  .uk-offcanvas {\\n        top: 60px !important;\\n        bottom: 0;\\n        left: 0;\\n        border-radius: 50px;\\n    }\\n\\n    .uk-offcanvas-overlay:before {\\n        margin-top: -60px !important;\\n    }\\n\\n    #search svg {\\n        width: 20px;\\n        margin-right: 10px;\\n        margin-top: 10px;\\n    }\\n    \\n        \\n   #search .uk-close.uk-icon:not(.uk-preserve) [stroke*=\\\"#\\\"]:not(.uk-preserve) {\\n    stroke: rgb(0 0 0);\\n}\\n<\\\/style>\\n\\n\\n<script>\\n    document.addEventListener('DOMContentLoaded', function () {\\n    const horizontalLists = document.querySelectorAll('.bapf_sfilter'); \\\/\\\/ Remplace \\\"your-list-class\\\" par la classe de tes listes\\n\\n    horizontalLists.forEach(function (list) {\\n        let startX = 0;\\n        let startY = 0;\\n\\n        list.addEventListener('touchstart', function (e) {\\n            startX = e.touches[0].clientX;\\n            startY = e.touches[0].clientY;\\n        });\\n\\n        list.addEventListener('touchmove', function (e) {\\n            const diffX = e.touches[0].clientX - startX;\\n            const diffY = e.touches[0].clientY - startY;\\n\\n            \\\/\\\/ Emp\\u00eache la fermeture du off-canvas si le geste est principalement horizontal\\n            if (Math.abs(diffX) > Math.abs(diffY)) {\\n                e.stopPropagation(); \\\/\\\/ Stoppe la propagation de l'\\u00e9v\\u00e9nement\\n            }\\n        });\\n    });\\n});\\n<\\\/script>\"}}]}]}],\"name\":\"Recherche OFFICIEL FR\"},{\"type\":\"button\",\"props\":{\"class\":\"bottom-banner bottom-banner-3boutons\",\"fullwidth\":false,\"grid_column_gap\":\"small\",\"grid_row_gap\":\"small\",\"margin\":\"default\",\"position_z_index\":\"3\",\"text_align\":\"center\"},\"children\":[{\"type\":\"button_item\",\"props\":{\"button_style\":\"primary\",\"content\":\"\",\"icon\":\"fa6-light--user\",\"icon_align\":\"left\",\"link\":\"it\\\/il-mio-account\\\/\",\"link_title\":\"Bons plans\"}},{\"type\":\"button_item\",\"props\":{\"button_style\":\"primary\",\"icon\":\"fa6-light--magnifying-glass\",\"icon_align\":\"left\",\"link\":\"#search\"}},{\"type\":\"button_item\",\"props\":{\"button_style\":\"secondary\",\"content\":\"In magazzino\",\"icon\":\"fa6-light--boxes-stacked\",\"icon_align\":\"left\",\"link\":\"it\\\/in-magazzino\\\/\"}}],\"name\":\"3 boutons OFFICIEL - Static Pages\"}]}]}]}],\"version\":\"4.4.12\",\"yooessentialsVersion\":\"2.2.24\"} --><\/p>\n","protected":false},"excerpt":{"rendered":"<p>La squadra Occasioni Il nostro team \u00e8 composto da 14 persone, ognuna delle quali ha un ruolo ben preciso da svolgere per fornirvi un servizio di alta qualit\u00e0. Diviso in quattro divisioni: ACQUISTO Si occupa di scovare le pi\u00f9 belle paia di sneakers sul mercato dell&#8217;usato di lusso, rispettando criteri rigorosi per offrirvi articoli rilevanti [&hellip;]<\/p>\n","protected":false},"author":1,"featured_media":0,"parent":0,"menu_order":3,"comment_status":"open","ping_status":"closed","template":"","meta":{"_acf_changed":false,"footnotes":""},"class_list":["post-86064","page","type-page","status-publish","hentry"],"acf":[],"_links":{"self":[{"href":"https:\/\/sell-officiel.com\/it\/wp-json\/wp\/v2\/pages\/86064","targetHints":{"allow":["GET"]}}],"collection":[{"href":"https:\/\/sell-officiel.com\/it\/wp-json\/wp\/v2\/pages"}],"about":[{"href":"https:\/\/sell-officiel.com\/it\/wp-json\/wp\/v2\/types\/page"}],"author":[{"embeddable":true,"href":"https:\/\/sell-officiel.com\/it\/wp-json\/wp\/v2\/users\/1"}],"replies":[{"embeddable":true,"href":"https:\/\/sell-officiel.com\/it\/wp-json\/wp\/v2\/comments?post=86064"}],"version-history":[{"count":26,"href":"https:\/\/sell-officiel.com\/it\/wp-json\/wp\/v2\/pages\/86064\/revisions"}],"predecessor-version":[{"id":687073,"href":"https:\/\/sell-officiel.com\/it\/wp-json\/wp\/v2\/pages\/86064\/revisions\/687073"}],"wp:attachment":[{"href":"https:\/\/sell-officiel.com\/it\/wp-json\/wp\/v2\/media?parent=86064"}],"curies":[{"name":"wp","href":"https:\/\/api.w.org\/{rel}","templated":true}]}}