{"id":819234,"date":"2025-04-25T18:11:44","date_gmt":"2025-04-25T16:11:44","guid":{"rendered":"https:\/\/www.occasneaks.fr\/imprint\/"},"modified":"2025-08-01T11:01:55","modified_gmt":"2025-08-01T09:01:55","slug":"imprint","status":"publish","type":"page","link":"https:\/\/sell-officiel.com\/it\/imprint\/","title":{"rendered":"Imprint"},"content":{"rendered":"\n<!-- Legal document generated by Complianz | GDPR\/CCPA Cookie Consent https:\/\/wordpress.org\/plugins\/complianz-gdpr -->\n<div id=\"cmplz-document\" class=\"cmplz-document impressum cmplz-document-all\"><p><i>Questo imprint \u00e8 stata aggiornato l&#8217;ultima volta il 19 Marzo 2026.<\/i><\/p><p class=\"cmplz-subtitle\">Il proprietario di questo sito web \u00e8:<\/p><p>OCCASNEAKS SAS<br>150 RUE DE LA DECOUVERTE<br \/>\nBUROPARC II &#8211; 3E ETAGE<br \/>\n31670 LABEGE<br>Francia<br>Email:&nbsp;<span class=\"cmplz-obfuscate\">&#098;&#111;uti&#113;ue@<span class=\"cmplz-fmail-domain\">e&#120;&#046;c&#111;&#109;<\/span>occas&#110;&#101;aks&#046;f&#114;<\/span><br>Numero di telefono: 0788464478<br>P. IVA:&nbsp;FR82949094551<\/p><p class=\"cmplz-subtitle\">I(l) rappresentanti(e) legale di OCCASNEAKS, SAS:<\/p><p>Hugo Trouche<\/p><h2>1. Generale<\/h2><p class=\"cmplz-subtitle\">1.1 Siamo registrati a Registre du Commerce et des Soci\u00e9t\u00e9s con il numero di licenza o di registrazione:<\/p><p>949 094 551 RCS TOULOUSE<\/p><p>Non siamo disposti o obbligati a partecipare a procedure di risoluzione delle controversie davanti a un comitato di arbitrato dei consumatori.<\/p><h2>2. La seguente informazioni \u00e8 obbligatoria in base alla legge Tedesca.<\/h2><p class=\"cmplz-subtitle\">2.1 Die Eigentumsanteile der Gesellschaft (Aktienkapital), die von ihr ausgegeben wurden:<\/p><p>10000,00<\/p><h2>3. Informazioni aggiuntive<\/h2><p>Responsable publication : Hugo Trouche \u2013 boutique@occasneaks.fr<br \/>\nLe responsable publication est une personne physique ou une personne morale.<br \/>\nWebmaster : Hugo Trouche \u2013 boutique@occasneaks.fr<br \/>\nH\u00e9bergeur : ovh \u2013 2 rue Kellermann 59100 Roubaix 1007<br \/>\nD\u00e9l\u00e9gu\u00e9 \u00e0 la protection des donn\u00e9es : Hugo Trouche \u2013 boutique@occasneaks.fr<\/p><\/div>","protected":false},"excerpt":{"rendered":"","protected":false},"author":4113,"featured_media":0,"parent":0,"menu_order":0,"comment_status":"closed","ping_status":"closed","template":"","meta":{"_acf_changed":false,"footnotes":""},"class_list":["post-819234","page","type-page","status-publish","hentry"],"acf":[],"_links":{"self":[{"href":"https:\/\/sell-officiel.com\/it\/wp-json\/wp\/v2\/pages\/819234","targetHints":{"allow":["GET"]}}],"collection":[{"href":"https:\/\/sell-officiel.com\/it\/wp-json\/wp\/v2\/pages"}],"about":[{"href":"https:\/\/sell-officiel.com\/it\/wp-json\/wp\/v2\/types\/page"}],"author":[{"embeddable":true,"href":"https:\/\/sell-officiel.com\/it\/wp-json\/wp\/v2\/users\/4113"}],"replies":[{"embeddable":true,"href":"https:\/\/sell-officiel.com\/it\/wp-json\/wp\/v2\/comments?post=819234"}],"version-history":[{"count":1,"href":"https:\/\/sell-officiel.com\/it\/wp-json\/wp\/v2\/pages\/819234\/revisions"}],"predecessor-version":[{"id":821099,"href":"https:\/\/sell-officiel.com\/it\/wp-json\/wp\/v2\/pages\/819234\/revisions\/821099"}],"wp:attachment":[{"href":"https:\/\/sell-officiel.com\/it\/wp-json\/wp\/v2\/media?parent=819234"}],"curies":[{"name":"wp","href":"https:\/\/api.w.org\/{rel}","templated":true}]}}