{"id":819204,"date":"2025-04-28T11:16:33","date_gmt":"2025-04-28T09:16:33","guid":{"rendered":"https:\/\/www.occasneaks.fr\/declaration-de-confidentialite-za\/"},"modified":"2025-08-01T11:01:44","modified_gmt":"2025-08-01T09:01:44","slug":"declaration-de-confidentialite-za","status":"publish","type":"page","link":"https:\/\/sell-officiel.com\/it\/declaration-de-confidentialite-za\/","title":{"rendered":"D\u00e9claration de confidentialit\u00e9 (ZA)"},"content":{"rendered":"\n<!-- Legal document generated by Complianz | GDPR\/CCPA Cookie Consent https:\/\/wordpress.org\/plugins\/complianz-gdpr -->\n<div id=\"cmplz-document\" class=\"cmplz-document privacy-statement cmplz-document-za\"><p><i>Questa dichiarazione sulla privacy \u00e8 stata aggiornata l&#8217;ultima volta il 19 Marzo 2026 e si applica ai cittadini e ai residenti permanenti legali del Sud Africa.<\/i><br \/><br \/><\/p><p>In questa dichiarazione sulla privacy, spieghiamo cosa facciamo con i tuoi dati che otteniamo tramite <a href=\"https:\/\/sell-officiel.com\/it\/\">https:\/\/sell-officiel.com\/it\/<\/a>. Ti consigliamo di leggere attentamente questa dichiarazione. Nel nostro trattamento rispettiamo i requisiti della legislazione sulla privacy. Ci\u00f2 significa, tra l&#8217;altro, che:<\/p><ul>\n                <li>comunichiamo chiaramente il motivo per il quale processiamo dati personali. Facciamo questo per mezzo di questa dichiarazione sulla privacy;<\/li>\n                <li>miriamo a limitare la raccolta di dati personali solo ai dati personali richiesti per scopi legittimi;<\/li>\n                <li>prima chiediamo il tuo esplicito consenso per processare i tuoi dati personali nei casi che richiedono il tuo consenso;<\/li>\n                <li>adottiamo misure di sicurezza appropriate per proteggere i tuoi dati personali e lo richiediamo anche da parti che elaborano dati personali per nostro conto;<\/li>\n                <li>rispettiamo il tuo diritto di accesso ai tuoi dati personali o di averli corretti o cancellati, su tua richiesta.<\/li>\n            <\/ul><p>Se hai domande o vuoi sapere esattamente quali dati conserviamo, contattaci.<\/p><h2>1. Scopo, dati e periodo di conservazione<\/h2>Possiamo raccogliere o ricevere informazioni personali per una serie di scopi legati alle nostre operazioni commerciali che possono includere quanto segue: (clicca per espandere)<details class=\"cmplz-dropdown dropdown-privacy-statement\"><summary><div><h3>1.1 Contatto &#8211; Tramite telefono, posta, email e\/o moduli web<\/h3><\/div><\/summary><p class=\"cmplz-subtitle\">Per questo scopo usiamo i seguenti dati:<\/p><p><ul><li>Un nome e cognome<\/li><li>Un indirizzo email<\/li><li>Un numero di telefono<\/li><\/ul><\/p><p class=\"cmplz-subtitle\">Periodo di conservazione<\/p><p>Conserviamo questi dati fino al termine del servizio.<\/p><\/details><details class=\"cmplz-dropdown dropdown-privacy-statement\"><summary><div><h3>1.2 Pagamenti<\/h3><\/div><\/summary><p class=\"cmplz-subtitle\">Per questo scopo usiamo i seguenti dati:<\/p><p><ul><li>Un nome e cognome<\/li><li>Indirizzo IP<\/li><\/ul><\/p><p class=\"cmplz-subtitle\">Periodo di conservazione<\/p><p>Conserviamo questi dati al termine del servizio per il seguente numero di mesi: 120<\/p><\/details><details class=\"cmplz-dropdown dropdown-privacy-statement\"><summary><div><h3>1.3 Registrazione account<\/h3><\/div><\/summary><p class=\"cmplz-subtitle\">Per questo scopo usiamo i seguenti dati:<\/p><p><ul><li>Un nome e cognome<\/li><li>Un indirizzo email<\/li><li>Indirizzo IP<\/li><li>Una casa oppure un differente indirizzo fisico, incluso nome della via e citt\u00e0<\/li><li>Un numero di telefono<\/li><\/ul><\/p><p class=\"cmplz-subtitle\">Periodo di conservazione<\/p><p>Conserviamo questi dati al termine del servizio per il seguente numero di mesi: 120<\/p><\/details><details class=\"cmplz-dropdown dropdown-privacy-statement\"><summary><div><h3>1.4 Newsletter<\/h3><\/div><\/summary><p class=\"cmplz-subtitle\">Per questo scopo usiamo i seguenti dati:<\/p><p><ul><li>Un nome e cognome<\/li><li>Un indirizzo email<\/li><\/ul><\/p><p class=\"cmplz-subtitle\">Periodo di conservazione<\/p><p>Conserviamo questi dati fino al termine del servizio.<\/p><\/details><details class=\"cmplz-dropdown dropdown-privacy-statement\"><summary><div><h3>1.5 Compilazione ed analisi di statistiche per migliore il sito.<\/h3><\/div><\/summary><p class=\"cmplz-subtitle\">Per questo scopo usiamo i seguenti dati:<\/p><p><ul><li>Dati geolocalizzazione<\/li><li>Indirizzo IP<\/li><\/ul><\/p><p class=\"cmplz-subtitle\">Periodo di conservazione<\/p><p>Conserviamo questi dati fino al termine del servizio.<\/p><\/details><details class=\"cmplz-dropdown dropdown-privacy-statement\"><summary><div><h3>1.6 Recapiti<\/h3><\/div><\/summary><p class=\"cmplz-subtitle\">Per questo scopo usiamo i seguenti dati:<\/p><p><ul><li>Un nome e cognome<\/li><li>Una casa oppure un differente indirizzo fisico, incluso nome della via e citt\u00e0<\/li><li>Un indirizzo email<\/li><li>Un numero di telefono<\/li><li>Indirizzo IP<\/li><\/ul><\/p><p class=\"cmplz-subtitle\">Periodo di conservazione<\/p><p>Conserviamo questi dati al termine del servizio per il seguente numero di mesi: 120<\/p><\/details><details class=\"cmplz-dropdown dropdown-privacy-statement\"><summary><div><h3>1.7 Per supportare servizi o prodotti che un cliente vogliono o hanno comprato<\/h3><\/div><\/summary><p class=\"cmplz-subtitle\">Per questo scopo usiamo i seguenti dati:<\/p><p><ul><li>Un nome e cognome<\/li><li>Nome account o alias<\/li><li>Una casa oppure un differente indirizzo fisico, incluso nome della via e citt\u00e0<\/li><li>Un indirizzo email<\/li><li>Un numero di telefono<\/li><li>Indirizzo IP<\/li><\/ul><\/p><p class=\"cmplz-subtitle\">Periodo di conservazione<\/p><p>Conserviamo questi dati al termine del servizio per il seguente numero di mesi: 120<\/p><\/details><h2>2. Cosa succede se non ci fornisci i tuoi dati personali?<\/h2><p>Se non ci fornisci le tue informazioni personali, potremmo non essere in grado di fornirti le informazioni, i prodotti o l&#8217;assistenza che stai cercando.<\/p><h2>3. Cookie<\/h2>Il nostro sito web usa cookie. Per ulteriori informazioni riguardo i cookie, per favore fai riferimento alla nostra <a href=\"https:\/\/sell-officiel.com\/it\/politique-de-cookies-za\/\">Cookie Policy<\/a>.&nbsp;<h2>4. Pratiche di divulgazione<\/h2><p><p>Comunichiamo informazioni personali se ci viene richiesto dalla legge o da un ordine del tribunale, in risposta a un&#8217;autorit\u00e0 incaricata dell&#8217;applicazione della legge, nella misura consentita da altre disposizioni di legge, per fornire informazioni o per un&#8217;indagine su una questione relativa alla sicurezza pubblica.<\/p><p>Se il nostro sito Web o organizzazione viene rilevato, venduto o coinvolto in una fusione o acquisizione, i tuoi dati potrebbero essere divulgati ai nostri consulenti e a eventuali potenziali acquirenti e saranno trasmessi ai nuovi proprietari.<\/p><\/p>Abbiamo concluso un accordo di elaborazione dei dati con Google.Google non pu\u00f2 utilizzare i dati per altri servizi di Google.L&#8217;inclusione di indirizzi IP interi \u00e8 bloccato da noi.<h2>5. Sicurezza<\/h2>Ci impegniamo per la sicurezza dei dati personali. Prendiamo adeguate misure di sicurezza per limitare l&#8217;abuso e l&#8217;accesso non autorizzato ai dati personali. Ci\u00f2 garantisce che solo le persone necessarie abbiano accesso ai tuoi dati, che l&#8217;accesso ai dati sia protetto e che le nostre misure di sicurezza vengano regolarmente riviste.<p>Le misure di sicurezza che usiamo consistono in:<\/p><ul><li>Sicurezza d&#039;Accesso<\/li><li>DKIM, SPF, DMARC e altre impostazioni DNS specifiche<\/li><li>Crittografia (START)TLS \/ SSL \/ DANE<\/li><li>Hardening Sito\/Funzioni di Sicurezza<\/li><li>Rilevamento vulnerabilit\u00e0<\/li><li>HTTP Strict Transport Security e relative intestazioni di sicurezza e politiche del browser<\/li><\/ul><h2>6. Siti web di terze parti<\/h2>Questa dichiarazione sulla privacy non si applica ai siti web di terzi collegati tramite link sul nostro sito web. Non possiamo garantire che queste terze parti gestiscano i vostri dati personali in modo affidabile e sicuro. Vi consigliamo di leggere le dichiarazioni sulla privacy di questi siti web prima di utilizzarli.<h2>7. Ammende riguardo questa dichiarazione della privacy<\/h2>Ci riserviamo il diritto di apportare modifiche alla presente dichiarazione sulla privacy. Si raccomanda di consultare regolarmente questa dichiarazione sulla privacy per essere a conoscenza di eventuali modifiche. Inoltre, ti informeremo attivamente laddove possibile.<h2>8. Accesso e modifica dei tuoi dati<\/h2><p>Se hai domande o vuoi sapere esattamente quali tuoi dati sono in nostro possesso, contattaci. Potrai contattarci usando le informazioni presenti qui sotto. Hai i seguenti diritti:<\/p><ul>\n                <li>Hai il diritto di sapere quando i tuoi dati personali sono necessari, cosa succede ad essi, quanto a lungo verranno mantenuti.<\/li>\n                <li>Diritto di accesso: hai il diritto ad accedere ai tuoi dati personali dei quali siamo a conoscenza.<\/li>\n                <li>Diritto di rettifica: hai il diritto di completare, correggere, cancellare o bloccare i tuoi dati personali quando lo desideri.<\/li>\n                <li>Se hai domande o problemi relativi al accessibilit\u00e0 del sito web, per favore non esitare a contattarci.<\/li>\n                <li>Diritto di obiezione: hai il diritto di obiezione verso il processo dei tuoi dati. Noi rispetteremo questa scelta, a meno che non ci siano delle basi valide per il processo.<\/li>\n            <\/ul><p>Assicurati di segnalare sempre in modo chiaro chi sei, cos\u00ec da essere certi di non cancellare o modificare i dati di un una persona sbagliata.<\/p><h2>9. Invio di un reclamo<\/h2>Se non siete soddisfatti del modo in cui gestiamo (un reclamo) il trattamento dei vostri dati personali, avete il diritto di presentare un reclamo all&#8217;Information Regulator South Africa:<br \/>P.O Box 31533,\n\t\t\t\t\t\t<br \/>Braamfontein,\n\t\t\t\t\t\t<br \/>Johannesburg,\n\t\t\t\t\t\t<br \/>2017\n\t\t\t\t\t\t<br \/>Email per reclami:complaints.IR@justice.gov.za<h2>10. Bambino<\/h2><p>Il nostro sito Web non \u00e8 progettato per attirare i bambini e non \u00e8 nostra intenzione raccogliere dati personali da minori di et\u00e0 inferiore al consenso nel loro paese di residenza. Pertanto chiediamo che i minori di et\u00e0 inferiore al consenso non ci inviino alcun dato personale.<\/p><h2>11. Dettagli contatti<\/h2><p>OCCASNEAKS<br \/>\n        150 RUE DE LA DECOUVERTE<br \/>\nBUROPARC II &#8211; 3E ETAGE<br \/>\n31670 LABEGE<br \/>\n        Francia<br \/>\n        Sito web: <a href=\"https:\/\/sell-officiel.com\/it\/\">https:\/\/sell-officiel.com\/it\/<\/a> <br \/>\n        Email: <span class=\"cmplz-obfuscate\">b&#111;utique@<span class=\"cmplz-fmail-domain\">&#101;&#120;&#046;c&#111;&#109;<\/span>&#111;&#099;&#099;a&#115;n&#101;a&#107;&#115;.f&#114;<\/span> <br \/>\n        Numero di telefono: 0788464478<\/p><h2>12. Richiesta Dati<\/h2><p>Per le richieste pi\u00f9 frequenti offriamo la possibilit\u00e0 di usare il nostro modulo di richiesta dati<br \/>\t\t\t<div class=\"cmplz-datarequest cmplz-alert\">\n\t\t\t\t<span class=\"cmplz-close\">&times;<\/span>\n\t\t\t\t<span id=\"cmplz-message\"><\/span>\n\t\t\t<\/div>\n\t\t\t<form id=\"cmplz-datarequest-form\">\n\t\t\t\t<input type=\"hidden\" required value=\"za\" name=\"cmplz_datarequest_region\" id=\"cmplz_datarequest_region\" >\n\n\t\t\t\t<label for=\"cmplz_datarequest_firstname\" class=\"cmplz-first-name\">Nome\t\t\t\t\t<input type=\"search\" class=\"datarequest-firstname\" value=\"\" placeholder=\"your first name\" id=\"cmplz_datarequest_firstname\" name=\"cmplz_datarequest_firstname\" >\n\t\t\t\t<\/label>\n\t\t\t\t<div>\n\t\t\t\t\t<label for=\"cmplz_datarequest_name\">Nome<\/label>\n\t\t\t\t\t<input type=\"text\" required value=\"\" placeholder=\"Il tuo nome\" id=\"cmplz_datarequest_name\" name=\"cmplz_datarequest_name\">\n\t\t\t\t<\/div>\n\t\t\t\t<div>\n\t\t\t\t\t<label for=\"cmplz_datarequest_email\">Email<\/label>\n\t\t\t\t\t<input type=\"email\" required value=\"\" placeholder=\"email@email.com\" id=\"cmplz_datarequest_email\" name=\"cmplz_datarequest_email\">\n\t\t\t\t<\/div>\n\t\t\t\t\t\t\t\t\t\t<div class=\"cmplz_datarequest cmplz_datarequest_request_for_access\">\n\t\t\t\t\t\t\t<label for=\"cmplz_datarequest_request_for_access\">\n\t\t\t\t\t\t\t\t<input type=\"checkbox\" value=\"1\" name=\"cmplz_datarequest_request_for_access\" id=\"cmplz_datarequest_request_for_access\"\/>\n\t\t\t\t\t\t\t\tInvia una richiesta per accedere ai tuoi dati che trattiamo.\t\t\t\t\t\t\t<\/label>\n\t\t\t\t\t\t<\/div>\n\t\t\t\t\t\t\t\t\t\t<div class=\"cmplz_datarequest cmplz_datarequest_right_to_be_forgotten\">\n\t\t\t\t\t\t\t<label for=\"cmplz_datarequest_right_to_be_forgotten\">\n\t\t\t\t\t\t\t\t<input type=\"checkbox\" value=\"1\" name=\"cmplz_datarequest_right_to_be_forgotten\" id=\"cmplz_datarequest_right_to_be_forgotten\"\/>\n\t\t\t\t\t\t\t\tInvia una richiesta per la cancellazione di dati se non pi\u00f9 rilevanti.\t\t\t\t\t\t\t<\/label>\n\t\t\t\t\t\t<\/div>\n\t\t\t\t\t\t\t\t\t\t<div class=\"cmplz_datarequest cmplz_datarequest_right_to_data_portability\">\n\t\t\t\t\t\t\t<label for=\"cmplz_datarequest_right_to_data_portability\">\n\t\t\t\t\t\t\t\t<input type=\"checkbox\" value=\"1\" name=\"cmplz_datarequest_right_to_data_portability\" id=\"cmplz_datarequest_right_to_data_portability\"\/>\n\t\t\t\t\t\t\t\tInvia una richiesta per ricevere un file da esportazione dei tuoi dati che trattiamo.\t\t\t\t\t\t\t<\/label>\n\t\t\t\t\t\t<\/div>\n\t\t\t\t\t\t\t\t<input type=\"button\" id=\"cmplz-datarequest-submit\"  value=\"Invia\">\n\t\t\t<\/form>\n\n\t\t\t<style>\n\t\t\t\t\/* first-name is honeypot *\/\n\t\t\t\t.cmplz-first-name {\n\t\t\t\t\tposition: absolute !important;\n\t\t\t\t\tleft: -5000px !important;\n\t\t\t\t}\n\t\t\t<\/style>\n\t\t\t<\/p><p>Abbiamo nominato un referente per le politiche e le pratiche dell&#8217;organizzazione e al quale possono essere inoltrati reclami o richieste:<br \/>Hugo Trouche<br \/>150 RUE DE LA DECOUVERTE<br \/>\nBUROPARC II &#8211; 3E ETAGE<br \/>\n31670 LABEGE<\/p><\/div>","protected":false},"excerpt":{"rendered":"","protected":false},"author":4113,"featured_media":0,"parent":0,"menu_order":0,"comment_status":"closed","ping_status":"closed","template":"","meta":{"_acf_changed":false,"footnotes":""},"class_list":["post-819204","page","type-page","status-publish","hentry"],"acf":[],"_links":{"self":[{"href":"https:\/\/sell-officiel.com\/it\/wp-json\/wp\/v2\/pages\/819204","targetHints":{"allow":["GET"]}}],"collection":[{"href":"https:\/\/sell-officiel.com\/it\/wp-json\/wp\/v2\/pages"}],"about":[{"href":"https:\/\/sell-officiel.com\/it\/wp-json\/wp\/v2\/types\/page"}],"author":[{"embeddable":true,"href":"https:\/\/sell-officiel.com\/it\/wp-json\/wp\/v2\/users\/4113"}],"replies":[{"embeddable":true,"href":"https:\/\/sell-officiel.com\/it\/wp-json\/wp\/v2\/comments?post=819204"}],"version-history":[{"count":1,"href":"https:\/\/sell-officiel.com\/it\/wp-json\/wp\/v2\/pages\/819204\/revisions"}],"predecessor-version":[{"id":821087,"href":"https:\/\/sell-officiel.com\/it\/wp-json\/wp\/v2\/pages\/819204\/revisions\/821087"}],"wp:attachment":[{"href":"https:\/\/sell-officiel.com\/it\/wp-json\/wp\/v2\/media?parent=819204"}],"curies":[{"name":"wp","href":"https:\/\/api.w.org\/{rel}","templated":true}]}}