{"id":686257,"date":"2024-11-30T01:34:00","date_gmt":"2024-11-30T00:34:00","guid":{"rendered":"https:\/\/www.occasneaks.fr\/?page_id=686257"},"modified":"2025-01-30T17:33:21","modified_gmt":"2025-01-30T16:33:21","slug":"informazioni-buy-back","status":"publish","type":"page","link":"https:\/\/sell-officiel.com\/it\/informazioni-buy-back\/","title":{"rendered":"Informazioni Buy-back"},"content":{"rendered":"<h1>Occasneaks riacquista il vostro paio<\/h1>\n<h2>Volete vendere una coppia di lusso?<\/h2>\n<div>\n<p>Risparmia tempo con Occasneaks:<br \/>&gt; Riacquistiamo le tue sneakers per offrirle sul nostro Shop.<br \/>&gt; Prima di compilare il modulo di trade-in con alcune informazioni e foto del tuo paio, controlla che sia conforme alle nostre condizioni di trade-in.<\/p>\n<p>.<\/p><\/div>\n<p>\n    <a href=\"\/it\/modulo-di-permuta\/\">Accedere al modulo<\/a>\n<\/p>\n<h2>Condizioni di permuta<\/h2>\n<ul>\n<li>\n<p>        <img decoding=\"async\" src=\"\/wp-content\/uploads\/2024\/11\/plume.svg\" alt=\"\"><\/p>\n<h3>Marchi ammissibili<\/h3>\n<div>\n<p>I modelli elencati nella pagina &#8220;Sold Out!&#8221; vi daranno un&#8217;idea delle coppie che corrispondono alla nostra selezione.<br \/>&gt; Accettiamo anche proposte per marche o modelli meno comuni, ma i marchi preferiti dai nostri clienti avranno la priorit\u00e0.<\/p>\n<\/div>\n<\/li>\n<li>\n<p>        <img decoding=\"async\" src=\"\/wp-content\/uploads\/2024\/11\/oeil.svg\" alt=\"\"><\/p>\n<h3>Stato richiesto<\/h3>\n<div>\n<p>&gt; Occasneaks \u00e8 alla ricerca di sneakers di case di lusso o di designer di fascia alta, selezionate per la qualit\u00e0 dei materiali.<br \/>&gt; I modelli elencati nella pagina &#8220;Sold Out!&#8221; vi daranno un&#8217;idea delle paia che corrispondono alla nostra selezione.<br \/>&gt; Accettiamo anche proposte per marche o modelli meno comuni, ma le marche preferite dai nostri clienti avranno la priorit\u00e0.<\/p>\n<\/div>\n<\/li>\n<\/ul>\n<hr>\n<p>[fa6-light&#8211;circle-check]<\/p>\n<div>\n<p>Se pensate che la vostra coppia sia da inserire nello Shop, seguite i passi del modulo per inviare la vostra richiesta.<\/p>\n<\/div>\n<hr>\n<p><img decoding=\"async\" src=\"\/wp-content\/uploads\/2024\/11\/Photoroom_020_20241109_162419.png\" alt=\"\"><\/p>\n<h2>Processus<\/h2>\n<ul>\n<li>\n<h3>Proposta di acquisizione<\/h3>\n<div>Compilate il modulo e inviate la vostra coppia a Occasneaks.<\/div>\n<\/li>\n<li>\n<h3>Occasneaks offre<\/h3>\n<div>Se la vostra coppia \u00e8 idonea, riceverete un&#8217;offerta (che pu\u00f2 essere uguale o inferiore alla vostra stima).<\/div>\n<\/li>\n<li>\n<h3>Preparazione della spedizione<\/h3>\n<div>Se siete soddisfatti dell&#8217;offerta, accettatela e riceverete una bolla di accompagnamento prepagata.<br \/>&gt; Applicatela al vostro pacco e spedite la vostra coppia alla nostra sede.<\/div>\n<\/li>\n<li>\n<h3>Acheggiamento<\/h3>\n<div>Il vostro pacco \u00e8 gestito da La Poste e arriva entro 2 giorni lavorativi.<\/div>\n<\/li>\n<li>\n<h3>Ricevuta e pagamento<\/h3>\n<div>Una volta ricevuta la coppia, verificheremo che sia conforme alle foto inviate.<br \/>&gt; Se \u00e8 approvata, il pagamento sar\u00e0 effettuato tramite bonifico bancario entro 3-5 giorni lavorativi.<br \/>&gt; Se non \u00e8 conforme, sar\u00e0 responsabile delle spese di restituzione della coppia, che le sar\u00e0 rispedita una volta ricevuto il pagamento.<\/div>\n<\/li>\n<li>\n<h3>Chiusura dell&#8217;acquisizione<\/h3>\n<div>Vi invieremo tutte le informazioni necessarie per la vostra acquisizione :<br \/>&gt; Pacco spedito il&#8230;<br \/>&gt; Trasferimento effettuato il&#8230;<br \/>&gt; Possibile commento di Occasneaks.<\/div>\n<\/li>\n<\/ul>\n<h2>Perch\u00e9 una permuta pu\u00f2 essere rifiutata?<\/h2>\n<div>\n<p>I resi possono essere rifiutati se il paio non \u00e8 autentico o non corrisponde alle foto fornite (ad es. fori, strappi non menzionati)..<\/p>\n<p>\u26a1 Suggerimento: per garantire l&#8217;accettazione, inviate la vostra coppia seguendo scrupolosamente il modulo!<\/p>\n<\/div>\n<p>\n    <a href=\"\/it\/modulo-di-permuta\/\">Accedere al modulo<\/a>\n<\/p>\n<p><!--more--><br \/>\n<!-- {\"type\":\"layout\",\"children\":[{\"type\":\"section\",\"props\":{\"image\":\"wp-content\\\/uploads\\\/2024\\\/11\\\/background-reprises.png\",\"image_position\":\"center-center\",\"media_overlay\":\"rgba(0, 0, 0, 0.68)\",\"padding\":\"large\",\"style\":\"default\",\"title_breakpoint\":\"xl\",\"title_position\":\"top-left\",\"title_rotation\":\"left\",\"vertical_align\":\"middle\",\"width\":\"default\"},\"children\":[{\"type\":\"row\",\"children\":[{\"type\":\"column\",\"props\":{\"image_position\":\"center-center\",\"position_sticky_breakpoint\":\"m\"},\"children\":[{\"type\":\"headline\",\"props\":{\"block_align\":\"center\",\"content\":\"Occasneaks riacquista il vostro paio\",\"maxwidth\":\"xlarge\",\"text_align\":\"center\",\"title_element\":\"h1\",\"title_style\":\"heading-xlarge\"}}]}]}]},{\"type\":\"section\",\"props\":{\"image_position\":\"center-center\",\"style\":\"default\",\"title_breakpoint\":\"xl\",\"title_position\":\"top-left\",\"title_rotation\":\"left\",\"vertical_align\":\"middle\",\"width\":\"xsmall\"},\"children\":[{\"type\":\"row\",\"children\":[{\"type\":\"column\",\"props\":{\"image_position\":\"center-center\",\"position_sticky_breakpoint\":\"m\"},\"children\":[{\"type\":\"headline\",\"props\":{\"content\":\"Volete vendere una coppia di lusso?\",\"title_element\":\"h2\"}},{\"type\":\"text\",\"props\":{\"column_breakpoint\":\"m\",\"content\":\"\n\n<p>Risparmia tempo con Occasneaks:<br \\\/>&gt; Riacquistiamo le tue sneakers per offrirle sul nostro Shop.<br \\\/>&gt; Prima di compilare il modulo di trade-in con alcune informazioni e foto del tuo paio, controlla che sia conforme alle nostre condizioni di trade-in.<\\\/p>.\",\"margin\":\"default\"}},{\"type\":\"button\",\"props\":{\"grid_column_gap\":\"small\",\"grid_row_gap\":\"small\",\"margin\":\"large\",\"text_align\":\"center\"},\"children\":[{\"type\":\"button_item\",\"props\":{\"button_style\":\"default\",\"content\":\"Accedere al modulo\",\"icon\":\"fa6-light--arrow-right\",\"icon_align\":\"right\",\"link\":\"it\\\/modulo-di-permuta\\\/\"}}]},{\"type\":\"headline\",\"props\":{\"content\":\"Condizioni di permuta\",\"title_element\":\"h2\"}},{\"type\":\"switcher\",\"props\":{\"content_column_breakpoint\":\"m\",\"image_align\":\"top\",\"image_grid_breakpoint\":\"m\",\"image_grid_width\":\"1-2\",\"image_svg_color\":\"emphasis\",\"link_style\":\"default\",\"link_text\":\"Read more\",\"margin\":\"default\",\"meta_align\":\"below-title\",\"meta_element\":\"div\",\"meta_style\":\"text-meta\",\"nav\":\"tab\",\"nav_align\":\"left\",\"nav_grid_breakpoint\":\"m\",\"nav_grid_width\":\"auto\",\"nav_position\":\"top\",\"show_content\":true,\"show_image\":true,\"show_label\":true,\"show_link\":true,\"show_meta\":true,\"show_thumbnail\":true,\"show_title\":true,\"switcher_animation\":\"fade\",\"switcher_height\":true,\"thumbnav_height\":\"75\",\"thumbnav_svg_color\":\"emphasis\",\"thumbnav_width\":\"100\",\"title_align\":\"top\",\"title_element\":\"h3\",\"title_grid_breakpoint\":\"m\",\"title_grid_width\":\"1-2\"},\"children\":[{\"type\":\"switcher_item\",\"props\":{\"content\":\"\n\n<p>I modelli elencati nella pagina \\\"Sold Out!\\\" vi daranno un'idea delle coppie che corrispondono alla nostra selezione.<br \\\/>&gt; Accettiamo anche proposte per marche o modelli meno comuni, ma i marchi preferiti dai nostri clienti avranno la priorit\\u00e0.<\\\/p>\",\"image\":\"wp-content\\\/uploads\\\/2024\\\/11\\\/plume.svg\",\"thumbnail\":\"wp-content\\\/uploads\\\/2024\\\/11\\\/plume.svg\",\"title\":\"Marchi ammissibili\"}},{\"type\":\"switcher_item\",\"props\":{\"content\":\"\n\n<p>&gt; Occasneaks \\u00e8 alla ricerca di sneakers di case di lusso o di designer di fascia alta, selezionate per la qualit\\u00e0 dei materiali.<br \\\/>&gt; I modelli elencati nella pagina \\\"Sold Out!\\\" vi daranno un'idea delle paia che corrispondono alla nostra selezione.<br \\\/>&gt; Accettiamo anche proposte per marche o modelli meno comuni, ma le marche preferite dai nostri clienti avranno la priorit\\u00e0.<\\\/p>\",\"image\":\"wp-content\\\/uploads\\\/2024\\\/11\\\/oeil.svg\",\"thumbnail\":\"wp-content\\\/uploads\\\/2024\\\/11\\\/plume.svg\",\"title\":\"Stato richiesto\"}}]}]}]}]},{\"type\":\"section\",\"props\":{\"image_position\":\"center-center\",\"style\":\"default\",\"title_breakpoint\":\"xl\",\"title_position\":\"top-left\",\"title_rotation\":\"left\",\"vertical_align\":\"middle\",\"width\":\"xsmall\"},\"children\":[{\"type\":\"row\",\"children\":[{\"type\":\"column\",\"props\":{\"image_position\":\"center-center\",\"position_sticky_breakpoint\":\"m\"},\"children\":[{\"type\":\"divider\",\"props\":{\"divider_element\":\"hr\"}}]}]},{\"type\":\"row\",\"props\":{\"layout\":\"1-5,4-5\"},\"children\":[{\"type\":\"column\",\"props\":{\"image_position\":\"center-center\",\"position_sticky_breakpoint\":\"m\",\"width_default\":\"1-5\",\"width_medium\":\"1-5\"},\"children\":[{\"type\":\"icon\",\"props\":{\"icon\":\"fa6-light--circle-check\",\"icon_width\":60,\"margin\":\"default\",\"text_align\":\"center\"}}]},{\"type\":\"column\",\"props\":{\"image_position\":\"center-center\",\"position_sticky_breakpoint\":\"m\",\"width_default\":\"4-5\",\"width_medium\":\"4-5\"},\"children\":[{\"type\":\"text\",\"props\":{\"column_breakpoint\":\"m\",\"content\":\"\n\n<p>Se pensate che la vostra coppia sia da inserire nello Shop, seguite i passi del modulo per inviare la vostra richiesta.<\\\/p>\",\"margin\":\"default\"}}]}]},{\"type\":\"row\",\"children\":[{\"type\":\"column\",\"props\":{\"image_position\":\"center-center\",\"position_sticky_breakpoint\":\"m\"},\"children\":[{\"type\":\"divider\",\"props\":{\"divider_element\":\"hr\"}}]}]},{\"type\":\"row\",\"children\":[{\"type\":\"column\",\"props\":{\"image_position\":\"center-center\",\"position_sticky_breakpoint\":\"m\"},\"children\":[{\"type\":\"image\",\"props\":{\"image\":\"wp-content\\\/uploads\\\/2024\\\/11\\\/Photoroom_020_20241109_162419.png\",\"image_focal_point\":\"bottom-center\",\"image_height\":350,\"image_svg_color\":\"emphasis\",\"image_width\":500,\"margin\":\"default\",\"text_align\":\"center\"}}]}]}]},{\"type\":\"section\",\"props\":{\"image_position\":\"center-center\",\"padding\":\"large\",\"padding_remove_top\":false,\"style\":\"secondary\",\"title_breakpoint\":\"xl\",\"title_position\":\"top-left\",\"title_rotation\":\"left\",\"vertical_align\":\"middle\",\"width\":\"default\"},\"children\":[{\"type\":\"row\",\"children\":[{\"type\":\"column\",\"props\":{\"image_position\":\"center-center\",\"position_sticky_breakpoint\":\"m\"},\"children\":[{\"type\":\"headline\",\"props\":{\"content\":\"Processus\",\"margin\":\"large\",\"title_element\":\"h2\"}},{\"type\":\"grid\",\"props\":{\"content_column_breakpoint\":\"m\",\"content_margin\":\"small\",\"filter_align\":\"left\",\"filter_all\":true,\"filter_grid_breakpoint\":\"m\",\"filter_grid_width\":\"auto\",\"filter_position\":\"top\",\"filter_style\":\"tab\",\"grid_column_gap\":\"large\",\"grid_default\":\"1\",\"grid_divider\":false,\"grid_large\":\"2\",\"grid_medium\":\"\",\"grid_row_gap\":\"large\",\"grid_small\":\"1\",\"grid_xlarge\":\"3\",\"icon_width\":\"30\",\"image_align\":\"left\",\"image_grid_breakpoint\":\"\",\"image_grid_column_gap\":\"medium\",\"image_grid_row_gap\":\"medium\",\"image_grid_width\":\"auto\",\"image_svg_color\":\"emphasis\",\"item_animation\":true,\"link_style\":\"default\",\"link_text\":\"Read more\",\"margin\":\"default\",\"meta_align\":\"below-title\",\"meta_element\":\"div\",\"meta_style\":\"text-meta\",\"show_content\":true,\"show_image\":true,\"show_link\":true,\"show_meta\":true,\"show_title\":true,\"title_align\":\"top\",\"title_element\":\"h3\",\"title_grid_breakpoint\":\"m\",\"title_grid_width\":\"1-2\",\"title_hover_style\":\"reset\",\"title_style\":\"heading-small\"},\"children\":[{\"type\":\"grid_item\",\"props\":{\"content\":\"Compilate il modulo e inviate la vostra coppia a Occasneaks.\",\"icon\":\"fa6-light--circle-1\",\"title\":\"Proposta di acquisizione\"}},{\"type\":\"grid_item\",\"props\":{\"content\":\"Se la vostra coppia \\u00e8 idonea, riceverete un'offerta (che pu\\u00f2 essere uguale o inferiore alla vostra stima).\",\"icon\":\"fa6-light--circle-2\",\"title\":\"Occasneaks offre\"}},{\"type\":\"grid_item\",\"props\":{\"content\":\"Se siete soddisfatti dell'offerta, accettatela e riceverete una bolla di accompagnamento prepagata.<br \\\/>&gt; Applicatela al vostro pacco e spedite la vostra coppia alla nostra sede.\",\"icon\":\"fa6-light--circle-3\",\"title\":\"Preparazione della spedizione\"}},{\"type\":\"grid_item\",\"props\":{\"content\":\"Il vostro pacco \\u00e8 gestito da La Poste e arriva entro 2 giorni lavorativi.\",\"icon\":\"fa6-light--circle-4\",\"title\":\"Acheggiamento\"}},{\"type\":\"grid_item\",\"props\":{\"content\":\"Una volta ricevuta la coppia, verificheremo che sia conforme alle foto inviate.<br \\\/>&gt; Se \\u00e8 approvata, il pagamento sar\\u00e0 effettuato tramite bonifico bancario entro 3-5 giorni lavorativi.<br \\\/>&gt; Se non \\u00e8 conforme, sar\\u00e0 responsabile delle spese di restituzione della coppia, che le sar\\u00e0 rispedita una volta ricevuto il pagamento.\",\"icon\":\"fa6-light--circle-5\",\"title\":\"Ricevuta e pagamento\"}},{\"type\":\"grid_item\",\"props\":{\"content\":\"Vi invieremo tutte le informazioni necessarie per la vostra acquisizione :<br \\\/>&gt; Pacco spedito il...<br \\\/>&gt; Trasferimento effettuato il...<br \\\/>&gt; Possibile commento di Occasneaks.\",\"icon\":\"fa6-light--circle-6\",\"title\":\"Chiusura dell'acquisizione\"}}]}]}]}]},{\"type\":\"section\",\"props\":{\"image_position\":\"center-center\",\"style\":\"default\",\"title_breakpoint\":\"xl\",\"title_position\":\"top-left\",\"title_rotation\":\"left\",\"vertical_align\":\"middle\",\"width\":\"xsmall\"},\"children\":[{\"type\":\"row\",\"children\":[{\"type\":\"column\",\"props\":{\"image_position\":\"center-center\",\"position_sticky_breakpoint\":\"m\"},\"children\":[{\"type\":\"headline\",\"props\":{\"content\":\"Perch\\u00e9 una permuta pu\\u00f2 essere rifiutata?\",\"title_element\":\"h2\"}},{\"type\":\"text\",\"props\":{\"column_breakpoint\":\"m\",\"content\":\"\n\n<p>I resi possono essere rifiutati se il paio non \\u00e8 autentico o non corrisponde alle foto fornite (ad es. fori, strappi non menzionati)..<\\\/p>\\n\n\n<p>\\u26a1 Suggerimento: per garantire l'accettazione, inviate la vostra coppia seguendo scrupolosamente il modulo!<\\\/p>\",\"margin\":\"default\"}},{\"type\":\"button\",\"props\":{\"grid_column_gap\":\"small\",\"grid_row_gap\":\"small\",\"margin\":\"large\",\"text_align\":\"center\"},\"children\":[{\"type\":\"button_item\",\"props\":{\"button_style\":\"default\",\"content\":\"Accedere al modulo\",\"icon\":\"fa6-light--arrow-right\",\"icon_align\":\"right\",\"link\":\"it\\\/modulo-di-permuta\\\/\"}}]}]}]}]}],\"version\":\"4.4.12\",\"yooessentialsVersion\":\"2.2.24\"} --><\/p>\n","protected":false},"excerpt":{"rendered":"<p>Occasneaks riacquista il vostro paio Volete vendere una coppia di lusso? Risparmia tempo con Occasneaks:&gt; Riacquistiamo le tue sneakers per offrirle sul nostro Shop.&gt; Prima di compilare il modulo di trade-in con alcune informazioni e foto del tuo paio, controlla che sia conforme alle nostre condizioni di trade-in. . Accedere al modulo Condizioni di permuta [&hellip;]<\/p>\n","protected":false},"author":4113,"featured_media":0,"parent":0,"menu_order":0,"comment_status":"closed","ping_status":"closed","template":"","meta":{"_acf_changed":false,"footnotes":""},"class_list":["post-686257","page","type-page","status-publish","hentry"],"acf":[],"_links":{"self":[{"href":"https:\/\/sell-officiel.com\/it\/wp-json\/wp\/v2\/pages\/686257","targetHints":{"allow":["GET"]}}],"collection":[{"href":"https:\/\/sell-officiel.com\/it\/wp-json\/wp\/v2\/pages"}],"about":[{"href":"https:\/\/sell-officiel.com\/it\/wp-json\/wp\/v2\/types\/page"}],"author":[{"embeddable":true,"href":"https:\/\/sell-officiel.com\/it\/wp-json\/wp\/v2\/users\/4113"}],"replies":[{"embeddable":true,"href":"https:\/\/sell-officiel.com\/it\/wp-json\/wp\/v2\/comments?post=686257"}],"version-history":[{"count":6,"href":"https:\/\/sell-officiel.com\/it\/wp-json\/wp\/v2\/pages\/686257\/revisions"}],"predecessor-version":[{"id":687060,"href":"https:\/\/sell-officiel.com\/it\/wp-json\/wp\/v2\/pages\/686257\/revisions\/687060"}],"wp:attachment":[{"href":"https:\/\/sell-officiel.com\/it\/wp-json\/wp\/v2\/media?parent=686257"}],"curies":[{"name":"wp","href":"https:\/\/api.w.org\/{rel}","templated":true}]}}