{"id":686150,"date":"2024-11-30T01:34:59","date_gmt":"2024-11-30T00:34:59","guid":{"rendered":"https:\/\/www.occasneaks.fr\/?page_id=686150"},"modified":"2025-01-30T18:41:20","modified_gmt":"2025-01-30T17:41:20","slug":"informazioni-sul-deposito-vendita","status":"publish","type":"page","link":"https:\/\/sell-officiel.com\/it\/informazioni-sul-deposito-vendita\/","title":{"rendered":"Informazioni sul deposito-vendita"},"content":{"rendered":"<h1>Vendi la tua coppia da Occasneaks<\/h1>\n<h2>\n<p>Occasneaks vi offre la possibilit\u00e0 di vendere il vostro paio su OCCASNEAKS!<\/p>\n<\/h2>\n<p>\n    <a href=\"\/it\/modulo-di-permuta\/\">Accedere al modulo<\/a>\n<\/p>\n<h2>Come funziona?<\/h2>\n<ul>\n<li>\n<h3>Proposta di acquisizione<\/h3>\n<div>\n<p>Compilate il modulo e inviate la vostra coppia a Occasneaks.<\/p>\n<\/div>\n<\/li>\n<li>\n<h3>Quotazione del prezzo<\/h3>\n<div>\n<p>Vi faremo un&#8217;offerta di prezzo che vi sar\u00e0 versata una volta che la coppia sar\u00e0 stata venduta sul sito.<\/p>\n<\/div>\n<\/li>\n<li>\n<h3>Preparazione della spedizione<\/h3>\n<div>\n<p>Le spedizioni vengono effettuate tramite Colissimo e il vostro pacco sar\u00e0 nei nostri uffici in media 3 giorni dopo la consegna presso un punto di smistamento.<\/p>\n<\/div>\n<\/li>\n<li>\n<h3>Spedizione<\/h3>\n<div>\n<p>Il vostro pacco \u00e8 gestito da La Poste e arriva entro 2 giorni lavorativi. OCCASNEAKS si fa carico delle spese di spedizione, non dovete pagare nulla.<\/p>\n<\/div>\n<\/li>\n<li>\n<h3>Ricezione e vendita<\/h3>\n<div>\n<p>Una volta che il vostro paio \u00e8 stato ricevuto dal nostro team, sarete immediatamente informati via e-mail e lo stato della vostra richiesta di vendita cambier\u00e0.<\/p>\n<p>Il vostro paio sar\u00e0 pulito, fotografato e messo online sul sito il giorno stesso. Una volta che il vostro paio \u00e8 su OCCASNEAKS, potrete seguirne la vendita in qualsiasi momento tramite un link privato alle vostre sneakers.<\/p>\n<\/div>\n<\/li>\n<li>\n<h3>Pagamento<\/h3>\n<div>\n<p>Una volta venduta la coppia, il nostro team effettuer\u00e0 il bonifico sul vostro conto bancario, che riceverete entro 2 o 3 giorni lavorativi.<\/p>\n<\/div>\n<\/li>\n<\/ul>\n<p>[fa6-light&#8211;stopwatch]<\/p>\n<h2>\n<p>Quanto tempo impiega in media una coppia per essere venduta su OCCASNEAKS?<\/p>\n<\/h2>\n<div>\n<p>Dovrete attendere in media 3 giorni prima di ricevere il bonifico bancario. La velocit\u00e0 di vendita dipende da diversi fattori: marca, modello, taglia, stagione.<\/p>\n<\/div>\n<p><img decoding=\"async\" src=\"\/wp-content\/uploads\/2024\/11\/Photoroom_026_20241109_162419.png\" alt=\"\"><\/p>\n<hr>\n<p>[fa6-light&#8211;comment-dollar]<\/p>\n<div>\n<p>Il nostro team di acquisto di OCCASNEAKS \u00e8 a disposizione per filtrare le sneaker al momento dell&#8217;offerta di permuta o di consegna. Se il vostro paio \u00e8 stato accettato sul sito, \u00e8 probabile che venga venduto rapidamente.<\/p>\n<\/div>\n<hr>\n<h2>\n<p>Una volta venduta la coppia!<\/p>\n<\/h2>\n<div>\n<p>Quando le vostre sneaker saranno vendute, vi sar\u00e0 inviata un&#8217;e-mail e lo stato del deposito di vendita sar\u00e0 modificato nella vostra area clienti (area clienti &gt; Le mie vendite). Le vostre sneaker saranno spedite al cliente che ha effettuato l&#8217;ordine il giorno stesso o il giorno successivo. Contemporaneamente, il nostro team Acquisti effettuer\u00e0 il bonifico bancario utilizzando le coordinate (RIB) che vi sono state richieste nel modulo di vendita.<\/p>\n<p>Se non avete ricevuto il bonifico bancario il giorno stesso, non preoccupatevi, arriver\u00e0 sul vostro conto corrente bancario solitamente 2 o 3 giorni lavorativi dopo la vendita.<\/p>\n<\/div>\n<h2>\n<p>Voglio indietro il mio paio o una riduzione del prezzo per accelerare la vendita?<\/p>\n<\/h2>\n<div>\n<p>OCCASNEAKS si concede 1 mese per vendere il vostro paio, dopo di che siete liberi di chiedere la restituzione del paio o di offrire un prezzo inferiore.<\/p>\n<p>A questo tipo di richiesta \u00e8 stata dedicata un&#8217;email: mesventes@occasneaks.fr<\/p>\n<p>Per qualsiasi domanda, inviate un&#8217;e-mail a questo indirizzo e il nostro team di acquisto vi risponder\u00e0 ogni giorno dal luned\u00ec al venerd\u00ec.<\/p>\n<\/div>\n<p>\n    <a href=\"\/it\/modulo-di-permuta\/\">Accedere al modulo<\/a>\n<\/p>\n<p><!--more--><br \/>\n<!-- {\"type\":\"layout\",\"children\":[{\"type\":\"section\",\"props\":{\"image\":\"wp-content\\\/uploads\\\/2024\\\/12\\\/IMG_2211-2.jpeg\",\"image_position\":\"top-center\",\"media_focal_point\":\"bottom-center\",\"media_overlay\":\"rgba(0, 0, 0, 0.68)\",\"padding\":\"large\",\"style\":\"default\",\"title_breakpoint\":\"xl\",\"title_position\":\"top-left\",\"title_rotation\":\"left\",\"vertical_align\":\"middle\",\"width\":\"default\"},\"children\":[{\"type\":\"row\",\"children\":[{\"type\":\"column\",\"props\":{\"image_position\":\"center-center\",\"position_sticky_breakpoint\":\"m\"},\"children\":[{\"type\":\"headline\",\"props\":{\"block_align\":\"center\",\"content\":\"Vendi la tua coppia da Occasneaks\",\"maxwidth\":\"xlarge\",\"text_align\":\"center\",\"title_element\":\"h1\",\"title_style\":\"heading-xlarge\"}}]}]}]},{\"type\":\"section\",\"props\":{\"image_position\":\"center-center\",\"style\":\"default\",\"title_breakpoint\":\"xl\",\"title_position\":\"top-left\",\"title_rotation\":\"left\",\"vertical_align\":\"middle\",\"width\":\"xsmall\"},\"children\":[{\"type\":\"row\",\"children\":[{\"type\":\"column\",\"props\":{\"image_position\":\"center-center\",\"position_sticky_breakpoint\":\"m\"},\"children\":[{\"type\":\"headline\",\"props\":{\"content\":\"\n\n<p>Occasneaks vi offre la possibilit\\u00e0 di vendere il vostro paio su OCCASNEAKS!<\\\/p>\",\"text_align\":\"center\",\"title_element\":\"h2\"}},{\"type\":\"button\",\"props\":{\"grid_column_gap\":\"small\",\"grid_row_gap\":\"small\",\"margin\":\"large\",\"text_align\":\"center\"},\"children\":[{\"type\":\"button_item\",\"props\":{\"button_style\":\"default\",\"content\":\"Accedere al modulo\",\"icon\":\"fa6-light--arrow-right\",\"icon_align\":\"right\",\"link\":\"it\\\/modulo-di-permuta\\\/\"}}]},{\"type\":\"headline\",\"props\":{\"content\":\"Come funziona?\",\"text_align\":\"center\",\"title_element\":\"h2\"}}]}]}]},{\"type\":\"section\",\"props\":{\"image_position\":\"center-center\",\"style\":\"secondary\",\"title_breakpoint\":\"xl\",\"title_position\":\"top-left\",\"title_rotation\":\"left\",\"vertical_align\":\"middle\",\"width\":\"default\"},\"children\":[{\"type\":\"row\",\"children\":[{\"type\":\"column\",\"props\":{\"image_position\":\"center-center\",\"position_sticky_breakpoint\":\"m\"},\"children\":[{\"type\":\"grid\",\"props\":{\"content_column_breakpoint\":\"m\",\"content_margin\":\"small\",\"filter_align\":\"left\",\"filter_all\":true,\"filter_grid_breakpoint\":\"m\",\"filter_grid_width\":\"auto\",\"filter_position\":\"top\",\"filter_style\":\"tab\",\"grid_column_gap\":\"large\",\"grid_default\":\"1\",\"grid_divider\":true,\"grid_large\":\"2\",\"grid_medium\":\"\",\"grid_row_gap\":\"large\",\"grid_small\":\"1\",\"grid_xlarge\":\"3\",\"icon_width\":80,\"image_align\":\"left\",\"image_grid_breakpoint\":\"\",\"image_grid_width\":\"auto\",\"image_svg_color\":\"emphasis\",\"item_animation\":true,\"link_style\":\"default\",\"link_text\":\"Read more\",\"margin\":\"default\",\"meta_align\":\"below-title\",\"meta_element\":\"div\",\"meta_style\":\"text-meta\",\"show_content\":true,\"show_image\":true,\"show_link\":true,\"show_meta\":true,\"show_title\":true,\"title_align\":\"top\",\"title_element\":\"h3\",\"title_grid_breakpoint\":\"m\",\"title_grid_width\":\"1-2\",\"title_hover_style\":\"reset\",\"title_style\":\"heading-small\"},\"children\":[{\"type\":\"grid_item\",\"props\":{\"content\":\"\n\n<p>Compilate il modulo e inviate la vostra coppia a Occasneaks.<\\\/p>\",\"icon\":\"fa6-light--circle-1\",\"title\":\"Proposta di acquisizione\"}},{\"type\":\"grid_item\",\"props\":{\"content\":\"\n\n<p>Vi faremo un'offerta di prezzo che vi sar\\u00e0 versata una volta che la coppia sar\\u00e0 stata venduta sul sito.<\\\/p>\",\"icon\":\"fa6-light--circle-2\",\"title\":\"Quotazione del prezzo\"}},{\"type\":\"grid_item\",\"props\":{\"content\":\"\n\n<p>Le spedizioni vengono effettuate tramite Colissimo e il vostro pacco sar\\u00e0 nei nostri uffici in media 3 giorni dopo la consegna presso un punto di smistamento.<\\\/p>\",\"icon\":\"fa6-light--circle-3\",\"title\":\"Preparazione della spedizione\"}},{\"type\":\"grid_item\",\"props\":{\"content\":\"\n\n<p>Il vostro pacco \\u00e8 gestito da La Poste e arriva entro 2 giorni lavorativi. OCCASNEAKS si fa carico delle spese di spedizione, non dovete pagare nulla.<\\\/p>\",\"icon\":\"fa6-light--circle-4\",\"title\":\"Spedizione\"}},{\"type\":\"grid_item\",\"props\":{\"content\":\"\n\n<p>Una volta che il vostro paio \\u00e8 stato ricevuto dal nostro team, sarete immediatamente informati via e-mail e lo stato della vostra richiesta di vendita cambier\\u00e0.<\\\/p>\\n\n\n<p>Il vostro paio sar\\u00e0 pulito, fotografato e messo online sul sito il giorno stesso. Una volta che il vostro paio \\u00e8 su OCCASNEAKS, potrete seguirne la vendita in qualsiasi momento tramite un link privato alle vostre sneakers.<\\\/p>\",\"icon\":\"fa6-light--circle-5\",\"title\":\"Ricezione e vendita\"}},{\"type\":\"grid_item\",\"props\":{\"content\":\"\n\n<p>Una volta venduta la coppia, il nostro team effettuer\\u00e0 il bonifico sul vostro conto bancario, che riceverete entro 2 o 3 giorni lavorativi.<\\\/p>\",\"icon\":\"fa6-light--circle-6\",\"title\":\"Pagamento\"}}]}]}]}]},{\"type\":\"section\",\"props\":{\"image_position\":\"center-center\",\"style\":\"default\",\"title_breakpoint\":\"xl\",\"title_position\":\"top-left\",\"title_rotation\":\"left\",\"vertical_align\":\"middle\",\"width\":\"xsmall\"},\"children\":[{\"type\":\"row\",\"children\":[{\"type\":\"column\",\"props\":{\"image_position\":\"center-center\",\"position_sticky_breakpoint\":\"m\"},\"children\":[{\"type\":\"icon\",\"props\":{\"icon\":\"fa6-light--stopwatch\",\"icon_width\":60,\"margin\":\"default\",\"text_align\":\"center\"}},{\"type\":\"headline\",\"props\":{\"content\":\"\n\n<p>Quanto tempo impiega in media una coppia per essere venduta su OCCASNEAKS?<\\\/p>\",\"text_align\":\"center\",\"title_element\":\"h2\"}}]}]},{\"type\":\"row\",\"children\":[{\"type\":\"column\",\"props\":{\"image_position\":\"center-center\",\"position_sticky_breakpoint\":\"m\"},\"children\":[{\"type\":\"text\",\"props\":{\"column_breakpoint\":\"m\",\"content\":\"\n\n<p>Dovrete attendere in media 3 giorni prima di ricevere il bonifico bancario. La velocit\\u00e0 di vendita dipende da diversi fattori: marca, modello, taglia, stagione.<\\\/p>\",\"margin\":\"default\"}}]}]},{\"type\":\"row\",\"children\":[{\"type\":\"column\",\"props\":{\"image_position\":\"center-center\",\"position_sticky_breakpoint\":\"m\"},\"children\":[{\"type\":\"image\",\"props\":{\"image\":\"wp-content\\\/uploads\\\/2024\\\/11\\\/Photoroom_026_20241109_162419.png\",\"image_focal_point\":\"bottom-center\",\"image_height\":350,\"image_svg_color\":\"emphasis\",\"image_width\":500,\"margin\":\"default\",\"text_align\":\"center\"}}]}]}]},{\"type\":\"section\",\"props\":{\"image_position\":\"center-center\",\"style\":\"default\",\"title_breakpoint\":\"xl\",\"title_position\":\"top-left\",\"title_rotation\":\"left\",\"vertical_align\":\"middle\",\"width\":\"xsmall\"},\"children\":[{\"type\":\"row\",\"children\":[{\"type\":\"column\",\"props\":{\"image_position\":\"center-center\",\"position_sticky_breakpoint\":\"m\"},\"children\":[{\"type\":\"divider\",\"props\":{\"divider_element\":\"hr\"}}]}]},{\"type\":\"row\",\"props\":{\"layout\":\"1-5,4-5\"},\"children\":[{\"type\":\"column\",\"props\":{\"image_position\":\"center-center\",\"position_sticky_breakpoint\":\"m\",\"vertical_align\":\"middle\",\"width_default\":\"1-5\",\"width_medium\":\"1-5\"},\"children\":[{\"type\":\"icon\",\"props\":{\"icon\":\"fa6-light--comment-dollar\",\"icon_width\":60,\"margin\":\"default\",\"text_align\":\"center\"}}]},{\"type\":\"column\",\"props\":{\"image_position\":\"center-center\",\"position_sticky_breakpoint\":\"m\",\"width_default\":\"4-5\",\"width_medium\":\"4-5\"},\"children\":[{\"type\":\"text\",\"props\":{\"column_breakpoint\":\"m\",\"content\":\"\n\n<p>Il nostro team di acquisto di OCCASNEAKS \\u00e8 a disposizione per filtrare le sneaker al momento dell'offerta di permuta o di consegna. Se il vostro paio \\u00e8 stato accettato sul sito, \\u00e8 probabile che venga venduto rapidamente.<\\\/p>\",\"margin\":\"default\"}}]}]},{\"type\":\"row\",\"children\":[{\"type\":\"column\",\"props\":{\"image_position\":\"center-center\",\"position_sticky_breakpoint\":\"m\"},\"children\":[{\"type\":\"divider\",\"props\":{\"divider_element\":\"hr\"}}]}]}]},{\"type\":\"section\",\"props\":{\"image_position\":\"center-center\",\"padding\":\"large\",\"padding_remove_top\":false,\"style\":\"secondary\",\"title_breakpoint\":\"xl\",\"title_position\":\"top-left\",\"title_rotation\":\"left\",\"vertical_align\":\"middle\",\"width\":\"default\"},\"children\":[{\"type\":\"row\",\"children\":[{\"type\":\"column\",\"props\":{\"image_position\":\"center-center\",\"position_sticky_breakpoint\":\"m\"},\"children\":[{\"type\":\"headline\",\"props\":{\"content\":\"\n\n<p>Una volta venduta la coppia!<\\\/p>\",\"margin\":\"large\",\"title_element\":\"h2\"}},{\"type\":\"text\",\"props\":{\"column_breakpoint\":\"m\",\"content\":\"\n\n<p>Quando le vostre sneaker saranno vendute, vi sar\\u00e0 inviata un'e-mail e lo stato del deposito di vendita sar\\u00e0 modificato nella vostra area clienti (area clienti &gt; Le mie vendite). Le vostre sneaker saranno spedite al cliente che ha effettuato l'ordine il giorno stesso o il giorno successivo. Contemporaneamente, il nostro team Acquisti effettuer\\u00e0 il bonifico bancario utilizzando le coordinate (RIB) che vi sono state richieste nel modulo di vendita.<\\\/p>\\n\n\n<p>Se non avete ricevuto il bonifico bancario il giorno stesso, non preoccupatevi, arriver\\u00e0 sul vostro conto corrente bancario solitamente 2 o 3 giorni lavorativi dopo la vendita.<\\\/p>\",\"margin\":\"default\"}}]}]}]},{\"type\":\"section\",\"props\":{\"image_position\":\"center-center\",\"style\":\"default\",\"title_breakpoint\":\"xl\",\"title_position\":\"top-left\",\"title_rotation\":\"left\",\"vertical_align\":\"middle\",\"width\":\"xsmall\"},\"children\":[{\"type\":\"row\",\"children\":[{\"type\":\"column\",\"props\":{\"image_position\":\"center-center\",\"position_sticky_breakpoint\":\"m\"},\"children\":[{\"type\":\"headline\",\"props\":{\"content\":\"\n\n<p>Voglio indietro il mio paio o una riduzione del prezzo per accelerare la vendita?<\\\/p>\",\"title_element\":\"h2\"}},{\"type\":\"text\",\"props\":{\"column_breakpoint\":\"m\",\"content\":\"\n\n<p>OCCASNEAKS si concede 1 mese per vendere il vostro paio, dopo di che siete liberi di chiedere la restituzione del paio o di offrire un prezzo inferiore.<\\\/p>\\n\n\n<p>A questo tipo di richiesta \\u00e8 stata dedicata un'email: mesventes@occasneaks.fr<\\\/p>\\n\n\n<p>Per qualsiasi domanda, inviate un'e-mail a questo indirizzo e il nostro team di acquisto vi risponder\\u00e0 ogni giorno dal luned\\u00ec al venerd\\u00ec.<\\\/p>\",\"margin\":\"default\"}},{\"type\":\"button\",\"props\":{\"grid_column_gap\":\"small\",\"grid_row_gap\":\"small\",\"margin\":\"large\",\"text_align\":\"center\"},\"children\":[{\"type\":\"button_item\",\"props\":{\"button_style\":\"default\",\"content\":\"Accedere al modulo\",\"icon\":\"fa6-light--arrow-right\",\"icon_align\":\"right\",\"link\":\"it\\\/modulo-di-permuta\\\/\"}}]}]}]}]}],\"version\":\"4.4.12\",\"yooessentialsVersion\":\"2.2.24\"} --><\/p>\n","protected":false},"excerpt":{"rendered":"<p>Vendi la tua coppia da Occasneaks Occasneaks vi offre la possibilit\u00e0 di vendere il vostro paio su OCCASNEAKS! Accedere al modulo Come funziona? Proposta di acquisizione Compilate il modulo e inviate la vostra coppia a Occasneaks. Quotazione del prezzo Vi faremo un&#8217;offerta di prezzo che vi sar\u00e0 versata una volta che la coppia sar\u00e0 stata [&hellip;]<\/p>\n","protected":false},"author":4113,"featured_media":0,"parent":0,"menu_order":0,"comment_status":"closed","ping_status":"closed","template":"","meta":{"_acf_changed":false,"footnotes":""},"class_list":["post-686150","page","type-page","status-publish","hentry"],"acf":[],"_links":{"self":[{"href":"https:\/\/sell-officiel.com\/it\/wp-json\/wp\/v2\/pages\/686150","targetHints":{"allow":["GET"]}}],"collection":[{"href":"https:\/\/sell-officiel.com\/it\/wp-json\/wp\/v2\/pages"}],"about":[{"href":"https:\/\/sell-officiel.com\/it\/wp-json\/wp\/v2\/types\/page"}],"author":[{"embeddable":true,"href":"https:\/\/sell-officiel.com\/it\/wp-json\/wp\/v2\/users\/4113"}],"replies":[{"embeddable":true,"href":"https:\/\/sell-officiel.com\/it\/wp-json\/wp\/v2\/comments?post=686150"}],"version-history":[{"count":2,"href":"https:\/\/sell-officiel.com\/it\/wp-json\/wp\/v2\/pages\/686150\/revisions"}],"predecessor-version":[{"id":687077,"href":"https:\/\/sell-officiel.com\/it\/wp-json\/wp\/v2\/pages\/686150\/revisions\/687077"}],"wp:attachment":[{"href":"https:\/\/sell-officiel.com\/it\/wp-json\/wp\/v2\/media?parent=686150"}],"curies":[{"name":"wp","href":"https:\/\/api.w.org\/{rel}","templated":true}]}}