{"id":86072,"date":"2019-09-03T06:45:05","date_gmt":"2019-09-03T04:45:05","guid":{"rendered":"https:\/\/www.occasneaks.fr\/renseignements\/"},"modified":"2025-01-30T19:14:30","modified_gmt":"2025-01-30T18:14:30","slug":"renseignements","status":"publish","type":"page","link":"https:\/\/sell-officiel.com\/es\/renseignements\/","title":{"rendered":"Nous"},"content":{"rendered":"<h1>El equipo Occasneaks<\/h1>\n<div>\n<p>Nuestro equipo est\u00e1 formado por 14 personas, cada una con una funci\u00f3n muy espec\u00edfica para ofrecerle el mejor servicio posible.<\/p>\n<p>Dividido en cuatro divisiones:<\/p>\n<h3>COMPRAR<\/h3>\n<p>Se encarga de desenterrar los mejores pares de zapatillas del mercado de segunda mano de lujo, respetando unos criterios estrictos para ofrecerle art\u00edculos relevantes al mejor precio.<\/p>\n<p>P\u00f3ngase en contacto con el equipo de Compras :<\/p>\n<ul>\n<li>Por correo electr\u00f3nico: mesventes@occasneaks.fr<\/li>\n<\/ul>\n<h3>POLIVALENTE<\/h3>\n<p>\u00a1Encargado de llevar la tienda!<\/p>\n<ul>\n<li>Preparar sus pedidos<\/li>\n<li>Presentaci\u00f3n de las zapatillas antes de que se publiquen en el sitio web<\/li>\n<li>Organizaci\u00f3n de la repoblaci\u00f3n<\/li>\n<\/ul>\n<h3>COMUNICACI\u00d3N<\/h3>\n<p>Responsable de crear contenidos atractivos y de alta calidad para nuestras redes sociales.<\/p>\n<h3>DESARROLLO WEB<\/h3>\n<p>Responsable de la gesti\u00f3n del sitio web: mejoras, mantenimiento y optimizaci\u00f3n.<\/p>\n<h3>SERVICIO \/ RELACIONES CON LOS CLIENTES<\/h3>\n<p>Responsable de responder a sus preguntas y resolver cualquier problema que pueda tener con sus pedidos.<\/p>\n<p>Contactar con el servicio posventa :<\/p>\n<ul>\n<li>Por correo electr\u00f3nico: Boutique@occasneaks.fr<\/li>\n<li>Por tel\u00e9fono: +33 6 79 74 33 39<\/li>\n<\/ul>\n<hr \/>\n<p><strong>\u00bfLe gustar\u00eda formar parte de nuestro equipo?<\/strong><br \/>Buscamos constantemente nuevos talentos que a\u00f1adir a nuestro joven y apasionado equipo. Presente su candidatura ahora y pruebe suerte:<\/p>\n<p><strong><a rel=\"noopener\"><span>recrutement.occasneaks<\/span><span>@gmail.com<\/span><\/a><\/strong><\/p>\n<\/div>\n<h1>Nuestras redes sociales<\/h1>\n<p><a href=\"https:\/\/www.instagram.com\/occasneaks\/?hl=fr\" rel=\"nofollow noopener\" target=\"_blank\"><img decoding=\"async\" src=\"\/wp-content\/uploads\/2024\/11\/logo-insta.svg\" alt=\"\"><\/a><br \/>\n<a href=\"https:\/\/www.tiktok.com\/@occasneaks\" rel=\"nofollow noopener\" target=\"_blank\"><img decoding=\"async\" src=\"\/wp-content\/uploads\/2024\/11\/logo-tiktok.svg\" alt=\"\"><\/a><\/p>\n<h2>Nuestros servicios<\/h2>\n<ul>\n<li>\n<h3>Productos<\/h3>\n<div>\n<p>&gt; Occasneaks adquiere sus zapatillas a trav\u00e9s de un servicio de intercambio seguro, que ofrece a los clientes la posibilidad de vender sus pares r\u00e1pidamente.<br \/>&gt; Cada par se autentica cuidadosamente. Si un par est\u00e1 a la venta en la Tienda, se garantiza que es 100% conforme. Los productos se limpian, se sustituyen los cordones si es necesario y el 80% de las zapatillas se venden con sus componentes originales (caja, bolsa guardapolvo, factura). Con cada compra se entrega una factura Occasneaks.<\/p>\n<\/div>\n<\/li>\n<li>\n<h3>Compras y entrega<\/h3>\n<div>\n<p>&gt; Las compras en OCCASNEAKS est\u00e1n aseguradas a trav\u00e9s de Stripe, PayPal, Apple Pay y Google Pay. El pago gratuito 4x es posible a trav\u00e9s de Paypal, tenga en cuenta que no todas las cuentas de PayPal son elegibles para este pago.<br \/>&gt; Los paquetes son enviados por Colissimo y entregados contra firma en un punto de relevo o en su domicilio, con un plazo de entrega de 3 a 4 d\u00edas laborables.<\/p>\n<\/div>\n<\/li>\n<li>\n<h3>Reclamaciones y devoluciones<\/h3>\n<div>\n<p>&gt; Tienes 14 d\u00edas para devolver un par si no te convence. Te devolveremos el dinero en un plazo de 5 d\u00edas desde la recepci\u00f3n, sin incluir los gastos de env\u00edo.<br \/>&gt; Para cualquier reclamaci\u00f3n, cambio en su pedido o devoluci\u00f3n, p\u00f3ngase en contacto con nosotros por correo electr\u00f3nico en boutique@occasneaks.fr, citando su n\u00famero de pedido para un procesamiento m\u00e1s r\u00e1pido.<\/p>\n<\/div>\n<\/li>\n<\/ul>\n<ul>\n<li>\n        <a href=\"\/mon-compte\/\"><\/a>\n    <\/li>\n<li>\n        <a href=\"#search\"><\/a>\n    <\/li>\n<li>\n        <a href=\"\/boutique\/\">En stock<\/a>\n    <\/li>\n<\/ul>\n<p><!--more--><br \/>\n<!-- {\"type\":\"layout\",\"children\":[{\"type\":\"section\",\"props\":{\"image\":\"wp-content\\\/uploads\\\/2024\\\/12\\\/copy_D339C79E-08DA-4E6D-80A7-019D53955145.mov\",\"image_position\":\"center-center\",\"image_size\":\"cover\",\"media_focal_point\":\"top-center\",\"media_overlay\":\"rgba(0, 0, 0, 0.68)\",\"padding\":\"large\",\"style\":\"default\",\"title_breakpoint\":\"xl\",\"title_position\":\"top-left\",\"title_rotation\":\"left\",\"vertical_align\":\"middle\",\"width\":\"default\"},\"children\":[{\"type\":\"row\",\"children\":[{\"type\":\"column\",\"props\":{\"image_position\":\"center-center\",\"position_sticky_breakpoint\":\"m\"},\"children\":[{\"type\":\"headline\",\"props\":{\"block_align\":\"center\",\"content\":\"El equipo Occasneaks\",\"maxwidth\":\"xlarge\",\"text_align\":\"center\",\"title_element\":\"h1\",\"title_style\":\"heading-xlarge\"}}]}]}]},{\"type\":\"section\",\"props\":{\"image_position\":\"center-center\",\"style\":\"default\",\"title_breakpoint\":\"xl\",\"title_position\":\"top-left\",\"title_rotation\":\"left\",\"vertical_align\":\"middle\",\"width\":\"xsmall\"},\"children\":[{\"type\":\"row\",\"children\":[{\"type\":\"column\",\"props\":{\"image_position\":\"center-center\",\"position_sticky_breakpoint\":\"m\"},\"children\":[{\"type\":\"text\",\"props\":{\"column_breakpoint\":\"m\",\"content\":\"\n\n<p>Nuestro equipo est\\u00e1 formado por 14 personas, cada una con una funci\\u00f3n muy espec\\u00edfica para ofrecerle el mejor servicio posible.<\\\/p>\\n\n\n<p>Dividido en cuatro divisiones:<\\\/p>\\n\n\n<h3>COMPRAR<\\\/h3>\\n\n\n<p>Se encarga de desenterrar los mejores pares de zapatillas del mercado de segunda mano de lujo, respetando unos criterios estrictos para ofrecerle art\\u00edculos relevantes al mejor precio.<\\\/p>\\n\n\n<p>P\\u00f3ngase en contacto con el equipo de Compras :<\\\/p>\\n\n\n<ul>\\n\n\n<li>Por correo electr\\u00f3nico: mesventes@occasneaks.fr<\\\/li>\\n<\\\/ul>\\n\n\n<h3>POLIVALENTE<\\\/h3>\\n\n\n<p>\\u00a1Encargado de llevar la tienda!<\\\/p>\\n\n\n<ul>\\n\n\n<li>Preparar sus pedidos<\\\/li>\\n\n\n<li>Presentaci\\u00f3n de las zapatillas antes de que se publiquen en el sitio web<\\\/li>\\n\n\n<li>Organizaci\\u00f3n de la repoblaci\\u00f3n<\\\/li>\\n<\\\/ul>\\n\n\n<h3>COMUNICACI\\u00d3N<\\\/h3>\\n\n\n<p>Responsable de crear contenidos atractivos y de alta calidad para nuestras redes sociales.<\\\/p>\\n\n\n<h3>DESARROLLO WEB<\\\/h3>\\n\n\n<p>Responsable de la gesti\\u00f3n del sitio web: mejoras, mantenimiento y optimizaci\\u00f3n.<\\\/p>\\n\n\n<h3>SERVICIO \\\/ RELACIONES CON LOS CLIENTES<\\\/h3>\\n\n\n<p>Responsable de responder a sus preguntas y resolver cualquier problema que pueda tener con sus pedidos.<\\\/p>\\n\n\n<p>Contactar con el servicio posventa :<\\\/p>\\n\n\n<ul>\\n\n\n<li>Por correo electr\\u00f3nico: Boutique@occasneaks.fr<\\\/li>\\n\n\n<li>Por tel\\u00e9fono: +33 6 79 74 33 39<\\\/li>\\n<\\\/ul>\\n\n\n<hr \\\/>\\n\n\n<p><strong>\\u00bfLe gustar\\u00eda formar parte de nuestro equipo?<\\\/strong><br \\\/>Buscamos constantemente nuevos talentos que a\\u00f1adir a nuestro joven y apasionado equipo. Presente su candidatura ahora y pruebe suerte:<\\\/p>\\n\n\n<p><strong><a rel=\\\"noopener\\\"><span>recrutement.occasneaks<\\\/span><span>@gmail.com<\\\/span><\\\/a><\\\/strong><\\\/p>\",\"margin\":\"default\"}}]}]},{\"type\":\"row\",\"children\":[{\"type\":\"column\",\"props\":{\"image_position\":\"center-center\",\"position_sticky_breakpoint\":\"m\"},\"children\":[{\"type\":\"headline\",\"props\":{\"content\":\"Nuestras redes sociales\",\"title_element\":\"h1\"}}]}]},{\"type\":\"row\",\"children\":[{\"type\":\"column\",\"props\":{\"image_position\":\"center-center\",\"position_sticky_breakpoint\":\"m\",\"width_default\":\"1-2\",\"width_medium\":\"1-2\"},\"children\":[{\"type\":\"image\",\"props\":{\"image\":\"wp-content\\\/uploads\\\/2024\\\/11\\\/logo-insta.svg\",\"image_height\":75,\"image_svg_color\":\"emphasis\",\"image_width\":75,\"link\":\"https:\\\/\\\/www.instagram.com\\\/occasneaks\\\/?hl=fr\",\"margin\":\"default\",\"text_align\":\"center\"}}]},{\"type\":\"column\",\"props\":{\"image_position\":\"center-center\",\"position_sticky_breakpoint\":\"m\",\"width_default\":\"1-2\",\"width_medium\":\"1-2\"},\"children\":[{\"type\":\"image\",\"props\":{\"image\":\"wp-content\\\/uploads\\\/2024\\\/11\\\/logo-tiktok.svg\",\"image_height\":65,\"image_svg_color\":\"emphasis\",\"image_width\":65,\"link\":\"https:\\\/\\\/www.tiktok.com\\\/@occasneaks\",\"margin\":\"default\",\"text_align\":\"center\"}}]}],\"props\":{\"layout\":\"1-2,1-2\",\"row_gap\":\"large\"}}]},{\"type\":\"section\",\"props\":{\"image_position\":\"center-center\",\"style\":\"default\",\"title_breakpoint\":\"xl\",\"title_position\":\"top-left\",\"title_rotation\":\"left\",\"vertical_align\":\"middle\",\"width\":\"xsmall\"},\"children\":[{\"type\":\"row\",\"children\":[{\"type\":\"column\",\"props\":{\"image_position\":\"center-center\",\"position_sticky_breakpoint\":\"m\"},\"children\":[{\"type\":\"headline\",\"props\":{\"content\":\"Nuestros servicios\",\"title_element\":\"h2\"}},{\"type\":\"switcher\",\"props\":{\"content_column_breakpoint\":\"m\",\"css\":\"ul li:nth-child(3) {\\n    max-width: 42px;\\n}\\nul li:nth-child(2) {\\n    max-width: 47px;\\n}\\n\\nul {\\n    justify-content: space-evenly;\\n}\\n\\n\\nul li {\\n    border:1px solid white;\\n    padding: 6px;\\n    border-radius: 10px;\\n}\",\"image_align\":\"top\",\"image_grid_breakpoint\":\"m\",\"image_grid_width\":\"1-2\",\"image_svg_color\":\"emphasis\",\"link_style\":\"default\",\"link_text\":\"Read more\",\"margin\":\"default\",\"meta_align\":\"below-title\",\"meta_element\":\"div\",\"meta_style\":\"text-meta\",\"nav\":\"thumbnav\",\"nav_align\":\"left\",\"nav_grid_breakpoint\":\"m\",\"nav_grid_width\":\"auto\",\"nav_position\":\"top\",\"show_content\":true,\"show_image\":true,\"show_label\":true,\"show_link\":true,\"show_meta\":true,\"show_thumbnail\":true,\"show_title\":true,\"switcher_animation\":\"fade\",\"switcher_height\":true,\"thumbnav_height\":\"60\",\"thumbnav_nowrap\":true,\"thumbnav_svg_color\":\"emphasis\",\"thumbnav_svg_inline\":false,\"thumbnav_width\":\"60\",\"title_align\":\"top\",\"title_element\":\"h3\",\"title_grid_breakpoint\":\"m\",\"title_grid_width\":\"1-2\"},\"children\":[{\"type\":\"switcher_item\",\"props\":{\"content\":\"\n\n<p>&gt; Occasneaks adquiere sus zapatillas a trav\\u00e9s de un servicio de intercambio seguro, que ofrece a los clientes la posibilidad de vender sus pares r\\u00e1pidamente.<br \\\/>&gt; Cada par se autentica cuidadosamente. Si un par est\\u00e1 a la venta en la Tienda, se garantiza que es 100% conforme. Los productos se limpian, se sustituyen los cordones si es necesario y el 80% de las zapatillas se venden con sus componentes originales (caja, bolsa guardapolvo, factura). Con cada compra se entrega una factura Occasneaks.<\\\/p>\",\"thumbnail\":\"wp-content\\\/uploads\\\/2024\\\/11\\\/boot.svg\",\"title\":\"Productos\"}},{\"type\":\"switcher_item\",\"props\":{\"content\":\"\n\n<p>&gt; Las compras en OCCASNEAKS est\\u00e1n aseguradas a trav\\u00e9s de Stripe, PayPal, Apple Pay y Google Pay. El pago gratuito 4x es posible a trav\\u00e9s de Paypal, tenga en cuenta que no todas las cuentas de PayPal son elegibles para este pago.<br \\\/>&gt; Los paquetes son enviados por Colissimo y entregados contra firma en un punto de relevo o en su domicilio, con un plazo de entrega de 3 a 4 d\\u00edas laborables.<\\\/p>\",\"thumbnail\":\"wp-content\\\/uploads\\\/2024\\\/11\\\/expedition.svg\",\"title\":\"Compras y entrega\"}},{\"type\":\"switcher_item\",\"props\":{\"content\":\"\n\n<p>&gt; Tienes 14 d\\u00edas para devolver un par si no te convence. Te devolveremos el dinero en un plazo de 5 d\\u00edas desde la recepci\\u00f3n, sin incluir los gastos de env\\u00edo.<br \\\/>&gt; Para cualquier reclamaci\\u00f3n, cambio en su pedido o devoluci\\u00f3n, p\\u00f3ngase en contacto con nosotros por correo electr\\u00f3nico en boutique@occasneaks.fr, citando su n\\u00famero de pedido para un procesamiento m\\u00e1s r\\u00e1pido.<\\\/p>\",\"thumbnail\":\"wp-content\\\/uploads\\\/2024\\\/11\\\/reprises.svg\",\"title\":\"Reclamaciones y devoluciones\"}}]},{\"type\":\"button\",\"props\":{\"class\":\"bottom-banner bottom-banner-3boutons\",\"fullwidth\":false,\"grid_column_gap\":\"small\",\"grid_row_gap\":\"small\",\"margin\":\"default\",\"position_z_index\":\"3\",\"text_align\":\"center\"},\"children\":[{\"type\":\"button_item\",\"props\":{\"button_style\":\"primary\",\"content\":\"\",\"icon\":\"fa6-light--user\",\"icon_align\":\"left\",\"link\":\"mon-compte\\\/\",\"link_title\":\"Bons plans\"}},{\"type\":\"button_item\",\"props\":{\"button_style\":\"primary\",\"icon\":\"fa6-light--magnifying-glass\",\"icon_align\":\"left\",\"link\":\"#search\"}},{\"type\":\"button_item\",\"props\":{\"button_style\":\"secondary\",\"content\":\"En stock\",\"icon\":\"fa6-light--boxes-stacked\",\"icon_align\":\"left\",\"link\":\"boutique\\\/\"}}],\"name\":\"3 boutons OFFICIEL - Static Pages\"}]}]}]}],\"version\":\"4.4.12\",\"yooessentialsVersion\":\"2.2.24\"} --><\/p>\n","protected":false},"excerpt":{"rendered":"<p>El equipo Occasneaks Nuestro equipo est\u00e1 formado por 14 personas, cada una con una funci\u00f3n muy espec\u00edfica para ofrecerle el mejor servicio posible. Dividido en cuatro divisiones: COMPRAR Se encarga de desenterrar los mejores pares de zapatillas del mercado de segunda mano de lujo, respetando unos criterios estrictos para ofrecerle art\u00edculos relevantes al mejor precio. [&hellip;]<\/p>\n","protected":false},"author":1,"featured_media":0,"parent":0,"menu_order":3,"comment_status":"open","ping_status":"closed","template":"","meta":{"_acf_changed":false,"footnotes":""},"class_list":["post-86072","page","type-page","status-publish","hentry"],"acf":[],"_links":{"self":[{"href":"https:\/\/sell-officiel.com\/es\/wp-json\/wp\/v2\/pages\/86072","targetHints":{"allow":["GET"]}}],"collection":[{"href":"https:\/\/sell-officiel.com\/es\/wp-json\/wp\/v2\/pages"}],"about":[{"href":"https:\/\/sell-officiel.com\/es\/wp-json\/wp\/v2\/types\/page"}],"author":[{"embeddable":true,"href":"https:\/\/sell-officiel.com\/es\/wp-json\/wp\/v2\/users\/1"}],"replies":[{"embeddable":true,"href":"https:\/\/sell-officiel.com\/es\/wp-json\/wp\/v2\/comments?post=86072"}],"version-history":[{"count":24,"href":"https:\/\/sell-officiel.com\/es\/wp-json\/wp\/v2\/pages\/86072\/revisions"}],"predecessor-version":[{"id":687096,"href":"https:\/\/sell-officiel.com\/es\/wp-json\/wp\/v2\/pages\/86072\/revisions\/687096"}],"wp:attachment":[{"href":"https:\/\/sell-officiel.com\/es\/wp-json\/wp\/v2\/media?parent=86072"}],"curies":[{"name":"wp","href":"https:\/\/api.w.org\/{rel}","templated":true}]}}