{"id":819235,"date":"2025-04-25T18:11:44","date_gmt":"2025-04-25T16:11:44","guid":{"rendered":"https:\/\/www.occasneaks.fr\/imprint\/"},"modified":"2025-08-01T11:01:56","modified_gmt":"2025-08-01T09:01:56","slug":"imprint","status":"publish","type":"page","link":"https:\/\/sell-officiel.com\/es\/imprint\/","title":{"rendered":"Imprint"},"content":{"rendered":"\n<!-- Legal document generated by Complianz | GDPR\/CCPA Cookie Consent https:\/\/wordpress.org\/plugins\/complianz-gdpr -->\n<div id=\"cmplz-document\" class=\"cmplz-document impressum cmplz-document-all\"><p><i>Este aviso legal \/ imprint fue actualizado por \u00faltima vez el 19 de marzo de 2026.<\/i><\/p><p class=\"cmplz-subtitle\">El propietario de esta web es:<\/p><p>OCCASNEAKS SAS<br>150 RUE DE LA DECOUVERTE<br \/>\nBUROPARC II &#8211; 3E ETAGE<br \/>\n31670 LABEGE<br>Francia<br>Correo electr\u00f3nico:&nbsp;<span class=\"cmplz-obfuscate\">bo&#117;&#116;&#105;q&#117;e@<span class=\"cmplz-fmail-domain\">&#101;&#120;&#046;com<\/span>&#111;cca&#115;&#110;ea&#107;s.&#102;r<\/span><br>N\u00famero de tel\u00e9fono: 0788464478<br>CIF (N\u00famero de IVA):&nbsp;FR82949094551<\/p><p class=\"cmplz-subtitle\">El\/Los representante\/s legal\/es de OCCASNEAKS SAS:<\/p><p>Hugo Trouche<\/p><h2>1. General<\/h2><p class=\"cmplz-subtitle\">1.1 Estamos registrados en Registre du Commerce et des Soci\u00e9t\u00e9s bajo el n\u00famero de licencia o registro:<\/p><p>949 094 551 RCS TOULOUSE<\/p><p>No estamos dispuestos ni obligados a participar en procedimientos de resoluci\u00f3n de conflictos ante una junta de arbitraje de consumo.<\/p><h2>2. La siguiente informaci\u00f3n es obligatoria seg\u00fan la legislaci\u00f3n alemana.<\/h2><p class=\"cmplz-subtitle\">2.1 Die Eigentumsanteile der Gesellschaft (Aktienkapital), die von ihr ausgegeben wurden:<\/p><p>10000,00<\/p><h2>3. Informaci\u00f3n adicional<\/h2><p>Responsable publication : Hugo Trouche \u2013 boutique@occasneaks.fr<br \/>\nLe responsable publication est une personne physique ou une personne morale.<br \/>\nWebmaster : Hugo Trouche \u2013 boutique@occasneaks.fr<br \/>\nH\u00e9bergeur : ovh \u2013 2 rue Kellermann 59100 Roubaix 1007<br \/>\nD\u00e9l\u00e9gu\u00e9 \u00e0 la protection des donn\u00e9es : Hugo Trouche \u2013 boutique@occasneaks.fr<\/p><\/div>","protected":false},"excerpt":{"rendered":"","protected":false},"author":4113,"featured_media":0,"parent":0,"menu_order":0,"comment_status":"closed","ping_status":"closed","template":"","meta":{"_acf_changed":false,"footnotes":""},"class_list":["post-819235","page","type-page","status-publish","hentry"],"acf":[],"_links":{"self":[{"href":"https:\/\/sell-officiel.com\/es\/wp-json\/wp\/v2\/pages\/819235","targetHints":{"allow":["GET"]}}],"collection":[{"href":"https:\/\/sell-officiel.com\/es\/wp-json\/wp\/v2\/pages"}],"about":[{"href":"https:\/\/sell-officiel.com\/es\/wp-json\/wp\/v2\/types\/page"}],"author":[{"embeddable":true,"href":"https:\/\/sell-officiel.com\/es\/wp-json\/wp\/v2\/users\/4113"}],"replies":[{"embeddable":true,"href":"https:\/\/sell-officiel.com\/es\/wp-json\/wp\/v2\/comments?post=819235"}],"version-history":[{"count":1,"href":"https:\/\/sell-officiel.com\/es\/wp-json\/wp\/v2\/pages\/819235\/revisions"}],"predecessor-version":[{"id":821100,"href":"https:\/\/sell-officiel.com\/es\/wp-json\/wp\/v2\/pages\/819235\/revisions\/821100"}],"wp:attachment":[{"href":"https:\/\/sell-officiel.com\/es\/wp-json\/wp\/v2\/media?parent=819235"}],"curies":[{"name":"wp","href":"https:\/\/api.w.org\/{rel}","templated":true}]}}