{"id":686260,"date":"2024-11-30T01:34:00","date_gmt":"2024-11-30T00:34:00","guid":{"rendered":"https:\/\/www.occasneaks.fr\/?page_id=686260"},"modified":"2025-01-30T19:19:00","modified_gmt":"2025-01-30T18:19:00","slug":"informacion-sobre-la-recompra","status":"publish","type":"page","link":"https:\/\/sell-officiel.com\/es\/informacion-sobre-la-recompra\/","title":{"rendered":"Informaci\u00f3n sobre la recompra"},"content":{"rendered":"<h1>Occasneaks recompra tu par<\/h1>\n<h2>\u00bfQuiere vender un par de lujo?<\/h2>\n<div>\n<p>Ahorra tiempo con Occasneaks :<br \/>&gt; Compramos tus zapatillas y las vendemos en nuestra tienda.<br \/>&gt; Antes de rellenar el formulario de canje con algunos datos y fotos de tu par, comprueba que cumple nuestras condiciones de canje.<\/p>\n<\/div>\n<p>\n    <a href=\"\/es\/formulario-de-canje\/\">Acceder al formulario<\/a>\n<\/p>\n<h2>Condiciones de canje<\/h2>\n<ul>\n<li>\n<p>        <img decoding=\"async\" src=\"\/wp-content\/uploads\/2024\/11\/plume.svg\" alt=\"\"><\/p>\n<h3>Marcas subvencionables<\/h3>\n<div>\n<p>&gt; Occasneaks busca zapatillas de marcas de lujo o de dise\u00f1adores de alta gama, seleccionadas por la calidad de sus materiales.<br \/>&gt; Los modelos que figuran en la p\u00e1gina \u00abAgotados\u00bb le dar\u00e1n una idea de los pares que corresponden a nuestra selecci\u00f3n.<br \/>&gt; Tambi\u00e9n aceptamos propuestas de marcas o modelos menos habituales, pero se dar\u00e1 prioridad a las marcas preferidas de nuestros clientes.<\/p>\n<\/div>\n<\/li>\n<li>\n<p>        <img decoding=\"async\" src=\"\/wp-content\/uploads\/2024\/11\/oeil.svg\" alt=\"\"><\/p>\n<h3>Estado requerido<\/h3>\n<div>\n<p>&gt; Occasneaks busca zapatillas de marcas de lujo o de dise\u00f1adores de alta gama, seleccionadas por la calidad de sus materiales.<br \/>&gt; Los modelos que figuran en la p\u00e1gina \u00abAgotados\u00bb le dar\u00e1n una idea de los pares que corresponden a nuestra selecci\u00f3n.<br \/>&gt; Tambi\u00e9n aceptamos propuestas de marcas o modelos menos habituales, pero se dar\u00e1 prioridad a las marcas preferidas de nuestros clientes.<\/p>\n<\/div>\n<\/li>\n<\/ul>\n<hr>\n<p>[fa6-light&#8211;circle-check]<\/p>\n<div>\n<p>Si cree que su pareja es adecuada para la Tienda, siga los pasos del formulario para enviar su solicitud.<\/p>\n<\/div>\n<hr>\n<p><img decoding=\"async\" src=\"\/wp-content\/uploads\/2024\/11\/Photoroom_020_20241109_162419.png\" alt=\"\"><\/p>\n<h2>Proceso<\/h2>\n<ul>\n<li>\n<h3>Propuesta de adquisici\u00f3n<\/h3>\n<div>\n<p>Rellena el formulario y env\u00eda tu par a Occasneaks.<\/p>\n<\/div>\n<\/li>\n<li>\n<h3>Ofertas Occasneaks<\/h3>\n<div>\n<p>Si su pareja cumple los requisitos, recibir\u00e1 una oferta (que puede ser igual o inferior a su estimaci\u00f3n).<\/p>\n<\/div>\n<\/li>\n<li>\n<h3>Preparar el env\u00edo<\/h3>\n<div>\n<p>&gt; Si la oferta le conviene, ac\u00e9ptela y reciba un albar\u00e1n prepagado.<br \/>&gt; P\u00e9guelo en su paquete y env\u00ede su par a nuestras instalaciones.<\/p>\n<\/div>\n<\/li>\n<li>\n<h3>Aceminaci\u00f3n<\/h3>\n<div>\n<p>Su paquete es gestionado por La Poste y llega en un plazo de 2 d\u00edas laborables.<\/p>\n<\/div>\n<\/li>\n<li>\n<h3>Recibo y pago<\/h3>\n<div>\n<p>&gt; A la recepci\u00f3n, comprobamos que el par coincide con las fotos enviadas.<br \/>&gt; Si se aprueba, el pago se realiza por transferencia bancaria en un plazo de 3 a 5 d\u00edas laborables.<br \/>&gt; En caso de no conformidad, los gastos de devoluci\u00f3n correr\u00e1n a su cargo y el par le ser\u00e1 devuelto una vez recibido el pago.<\/p>\n<\/div>\n<\/li>\n<li>\n<h3>Cierre de la adquisici\u00f3n<\/h3>\n<div>\n<p>Se le enviar\u00e1 toda la informaci\u00f3n relativa a su canje:<br \/>&gt; Paquete enviado el&#8230;<br \/>&gt; Transferencia realizada el&#8230;<br \/>&gt; Comentarios de Occasneaks<\/p>\n<\/div>\n<\/li>\n<\/ul>\n<h2>\u00bfPor qu\u00e9 puede rechazarse un canje?<\/h2>\n<div>\n<p>Las devoluciones podr\u00e1n ser rechazadas si el par no es aut\u00e9ntico o no se corresponde con las fotos suministradas (por ejemplo, agujeros, desgarros no mencionados). \u26a1 Consejo: \u00a1Env\u00ede su par siguiendo rigurosamente el formulario para garantizar su aceptaci\u00f3n!<\/p>\n<\/div>\n<p>\n    <a href=\"\/es\/formulario-de-canje\/\">Acceder al formulario<\/a>\n<\/p>\n<p><!--more--><br \/>\n<!-- {\"type\":\"layout\",\"children\":[{\"type\":\"section\",\"props\":{\"image\":\"wp-content\\\/uploads\\\/2024\\\/11\\\/background-reprises.png\",\"image_position\":\"center-center\",\"media_overlay\":\"rgba(0, 0, 0, 0.68)\",\"padding\":\"large\",\"style\":\"default\",\"title_breakpoint\":\"xl\",\"title_position\":\"top-left\",\"title_rotation\":\"left\",\"vertical_align\":\"middle\",\"width\":\"default\"},\"children\":[{\"type\":\"row\",\"children\":[{\"type\":\"column\",\"props\":{\"image_position\":\"center-center\",\"position_sticky_breakpoint\":\"m\"},\"children\":[{\"type\":\"headline\",\"props\":{\"block_align\":\"center\",\"content\":\"Occasneaks recompra tu par\",\"maxwidth\":\"xlarge\",\"text_align\":\"center\",\"title_element\":\"h1\",\"title_style\":\"heading-xlarge\"}}]}]}]},{\"type\":\"section\",\"props\":{\"image_position\":\"center-center\",\"style\":\"default\",\"title_breakpoint\":\"xl\",\"title_position\":\"top-left\",\"title_rotation\":\"left\",\"vertical_align\":\"middle\",\"width\":\"xsmall\"},\"children\":[{\"type\":\"row\",\"children\":[{\"type\":\"column\",\"props\":{\"image_position\":\"center-center\",\"position_sticky_breakpoint\":\"m\"},\"children\":[{\"type\":\"headline\",\"props\":{\"content\":\"\\u00bfQuiere vender un par de lujo?\",\"title_element\":\"h2\"}},{\"type\":\"text\",\"props\":{\"column_breakpoint\":\"m\",\"content\":\"\n\n<p>Ahorra tiempo con Occasneaks :<br \\\/>&gt; Compramos tus zapatillas y las vendemos en nuestra tienda.<br \\\/>&gt; Antes de rellenar el formulario de canje con algunos datos y fotos de tu par, comprueba que cumple nuestras condiciones de canje.<\\\/p>\",\"margin\":\"default\"}},{\"type\":\"button\",\"props\":{\"grid_column_gap\":\"small\",\"grid_row_gap\":\"small\",\"margin\":\"large\",\"text_align\":\"center\"},\"children\":[{\"type\":\"button_item\",\"props\":{\"button_style\":\"default\",\"content\":\"Acceder al formulario\",\"icon\":\"fa6-light--arrow-right\",\"icon_align\":\"right\",\"link\":\"es\\\/formulario-de-canje\\\/\"}}]},{\"type\":\"headline\",\"props\":{\"content\":\"Condiciones de canje\",\"title_element\":\"h2\"}},{\"type\":\"switcher\",\"props\":{\"content_column_breakpoint\":\"m\",\"image_align\":\"top\",\"image_grid_breakpoint\":\"m\",\"image_grid_width\":\"1-2\",\"image_svg_color\":\"emphasis\",\"link_style\":\"default\",\"link_text\":\"Read more\",\"margin\":\"default\",\"meta_align\":\"below-title\",\"meta_element\":\"div\",\"meta_style\":\"text-meta\",\"nav\":\"tab\",\"nav_align\":\"left\",\"nav_grid_breakpoint\":\"m\",\"nav_grid_width\":\"auto\",\"nav_position\":\"top\",\"show_content\":true,\"show_image\":true,\"show_label\":true,\"show_link\":true,\"show_meta\":true,\"show_thumbnail\":true,\"show_title\":true,\"switcher_animation\":\"fade\",\"switcher_height\":true,\"thumbnav_height\":\"75\",\"thumbnav_svg_color\":\"emphasis\",\"thumbnav_width\":\"100\",\"title_align\":\"top\",\"title_element\":\"h3\",\"title_grid_breakpoint\":\"m\",\"title_grid_width\":\"1-2\"},\"children\":[{\"type\":\"switcher_item\",\"props\":{\"content\":\"\n\n<p>&gt; Occasneaks busca zapatillas de marcas de lujo o de dise\\u00f1adores de alta gama, seleccionadas por la calidad de sus materiales.<br \\\/>&gt; Los modelos que figuran en la p\\u00e1gina \\\"Agotados\\\" le dar\\u00e1n una idea de los pares que corresponden a nuestra selecci\\u00f3n.<br \\\/>&gt; Tambi\\u00e9n aceptamos propuestas de marcas o modelos menos habituales, pero se dar\\u00e1 prioridad a las marcas preferidas de nuestros clientes.<\\\/p>\",\"image\":\"wp-content\\\/uploads\\\/2024\\\/11\\\/plume.svg\",\"thumbnail\":\"wp-content\\\/uploads\\\/2024\\\/11\\\/plume.svg\",\"title\":\"Marcas subvencionables\"}},{\"type\":\"switcher_item\",\"props\":{\"content\":\"\n\n<p>&gt; Occasneaks busca zapatillas de marcas de lujo o de dise\\u00f1adores de alta gama, seleccionadas por la calidad de sus materiales.<br \\\/>&gt; Los modelos que figuran en la p\\u00e1gina \\\"Agotados\\\" le dar\\u00e1n una idea de los pares que corresponden a nuestra selecci\\u00f3n.<br \\\/>&gt; Tambi\\u00e9n aceptamos propuestas de marcas o modelos menos habituales, pero se dar\\u00e1 prioridad a las marcas preferidas de nuestros clientes.<\\\/p>\",\"image\":\"wp-content\\\/uploads\\\/2024\\\/11\\\/oeil.svg\",\"thumbnail\":\"wp-content\\\/uploads\\\/2024\\\/11\\\/plume.svg\",\"title\":\"Estado requerido\"}}]}]}]}]},{\"type\":\"section\",\"props\":{\"image_position\":\"center-center\",\"style\":\"default\",\"title_breakpoint\":\"xl\",\"title_position\":\"top-left\",\"title_rotation\":\"left\",\"vertical_align\":\"middle\",\"width\":\"xsmall\"},\"children\":[{\"type\":\"row\",\"children\":[{\"type\":\"column\",\"props\":{\"image_position\":\"center-center\",\"position_sticky_breakpoint\":\"m\"},\"children\":[{\"type\":\"divider\",\"props\":{\"divider_element\":\"hr\"}}]}]},{\"type\":\"row\",\"props\":{\"layout\":\"1-5,4-5\"},\"children\":[{\"type\":\"column\",\"props\":{\"image_position\":\"center-center\",\"position_sticky_breakpoint\":\"m\",\"width_default\":\"1-5\",\"width_medium\":\"1-5\"},\"children\":[{\"type\":\"icon\",\"props\":{\"icon\":\"fa6-light--circle-check\",\"icon_width\":60,\"margin\":\"default\",\"text_align\":\"center\"}}]},{\"type\":\"column\",\"props\":{\"image_position\":\"center-center\",\"position_sticky_breakpoint\":\"m\",\"width_default\":\"4-5\",\"width_medium\":\"4-5\"},\"children\":[{\"type\":\"text\",\"props\":{\"column_breakpoint\":\"m\",\"content\":\"\n\n<p>Si cree que su pareja es adecuada para la Tienda, siga los pasos del formulario para enviar su solicitud.<\\\/p>\",\"margin\":\"default\"}}]}]},{\"type\":\"row\",\"children\":[{\"type\":\"column\",\"props\":{\"image_position\":\"center-center\",\"position_sticky_breakpoint\":\"m\"},\"children\":[{\"type\":\"divider\",\"props\":{\"divider_element\":\"hr\"}}]}]},{\"type\":\"row\",\"children\":[{\"type\":\"column\",\"props\":{\"image_position\":\"center-center\",\"position_sticky_breakpoint\":\"m\"},\"children\":[{\"type\":\"image\",\"props\":{\"image\":\"wp-content\\\/uploads\\\/2024\\\/11\\\/Photoroom_020_20241109_162419.png\",\"image_focal_point\":\"bottom-center\",\"image_height\":350,\"image_svg_color\":\"emphasis\",\"image_width\":500,\"margin\":\"default\",\"text_align\":\"center\"}}]}]}]},{\"type\":\"section\",\"props\":{\"image_position\":\"center-center\",\"padding\":\"large\",\"padding_remove_top\":false,\"style\":\"secondary\",\"title_breakpoint\":\"xl\",\"title_position\":\"top-left\",\"title_rotation\":\"left\",\"vertical_align\":\"middle\",\"width\":\"default\"},\"children\":[{\"type\":\"row\",\"children\":[{\"type\":\"column\",\"props\":{\"image_position\":\"center-center\",\"position_sticky_breakpoint\":\"m\"},\"children\":[{\"type\":\"headline\",\"props\":{\"content\":\"Proceso\",\"margin\":\"large\",\"title_element\":\"h2\"}},{\"type\":\"grid\",\"props\":{\"content_column_breakpoint\":\"m\",\"content_margin\":\"small\",\"filter_align\":\"left\",\"filter_all\":true,\"filter_grid_breakpoint\":\"m\",\"filter_grid_width\":\"auto\",\"filter_position\":\"top\",\"filter_style\":\"tab\",\"grid_column_gap\":\"large\",\"grid_default\":\"1\",\"grid_divider\":false,\"grid_large\":\"2\",\"grid_medium\":\"\",\"grid_row_gap\":\"large\",\"grid_small\":\"1\",\"grid_xlarge\":\"3\",\"icon_width\":\"30\",\"image_align\":\"left\",\"image_grid_breakpoint\":\"\",\"image_grid_column_gap\":\"medium\",\"image_grid_row_gap\":\"medium\",\"image_grid_width\":\"auto\",\"image_svg_color\":\"emphasis\",\"item_animation\":true,\"link_style\":\"default\",\"link_text\":\"Read more\",\"margin\":\"default\",\"meta_align\":\"below-title\",\"meta_element\":\"div\",\"meta_style\":\"text-meta\",\"show_content\":true,\"show_image\":true,\"show_link\":true,\"show_meta\":true,\"show_title\":true,\"title_align\":\"top\",\"title_element\":\"h3\",\"title_grid_breakpoint\":\"m\",\"title_grid_width\":\"1-2\",\"title_hover_style\":\"reset\",\"title_style\":\"heading-small\"},\"children\":[{\"type\":\"grid_item\",\"props\":{\"content\":\"\n\n<p>Rellena el formulario y env\\u00eda tu par a Occasneaks.<\\\/p>\",\"icon\":\"fa6-light--circle-1\",\"title\":\"Propuesta de adquisici\\u00f3n\"}},{\"type\":\"grid_item\",\"props\":{\"content\":\"\n\n<p>Si su pareja cumple los requisitos, recibir\\u00e1 una oferta (que puede ser igual o inferior a su estimaci\\u00f3n).<\\\/p>\",\"icon\":\"fa6-light--circle-2\",\"title\":\"Ofertas Occasneaks\"}},{\"type\":\"grid_item\",\"props\":{\"content\":\"\n\n<p>&gt; Si la oferta le conviene, ac\\u00e9ptela y reciba un albar\\u00e1n prepagado.<br \\\/>&gt; P\\u00e9guelo en su paquete y env\\u00ede su par a nuestras instalaciones.<\\\/p>\",\"icon\":\"fa6-light--circle-3\",\"title\":\"Preparar el env\\u00edo\"}},{\"type\":\"grid_item\",\"props\":{\"content\":\"\n\n<p>Su paquete es gestionado por La Poste y llega en un plazo de 2 d\\u00edas laborables.<\\\/p>\",\"icon\":\"fa6-light--circle-4\",\"title\":\"Aceminaci\\u00f3n\"}},{\"type\":\"grid_item\",\"props\":{\"content\":\"\n\n<p>&gt; A la recepci\\u00f3n, comprobamos que el par coincide con las fotos enviadas.<br \\\/>&gt; Si se aprueba, el pago se realiza por transferencia bancaria en un plazo de 3 a 5 d\\u00edas laborables.<br \\\/>&gt; En caso de no conformidad, los gastos de devoluci\\u00f3n correr\\u00e1n a su cargo y el par le ser\\u00e1 devuelto una vez recibido el pago.<\\\/p>\",\"icon\":\"fa6-light--circle-5\",\"title\":\"Recibo y pago\"}},{\"type\":\"grid_item\",\"props\":{\"content\":\"\n\n<p>Se le enviar\\u00e1 toda la informaci\\u00f3n relativa a su canje:<br \\\/>&gt; Paquete enviado el...<br \\\/>&gt; Transferencia realizada el...<br \\\/>&gt; Comentarios de Occasneaks<\\\/p>\",\"icon\":\"fa6-light--circle-6\",\"title\":\"Cierre de la adquisici\\u00f3n\"}}]}]}]}]},{\"type\":\"section\",\"props\":{\"image_position\":\"center-center\",\"style\":\"default\",\"title_breakpoint\":\"xl\",\"title_position\":\"top-left\",\"title_rotation\":\"left\",\"vertical_align\":\"middle\",\"width\":\"xsmall\"},\"children\":[{\"type\":\"row\",\"children\":[{\"type\":\"column\",\"props\":{\"image_position\":\"center-center\",\"position_sticky_breakpoint\":\"m\"},\"children\":[{\"type\":\"headline\",\"props\":{\"content\":\"\\u00bfPor qu\\u00e9 puede rechazarse un canje?\",\"title_element\":\"h2\"}},{\"type\":\"text\",\"props\":{\"column_breakpoint\":\"m\",\"content\":\"\n\n<p>Las devoluciones podr\\u00e1n ser rechazadas si el par no es aut\\u00e9ntico o no se corresponde con las fotos suministradas (por ejemplo, agujeros, desgarros no mencionados). \\u26a1 Consejo: \\u00a1Env\\u00ede su par siguiendo rigurosamente el formulario para garantizar su aceptaci\\u00f3n!<\\\/p>\",\"margin\":\"default\"}},{\"type\":\"button\",\"props\":{\"grid_column_gap\":\"small\",\"grid_row_gap\":\"small\",\"margin\":\"large\",\"text_align\":\"center\"},\"children\":[{\"type\":\"button_item\",\"props\":{\"button_style\":\"default\",\"content\":\"Acceder al formulario\",\"icon\":\"fa6-light--arrow-right\",\"icon_align\":\"right\",\"link\":\"es\\\/formulario-de-canje\\\/\"}}]}]}]}]}],\"version\":\"4.4.12\",\"yooessentialsVersion\":\"2.2.24\"} --><\/p>\n","protected":false},"excerpt":{"rendered":"<p>Occasneaks recompra tu par \u00bfQuiere vender un par de lujo? Ahorra tiempo con Occasneaks :&gt; Compramos tus zapatillas y las vendemos en nuestra tienda.&gt; Antes de rellenar el formulario de canje con algunos datos y fotos de tu par, comprueba que cumple nuestras condiciones de canje. Acceder al formulario Condiciones de canje Marcas subvencionables &gt; [&hellip;]<\/p>\n","protected":false},"author":4113,"featured_media":0,"parent":0,"menu_order":0,"comment_status":"closed","ping_status":"closed","template":"","meta":{"_acf_changed":false,"footnotes":""},"class_list":["post-686260","page","type-page","status-publish","hentry"],"acf":[],"_links":{"self":[{"href":"https:\/\/sell-officiel.com\/es\/wp-json\/wp\/v2\/pages\/686260","targetHints":{"allow":["GET"]}}],"collection":[{"href":"https:\/\/sell-officiel.com\/es\/wp-json\/wp\/v2\/pages"}],"about":[{"href":"https:\/\/sell-officiel.com\/es\/wp-json\/wp\/v2\/types\/page"}],"author":[{"embeddable":true,"href":"https:\/\/sell-officiel.com\/es\/wp-json\/wp\/v2\/users\/4113"}],"replies":[{"embeddable":true,"href":"https:\/\/sell-officiel.com\/es\/wp-json\/wp\/v2\/comments?post=686260"}],"version-history":[{"count":5,"href":"https:\/\/sell-officiel.com\/es\/wp-json\/wp\/v2\/pages\/686260\/revisions"}],"predecessor-version":[{"id":687099,"href":"https:\/\/sell-officiel.com\/es\/wp-json\/wp\/v2\/pages\/686260\/revisions\/687099"}],"wp:attachment":[{"href":"https:\/\/sell-officiel.com\/es\/wp-json\/wp\/v2\/media?parent=686260"}],"curies":[{"name":"wp","href":"https:\/\/api.w.org\/{rel}","templated":true}]}}