{"id":686152,"date":"2024-11-30T01:34:59","date_gmt":"2024-11-30T00:34:59","guid":{"rendered":"https:\/\/www.occasneaks.fr\/?page_id=686152"},"modified":"2025-01-30T19:23:10","modified_gmt":"2025-01-30T18:23:10","slug":"informacion-sobre-el-deposito-de-ventas","status":"publish","type":"page","link":"https:\/\/sell-officiel.com\/es\/informacion-sobre-el-deposito-de-ventas\/","title":{"rendered":"Informaci\u00f3n sobre el dep\u00f3sito de ventas"},"content":{"rendered":"<h1>Venda su par en Occasneaks<\/h1>\n<h2>\n<p>\u00a1Occasneaks te ofrece la posibilidad de vender tu par en OCCASNEAKS!<\/p>\n<\/h2>\n<p>\n    <a href=\"\/es\/formulario-de-canje\/\">Acceder al formulario<\/a>\n<\/p>\n<h2>\u00bfC\u00f3mo funciona?<\/h2>\n<ul>\n<li>\n<h3>Propuesta de adquisici\u00f3n<\/h3>\n<div>\n<p>Rellena el formulario y env\u00eda tu par a Occasneaks.<\/p>\n<\/div>\n<\/li>\n<li>\n<h3>Presupuesto<\/h3>\n<div>\n<p>Le haremos una oferta de precio que se le abonar\u00e1 una vez que el par se haya vendido en el sitio.<\/p>\n<\/div>\n<\/li>\n<li>\n<h3>Preparar el env\u00edo<\/h3>\n<div>\n<p>Los env\u00edos se realizan a trav\u00e9s de Colissimo, y su paquete estar\u00e1 en nuestras oficinas una media de 3 d\u00edas despu\u00e9s de que lo deje en un punto de entrega.<\/p>\n<\/div>\n<\/li>\n<li>\n<h3>Env\u00edo<\/h3>\n<div>\n<p>Su paquete es gestionado por La Poste y llega en un plazo de 2 d\u00edas laborables. OCCASNEAKS se hace cargo de los gastos de env\u00edo, no tienes que pagar nada.<\/p>\n<\/div>\n<\/li>\n<li>\n<h3>Recepci\u00f3n y venta<\/h3>\n<div>\n<p>Una vez que nuestro equipo haya recibido su par, se le notificar\u00e1 inmediatamente por correo electr\u00f3nico y cambiar\u00e1 el estado de su solicitud de venta.<\/p>\n<p>Su par ser\u00e1 limpiado, fotografiado y puesto en l\u00ednea en el sitio el mismo d\u00eda. Una vez que su par est\u00e9 en OCCASNEAKS, podr\u00e1 seguir su venta en cualquier momento a trav\u00e9s de un enlace privado a sus zapatillas.<\/p>\n<\/div>\n<\/li>\n<li>\n<h3>Pago<\/h3>\n<div>\n<p>Una vez vendido su par, nuestro equipo realizar\u00e1 la transferencia a su cuenta bancaria, que recibir\u00e1 en un plazo de 2 a 3 d\u00edas laborables.<\/p>\n<\/div>\n<\/li>\n<\/ul>\n<p>[fa6-light&#8211;stopwatch]<\/p>\n<h2>\n<p>\u00bfCu\u00e1nto tarda de media un par en venderse en OCCASNEAKS?<\/p>\n<\/h2>\n<div>\n<p>Tendr\u00e1 que esperar una media de 3 d\u00edas antes de recibir su transferencia bancaria. La rapidez de las ventas depende de varios factores: Marca, Modelo, Talla, Temporada.<\/p>\n<\/div>\n<p><img decoding=\"async\" src=\"\/wp-content\/uploads\/2024\/11\/Photoroom_026_20241109_162419.png\" alt=\"\"><\/p>\n<hr>\n<p>[fa6-light&#8211;comment-dollar]<\/p>\n<div>\n<p>Nuestro equipo de compras en OCCASNEAKS est\u00e1 ah\u00ed para filtrar las zapatillas en el momento de la oferta de intercambio o consignaci\u00f3n. Si tu par ha sido aceptado en el sitio, es probable que se venda r\u00e1pidamente.<\/p>\n<\/div>\n<hr>\n<h2>\n<p>\u00a1Una vez que hayas vendido tu par!<\/p>\n<\/h2>\n<div>\n<p>Cuando se vendan tus zapatillas, se te enviar\u00e1 un correo electr\u00f3nico y se modificar\u00e1 el estado de tu dep\u00f3sito de venta en tu \u00e1rea de cliente (\u00e1rea de cliente &gt; Mis ventas). Tus zapatillas se enviar\u00e1n al cliente que realiz\u00f3 el pedido el mismo d\u00eda o al d\u00eda siguiente. Al mismo tiempo, nuestro equipo de Compras realizar\u00e1 tu transferencia bancaria utilizando los datos (RIB) que se te solicitaron en el formulario de venta.<\/p>\n<p>Si no ha recibido su transferencia bancaria el mismo d\u00eda, no se preocupe, llegar\u00e1 a su cuenta bancaria normalmente de 2 a 3 d\u00edas laborables despu\u00e9s de la venta.<\/p>\n<\/div>\n<h2>\n<p>\u00bfQuiero que me devuelvan el par o que me rebajen el precio para acelerar la venta?<\/p>\n<\/h2>\n<div>\n<p>OCCASNEAKS se concede 1 mes para vender su par, transcurrido el cual usted es libre de solicitar la devoluci\u00f3n del par u ofrecer un precio inferior.<\/p>\n<p>Se ha dedicado un correo electr\u00f3nico a este tipo de solicitud: mesventes@occasneaks.fr<\/p>\n<p>Si tiene alguna duda, env\u00ede un correo electr\u00f3nico a esta direcci\u00f3n y nuestro equipo de compras le responder\u00e1 todos los d\u00edas de lunes a viernes.<\/p>\n<\/div>\n<p>\n    <a href=\"\/es\/formulario-de-canje\/\">Acceder al formulario<\/a>\n<\/p>\n<p><!--more--><br \/>\n<!-- {\"type\":\"layout\",\"children\":[{\"type\":\"section\",\"props\":{\"image\":\"wp-content\\\/uploads\\\/2024\\\/12\\\/IMG_2211-2.jpeg\",\"image_position\":\"top-center\",\"media_focal_point\":\"bottom-center\",\"media_overlay\":\"rgba(0, 0, 0, 0.68)\",\"padding\":\"large\",\"style\":\"default\",\"title_breakpoint\":\"xl\",\"title_position\":\"top-left\",\"title_rotation\":\"left\",\"vertical_align\":\"middle\",\"width\":\"default\"},\"children\":[{\"type\":\"row\",\"children\":[{\"type\":\"column\",\"props\":{\"image_position\":\"center-center\",\"position_sticky_breakpoint\":\"m\"},\"children\":[{\"type\":\"headline\",\"props\":{\"block_align\":\"center\",\"content\":\"Venda su par en Occasneaks\",\"maxwidth\":\"xlarge\",\"text_align\":\"center\",\"title_element\":\"h1\",\"title_style\":\"heading-xlarge\"}}]}]}]},{\"type\":\"section\",\"props\":{\"image_position\":\"center-center\",\"style\":\"default\",\"title_breakpoint\":\"xl\",\"title_position\":\"top-left\",\"title_rotation\":\"left\",\"vertical_align\":\"middle\",\"width\":\"xsmall\"},\"children\":[{\"type\":\"row\",\"children\":[{\"type\":\"column\",\"props\":{\"image_position\":\"center-center\",\"position_sticky_breakpoint\":\"m\"},\"children\":[{\"type\":\"headline\",\"props\":{\"content\":\"\n\n<p>\\u00a1Occasneaks te ofrece la posibilidad de vender tu par en OCCASNEAKS!<\\\/p>\",\"text_align\":\"center\",\"title_element\":\"h2\"}},{\"type\":\"button\",\"props\":{\"grid_column_gap\":\"small\",\"grid_row_gap\":\"small\",\"margin\":\"large\",\"text_align\":\"center\"},\"children\":[{\"type\":\"button_item\",\"props\":{\"button_style\":\"default\",\"content\":\"Acceder al formulario\",\"icon\":\"fa6-light--arrow-right\",\"icon_align\":\"right\",\"link\":\"es\\\/formulario-de-canje\\\/\"}}]},{\"type\":\"headline\",\"props\":{\"content\":\"\\u00bfC\\u00f3mo funciona?\",\"text_align\":\"center\",\"title_element\":\"h2\"}}]}]}]},{\"type\":\"section\",\"props\":{\"image_position\":\"center-center\",\"style\":\"secondary\",\"title_breakpoint\":\"xl\",\"title_position\":\"top-left\",\"title_rotation\":\"left\",\"vertical_align\":\"middle\",\"width\":\"default\"},\"children\":[{\"type\":\"row\",\"children\":[{\"type\":\"column\",\"props\":{\"image_position\":\"center-center\",\"position_sticky_breakpoint\":\"m\"},\"children\":[{\"type\":\"grid\",\"props\":{\"content_column_breakpoint\":\"m\",\"content_margin\":\"small\",\"filter_align\":\"left\",\"filter_all\":true,\"filter_grid_breakpoint\":\"m\",\"filter_grid_width\":\"auto\",\"filter_position\":\"top\",\"filter_style\":\"tab\",\"grid_column_gap\":\"large\",\"grid_default\":\"1\",\"grid_divider\":true,\"grid_large\":\"2\",\"grid_medium\":\"\",\"grid_row_gap\":\"large\",\"grid_small\":\"1\",\"grid_xlarge\":\"3\",\"icon_width\":80,\"image_align\":\"left\",\"image_grid_breakpoint\":\"\",\"image_grid_width\":\"auto\",\"image_svg_color\":\"emphasis\",\"item_animation\":true,\"link_style\":\"default\",\"link_text\":\"Read more\",\"margin\":\"default\",\"meta_align\":\"below-title\",\"meta_element\":\"div\",\"meta_style\":\"text-meta\",\"show_content\":true,\"show_image\":true,\"show_link\":true,\"show_meta\":true,\"show_title\":true,\"title_align\":\"top\",\"title_element\":\"h3\",\"title_grid_breakpoint\":\"m\",\"title_grid_width\":\"1-2\",\"title_hover_style\":\"reset\",\"title_style\":\"heading-small\"},\"children\":[{\"type\":\"grid_item\",\"props\":{\"content\":\"\n\n<p>Rellena el formulario y env\\u00eda tu par a Occasneaks.<\\\/p>\",\"icon\":\"fa6-light--circle-1\",\"title\":\"Propuesta de adquisici\\u00f3n\"}},{\"type\":\"grid_item\",\"props\":{\"content\":\"\n\n<p>Le haremos una oferta de precio que se le abonar\\u00e1 una vez que el par se haya vendido en el sitio.<\\\/p>\",\"icon\":\"fa6-light--circle-2\",\"title\":\"Presupuesto\"}},{\"type\":\"grid_item\",\"props\":{\"content\":\"\n\n<p>Los env\\u00edos se realizan a trav\\u00e9s de Colissimo, y su paquete estar\\u00e1 en nuestras oficinas una media de 3 d\\u00edas despu\\u00e9s de que lo deje en un punto de entrega.<\\\/p>\",\"icon\":\"fa6-light--circle-3\",\"title\":\"Preparar el env\\u00edo\"}},{\"type\":\"grid_item\",\"props\":{\"content\":\"\n\n<p>Su paquete es gestionado por La Poste y llega en un plazo de 2 d\\u00edas laborables. OCCASNEAKS se hace cargo de los gastos de env\\u00edo, no tienes que pagar nada.<\\\/p>\",\"icon\":\"fa6-light--circle-4\",\"title\":\"Env\\u00edo\"}},{\"type\":\"grid_item\",\"props\":{\"content\":\"\n\n<p>Una vez que nuestro equipo haya recibido su par, se le notificar\\u00e1 inmediatamente por correo electr\\u00f3nico y cambiar\\u00e1 el estado de su solicitud de venta.<\\\/p>\\n\n\n<p>Su par ser\\u00e1 limpiado, fotografiado y puesto en l\\u00ednea en el sitio el mismo d\\u00eda. Una vez que su par est\\u00e9 en OCCASNEAKS, podr\\u00e1 seguir su venta en cualquier momento a trav\\u00e9s de un enlace privado a sus zapatillas.<\\\/p>\",\"icon\":\"fa6-light--circle-5\",\"title\":\"Recepci\\u00f3n y venta\"}},{\"type\":\"grid_item\",\"props\":{\"content\":\"\n\n<p>Una vez vendido su par, nuestro equipo realizar\\u00e1 la transferencia a su cuenta bancaria, que recibir\\u00e1 en un plazo de 2 a 3 d\\u00edas laborables.<\\\/p>\",\"icon\":\"fa6-light--circle-6\",\"title\":\"Pago\"}}]}]}]}]},{\"type\":\"section\",\"props\":{\"image_position\":\"center-center\",\"style\":\"default\",\"title_breakpoint\":\"xl\",\"title_position\":\"top-left\",\"title_rotation\":\"left\",\"vertical_align\":\"middle\",\"width\":\"xsmall\"},\"children\":[{\"type\":\"row\",\"children\":[{\"type\":\"column\",\"props\":{\"image_position\":\"center-center\",\"position_sticky_breakpoint\":\"m\"},\"children\":[{\"type\":\"icon\",\"props\":{\"icon\":\"fa6-light--stopwatch\",\"icon_width\":60,\"margin\":\"default\",\"text_align\":\"center\"}},{\"type\":\"headline\",\"props\":{\"content\":\"\n\n<p>\\u00bfCu\\u00e1nto tarda de media un par en venderse en OCCASNEAKS?<\\\/p>\",\"text_align\":\"center\",\"title_element\":\"h2\"}}]}]},{\"type\":\"row\",\"children\":[{\"type\":\"column\",\"props\":{\"image_position\":\"center-center\",\"position_sticky_breakpoint\":\"m\"},\"children\":[{\"type\":\"text\",\"props\":{\"column_breakpoint\":\"m\",\"content\":\"\n\n<p>Tendr\\u00e1 que esperar una media de 3 d\\u00edas antes de recibir su transferencia bancaria. La rapidez de las ventas depende de varios factores: Marca, Modelo, Talla, Temporada.<\\\/p>\",\"margin\":\"default\"}}]}]},{\"type\":\"row\",\"children\":[{\"type\":\"column\",\"props\":{\"image_position\":\"center-center\",\"position_sticky_breakpoint\":\"m\"},\"children\":[{\"type\":\"image\",\"props\":{\"image\":\"wp-content\\\/uploads\\\/2024\\\/11\\\/Photoroom_026_20241109_162419.png\",\"image_focal_point\":\"bottom-center\",\"image_height\":350,\"image_svg_color\":\"emphasis\",\"image_width\":500,\"margin\":\"default\",\"text_align\":\"center\"}}]}]}]},{\"type\":\"section\",\"props\":{\"image_position\":\"center-center\",\"style\":\"default\",\"title_breakpoint\":\"xl\",\"title_position\":\"top-left\",\"title_rotation\":\"left\",\"vertical_align\":\"middle\",\"width\":\"xsmall\"},\"children\":[{\"type\":\"row\",\"children\":[{\"type\":\"column\",\"props\":{\"image_position\":\"center-center\",\"position_sticky_breakpoint\":\"m\"},\"children\":[{\"type\":\"divider\",\"props\":{\"divider_element\":\"hr\"}}]}]},{\"type\":\"row\",\"props\":{\"layout\":\"1-5,4-5\"},\"children\":[{\"type\":\"column\",\"props\":{\"image_position\":\"center-center\",\"position_sticky_breakpoint\":\"m\",\"vertical_align\":\"middle\",\"width_default\":\"1-5\",\"width_medium\":\"1-5\"},\"children\":[{\"type\":\"icon\",\"props\":{\"icon\":\"fa6-light--comment-dollar\",\"icon_width\":60,\"margin\":\"default\",\"text_align\":\"center\"}}]},{\"type\":\"column\",\"props\":{\"image_position\":\"center-center\",\"position_sticky_breakpoint\":\"m\",\"width_default\":\"4-5\",\"width_medium\":\"4-5\"},\"children\":[{\"type\":\"text\",\"props\":{\"column_breakpoint\":\"m\",\"content\":\"\n\n<p>Nuestro equipo de compras en OCCASNEAKS est\\u00e1 ah\\u00ed para filtrar las zapatillas en el momento de la oferta de intercambio o consignaci\\u00f3n. Si tu par ha sido aceptado en el sitio, es probable que se venda r\\u00e1pidamente.<\\\/p>\",\"margin\":\"default\"}}]}]},{\"type\":\"row\",\"children\":[{\"type\":\"column\",\"props\":{\"image_position\":\"center-center\",\"position_sticky_breakpoint\":\"m\"},\"children\":[{\"type\":\"divider\",\"props\":{\"divider_element\":\"hr\"}}]}]}]},{\"type\":\"section\",\"props\":{\"image_position\":\"center-center\",\"padding\":\"large\",\"padding_remove_top\":false,\"style\":\"secondary\",\"title_breakpoint\":\"xl\",\"title_position\":\"top-left\",\"title_rotation\":\"left\",\"vertical_align\":\"middle\",\"width\":\"default\"},\"children\":[{\"type\":\"row\",\"children\":[{\"type\":\"column\",\"props\":{\"image_position\":\"center-center\",\"position_sticky_breakpoint\":\"m\"},\"children\":[{\"type\":\"headline\",\"props\":{\"content\":\"\n\n<p>\\u00a1Una vez que hayas vendido tu par!<\\\/p>\",\"margin\":\"large\",\"title_element\":\"h2\"}},{\"type\":\"text\",\"props\":{\"column_breakpoint\":\"m\",\"content\":\"\n\n<p>Cuando se vendan tus zapatillas, se te enviar\\u00e1 un correo electr\\u00f3nico y se modificar\\u00e1 el estado de tu dep\\u00f3sito de venta en tu \\u00e1rea de cliente (\\u00e1rea de cliente &gt; Mis ventas). Tus zapatillas se enviar\\u00e1n al cliente que realiz\\u00f3 el pedido el mismo d\\u00eda o al d\\u00eda siguiente. Al mismo tiempo, nuestro equipo de Compras realizar\\u00e1 tu transferencia bancaria utilizando los datos (RIB) que se te solicitaron en el formulario de venta.<\\\/p>\\n\n\n<p>Si no ha recibido su transferencia bancaria el mismo d\\u00eda, no se preocupe, llegar\\u00e1 a su cuenta bancaria normalmente de 2 a 3 d\\u00edas laborables despu\\u00e9s de la venta.<\\\/p>\",\"margin\":\"default\"}}]}]}]},{\"type\":\"section\",\"props\":{\"image_position\":\"center-center\",\"style\":\"default\",\"title_breakpoint\":\"xl\",\"title_position\":\"top-left\",\"title_rotation\":\"left\",\"vertical_align\":\"middle\",\"width\":\"xsmall\"},\"children\":[{\"type\":\"row\",\"children\":[{\"type\":\"column\",\"props\":{\"image_position\":\"center-center\",\"position_sticky_breakpoint\":\"m\"},\"children\":[{\"type\":\"headline\",\"props\":{\"content\":\"\n\n<p>\\u00bfQuiero que me devuelvan el par o que me rebajen el precio para acelerar la venta?<\\\/p>\",\"title_element\":\"h2\"}},{\"type\":\"text\",\"props\":{\"column_breakpoint\":\"m\",\"content\":\"\n\n<p>OCCASNEAKS se concede 1 mes para vender su par, transcurrido el cual usted es libre de solicitar la devoluci\\u00f3n del par u ofrecer un precio inferior.<\\\/p>\\n\n\n<p>Se ha dedicado un correo electr\\u00f3nico a este tipo de solicitud: mesventes@occasneaks.fr<\\\/p>\\n\n\n<p>Si tiene alguna duda, env\\u00ede un correo electr\\u00f3nico a esta direcci\\u00f3n y nuestro equipo de compras le responder\\u00e1 todos los d\\u00edas de lunes a viernes.<\\\/p>\",\"margin\":\"default\"}},{\"type\":\"button\",\"props\":{\"grid_column_gap\":\"small\",\"grid_row_gap\":\"small\",\"margin\":\"large\",\"text_align\":\"center\"},\"children\":[{\"type\":\"button_item\",\"props\":{\"button_style\":\"default\",\"content\":\"Acceder al formulario\",\"icon\":\"fa6-light--arrow-right\",\"icon_align\":\"right\",\"link\":\"es\\\/formulario-de-canje\\\/\"}}]}]}]}]}],\"version\":\"4.4.12\",\"yooessentialsVersion\":\"2.2.24\"} --><\/p>\n","protected":false},"excerpt":{"rendered":"<p>Venda su par en Occasneaks \u00a1Occasneaks te ofrece la posibilidad de vender tu par en OCCASNEAKS! Acceder al formulario \u00bfC\u00f3mo funciona? Propuesta de adquisici\u00f3n Rellena el formulario y env\u00eda tu par a Occasneaks. Presupuesto Le haremos una oferta de precio que se le abonar\u00e1 una vez que el par se haya vendido en el sitio. [&hellip;]<\/p>\n","protected":false},"author":4113,"featured_media":0,"parent":0,"menu_order":0,"comment_status":"closed","ping_status":"closed","template":"","meta":{"_acf_changed":false,"footnotes":""},"class_list":["post-686152","page","type-page","status-publish","hentry"],"acf":[],"_links":{"self":[{"href":"https:\/\/sell-officiel.com\/es\/wp-json\/wp\/v2\/pages\/686152","targetHints":{"allow":["GET"]}}],"collection":[{"href":"https:\/\/sell-officiel.com\/es\/wp-json\/wp\/v2\/pages"}],"about":[{"href":"https:\/\/sell-officiel.com\/es\/wp-json\/wp\/v2\/types\/page"}],"author":[{"embeddable":true,"href":"https:\/\/sell-officiel.com\/es\/wp-json\/wp\/v2\/users\/4113"}],"replies":[{"embeddable":true,"href":"https:\/\/sell-officiel.com\/es\/wp-json\/wp\/v2\/comments?post=686152"}],"version-history":[{"count":4,"href":"https:\/\/sell-officiel.com\/es\/wp-json\/wp\/v2\/pages\/686152\/revisions"}],"predecessor-version":[{"id":687102,"href":"https:\/\/sell-officiel.com\/es\/wp-json\/wp\/v2\/pages\/686152\/revisions\/687102"}],"wp:attachment":[{"href":"https:\/\/sell-officiel.com\/es\/wp-json\/wp\/v2\/media?parent=686152"}],"curies":[{"name":"wp","href":"https:\/\/api.w.org\/{rel}","templated":true}]}}