{"id":46624,"date":"2022-09-15T10:13:47","date_gmt":"2022-09-15T08:13:47","guid":{"rendered":"https:\/\/www.occasneaks.fr\/mi-cuenta\/"},"modified":"2025-08-01T16:57:28","modified_gmt":"2025-08-01T14:57:28","slug":"mi-cuenta","status":"publish","type":"page","link":"https:\/\/sell-officiel.com\/es\/mi-cuenta\/","title":{"rendered":"Mi cuenta"},"content":{"rendered":"<div>\n<div class=\"woocommerce\"><\/div>\n<\/div>\n<ul>\n<li>\n<h3>Mi informaci\u00f3n<\/h3>\n<p><a href=\"\/es\/mi-cuenta\/edit-account\/\"><\/a><\/p>\n<\/li>\n<li>\n<h3>Mis pedidos<\/h3>\n<p><a href=\"\/es\/mi-cuenta\/orders\/\"><\/a><\/p>\n<\/li>\n<li>\n<h3>Mis direcciones<\/h3>\n<p><a href=\"\/es\/mi-cuenta\/edit-address\/\"><\/a><\/p>\n<\/li>\n<li>\n<h3>Mis formas de pago<\/h3>\n<p><a href=\"\/es\/mi-cuenta\/payment-methods\/\"><\/a><\/p>\n<\/li>\n<li>\n<h3>Mis ventas<\/h3>\n<p><a href=\"\/es\/mi-cuenta\/mis-ventas\/\"><\/a><\/p>\n<\/li>\n<li>\n<h3>Desconexi\u00f3n<\/h3>\n<p><a href=\"\/wp-login.php?action=logout&amp;redirect_to=https%3A%2F%2Fwww.occasneaks.fr\"><\/a><\/p>\n<\/li>\n<li>\n<h3>Eliminaci\u00f3n de la cuenta<\/h3>\n<p><a href=\"\/es\/eliminacion-de-la-cuenta\/\"><\/a><\/p>\n<\/li>\n<\/ul>\n<p>\n    <a href=\"\/es\/se-conecta\/\">Con\u00e9ctame<\/a>\n<\/p>\n<p>\n    <a href=\"\/es\/crear-mi-cuenta\/\">Crear mi cuenta<\/a>\n<\/p>\n<p>\n    <a href=\"\/es\/se-conecta\/\">Con\u00e9ctame<\/a>\n<\/p>\n<p>\n    <a href=\"\/es\/crear-mi-cuenta\/\">Crear mi cuenta<\/a>\n<\/p>\n<p><!--more--><br \/>\n<!-- {\"type\":\"layout\",\"children\":[{\"type\":\"section\",\"props\":{\"height\":\"section\",\"height_offset_top\":true,\"image\":\"wp-content\\\/uploads\\\/2024\\\/11\\\/Valise-OCCASNEAKS-1-1.png\",\"image_position\":\"center-center\",\"image_size\":\"cover\",\"media_overlay\":\"rgba(0, 0, 0, 0.9)\",\"style\":\"default\",\"title_breakpoint\":\"xl\",\"title_position\":\"top-left\",\"title_rotation\":\"left\",\"vertical_align\":\"\",\"width\":\"small\",\"yooessentials_access_conditions\":[],\"yooessentials_access_mode\":\"AND\"},\"children\":[{\"type\":\"row\",\"children\":[{\"type\":\"column\",\"props\":{\"image_position\":\"center-center\",\"position_sticky_breakpoint\":\"m\"},\"children\":[{\"type\":\"headline\",\"props\":{\"text_align\":\"center\",\"title_element\":\"h1\"},\"source_extended\":{\"props\":{\"content\":{\"filters\":{\"search\":\"\",\"before\":\"Bienvenido, \"},\"name\":\"user.firstName\",\"query\":{\"name\":\"site\"}}}},\"source\":{}},{\"type\":\"text\",\"props\":{\"column_breakpoint\":\"m\",\"content\":\"\n\n<p>[woocommerce_my_account]<\\\/p>\",\"margin\":\"default\",\"text_align\":\"center\",\"yooessentials_access_conditions\":[],\"yooessentials_access_mode\":\"AND\"}},{\"type\":\"module_position\",\"props\":{\"breakpoint\":\"m\",\"content\":\"builder-6\",\"layout\":\"stack\",\"text_align\":\"center\"}},{\"type\":\"grid\",\"props\":{\"block_align\":\"center\",\"content_column_breakpoint\":\"m\",\"css\":\"svg {\\n width: 45px;\\n    max-width: 45px;\\n}\",\"filter_align\":\"left\",\"filter_all\":true,\"filter_grid_breakpoint\":\"m\",\"filter_grid_width\":\"auto\",\"filter_position\":\"top\",\"filter_style\":\"tab\",\"grid_column_align\":true,\"grid_column_gap\":\"large\",\"grid_default\":\"2\",\"grid_divider\":false,\"grid_medium\":\"\",\"grid_row_gap\":\"large\",\"icon_width\":\"40\",\"image_align\":\"top\",\"image_grid_breakpoint\":\"m\",\"image_grid_width\":\"1-2\",\"image_svg_color\":\"emphasis\",\"item_animation\":true,\"link_margin\":\"xlarge\",\"link_style\":\"default\",\"link_text\":\"\",\"margin\":\"large\",\"maxwidth\":\"large\",\"meta_align\":\"below-title\",\"meta_element\":\"div\",\"meta_margin\":\"medium\",\"meta_style\":\"text-meta\",\"panel_link\":true,\"show_content\":true,\"show_image\":true,\"show_link\":true,\"show_meta\":true,\"show_title\":true,\"text_align\":\"center\",\"title_align\":\"top\",\"title_element\":\"h3\",\"title_grid_breakpoint\":\"m\",\"title_grid_width\":\"1-2\",\"title_hover_style\":\"reset\",\"title_margin\":\"small\",\"title_style\":\"h5\",\"yooessentials_access_conditions\":[{\"type\":\"yooessentials_access_url\",\"id\":\"ci_21C6DE\",\"props\":{\"urls\":\"^https:\\\\\\\/\\\\\\\/www\\\\.occasneaks\\\\.fr\\\\\\\/es\\\\\\\/mi-cuenta\\\\\\\/$\",\"regex\":true,\"reversed\":false}}],\"yooessentials_access_mode\":\"AND\"},\"children\":[{\"type\":\"grid_item\",\"props\":{\"icon\":\"fa6-light--id-card\",\"link\":\"es\\\/mi-cuenta\\\/edit-account\\\/\",\"title\":\"Mi informaci\\u00f3n\"}},{\"type\":\"grid_item\",\"props\":{\"icon\":\"fa6-light--box-open\",\"link\":\"es\\\/mi-cuenta\\\/orders\\\/\",\"title\":\"Mis pedidos\"}},{\"type\":\"grid_item\",\"props\":{\"icon\":\"fa6-light--map-location-dot\",\"link\":\"es\\\/mi-cuenta\\\/edit-address\\\/\",\"title\":\"Mis direcciones\"}},{\"type\":\"grid_item\",\"props\":{\"icon\":\"fa6-light--credit-card-front\",\"link\":\"es\\\/mi-cuenta\\\/payment-methods\\\/\",\"title\":\"Mis formas de pago\"}},{\"type\":\"grid_item\",\"props\":{\"icon\":\"fa6-light--arrows-rotate\",\"link\":\"es\\\/mi-cuenta\\\/mis-ventas\\\/\",\"title\":\"Mis ventas\"}},{\"type\":\"grid_item\",\"props\":{\"icon\":\"fa6-light--power-off\",\"link\":\"wp-login.php?action=logout&redirect_to=https%3A%2F%2Fwww.occasneaks.fr\",\"title\":\"Desconexi\\u00f3n\"}},{\"type\":\"grid_item\",\"props\":{\"icon\":\"fa6-light--user-slash\",\"link\":\"es\\\/eliminacion-de-la-cuenta\\\/\",\"title\":\"Eliminaci\\u00f3n de la cuenta\"}}],\"name\":\"Grid Mon Compte\"},{\"type\":\"subnav\",\"props\":{\"subnav_style\":\"divider\",\"text_align\":\"center\"},\"children\":[{\"type\":\"subnav_item\",\"props\":{\"yooessentials_access_conditions\":[],\"yooessentials_access_mode\":\"AND\"},\"source\":{\"query\":{\"name\":\"customMenuItems\",\"arguments\":{\"id\":1675,\"parent\":\"\",\"heading\":\"\",\"include_heading\":true,\"ids\":[\"821111\",\"821113\",\"821114\"]}},\"props\":{\"content\":{\"filters\":{\"search\":\"\"},\"name\":\"title\"},\"link\":{\"filters\":{\"search\":\"\"},\"name\":\"url\"}}}}],\"name\":\"Subnav Mentions L\\u00e9gales\"}]}],\"props\":{\"yooessentials_access_conditions\":[{\"type\":\"yooessentials_access_dynamic\",\"id\":\"ci_B60069\",\"props\":{\"condition\":\"!\",\"reversed\":false},\"source_extended\":{\"props\":{\"value\":{\"filters\":{\"search\":\"\"},\"name\":\"is_guest\",\"query\":{\"name\":\"site\"}}}}}],\"yooessentials_access_mode\":\"AND\"}}]},{\"type\":\"section\",\"props\":{\"header_transparent\":true,\"header_transparent_noplaceholder\":true,\"height\":\"viewport\",\"height_offset_top\":true,\"height_viewport\":100,\"image_position\":\"center-center\",\"padding\":\"none\",\"style\":\"default\",\"title_breakpoint\":\"xl\",\"title_position\":\"top-left\",\"title_rotation\":\"left\",\"vertical_align\":\"middle\",\"width\":\"\",\"yooessentials_access_conditions\":[{\"type\":\"yooessentials_access_device\",\"id\":\"ci_641B9F\",\"props\":{\"devices\":[\"mobile\",\"tablet\"]}}],\"yooessentials_access_mode\":\"AND\"},\"children\":[{\"type\":\"row\",\"props\":{\"class\":\"uk-hidden-large\",\"column_gap\":\"collapse\",\"css\":\".uk-grid-row-small > .uk-grid-margin {\\n    margin-top: 1px !important;\\n}\",\"divider\":true,\"height\":\"viewport\",\"height_viewport\":50,\"layout\":\"1-2,1-2\",\"row_gap\":\"collapse\",\"yooessentials_access_conditions\":[{\"type\":\"yooessentials_access_dynamic\",\"id\":\"ci_47EF30\",\"props\":{\"condition\":\"!\",\"reversed\":true},\"source_extended\":{\"props\":{\"value\":{\"filters\":{\"search\":\"\"},\"name\":\"is_guest\",\"query\":{\"name\":\"site\"}}}}}],\"yooessentials_access_mode\":\"AND\"},\"children\":[{\"type\":\"column\",\"props\":{\"image\":\"wp-content\\\/uploads\\\/2024\\\/12\\\/7082cbcb-177a-4c51-bfdd-76b95b74b2af.jpg\",\"image_position\":\"center-center\",\"image_size\":\"cover\",\"media_overlay\":\"rgba(0, 0, 0, 0.45)\",\"position_sticky_breakpoint\":\"m\",\"vertical_align\":\"middle\",\"width_large\":\"1-2\"},\"children\":[{\"type\":\"button\",\"props\":{\"grid_column_gap\":\"small\",\"grid_row_gap\":\"small\",\"margin\":\"default\",\"position\":\"relative\",\"position_top\":\"20\",\"text_align\":\"center\"},\"children\":[{\"type\":\"button_item\",\"props\":{\"button_style\":\"default\",\"content\":\"Con\\u00e9ctame\",\"icon\":\"fa6-light--arrow-right\",\"icon_align\":\"right\",\"link\":\"es\\\/se-conecta\\\/\"}}]}]},{\"type\":\"column\",\"props\":{\"image\":\"wp-content\\\/uploads\\\/2024\\\/12\\\/IMG_0762-scaled.jpeg\",\"image_position\":\"center-center\",\"image_size\":\"cover\",\"media_overlay\":\"rgba(0, 0, 0, 0.45)\",\"position_sticky_breakpoint\":\"m\",\"vertical_align\":\"middle\",\"width_large\":\"1-2\"},\"children\":[{\"type\":\"button\",\"props\":{\"grid_column_gap\":\"small\",\"grid_row_gap\":\"small\",\"margin\":\"default\",\"position\":\"relative\",\"position_top\":\"20\",\"text_align\":\"center\"},\"children\":[{\"type\":\"button_item\",\"props\":{\"button_style\":\"default\",\"content\":\"Crear mi cuenta\",\"icon\":\"fa6-light--arrow-right\",\"icon_align\":\"right\",\"link\":\"es\\\/crear-mi-cuenta\\\/\"}}]}]}]}],\"name\":\"Logged Out + Mobile Tablet\"},{\"type\":\"section\",\"props\":{\"header_transparent\":true,\"header_transparent_noplaceholder\":true,\"height\":\"viewport\",\"height_offset_top\":false,\"height_viewport\":100,\"image_position\":\"center-center\",\"padding\":\"none\",\"style\":\"default\",\"title_breakpoint\":\"xl\",\"title_position\":\"top-left\",\"title_rotation\":\"left\",\"vertical_align\":\"middle\",\"width\":\"\",\"yooessentials_access_conditions\":[{\"type\":\"yooessentials_access_device\",\"id\":\"ci_C8865C\",\"props\":{\"devices\":[\"desktop\"]}}],\"yooessentials_access_mode\":\"AND\"},\"children\":[{\"type\":\"row\",\"props\":{\"class\":\"uk-hidden-large\",\"column_gap\":\"collapse\",\"divider\":true,\"height\":\"viewport\",\"height_viewport\":100,\"layout\":\"1-2,1-2\",\"row_gap\":\"collapse\",\"yooessentials_access_conditions\":[{\"type\":\"yooessentials_access_dynamic\",\"id\":\"ci_47EF30\",\"props\":{\"condition\":\"!\",\"reversed\":true},\"source_extended\":{\"props\":{\"value\":{\"filters\":{\"search\":\"\"},\"name\":\"is_guest\",\"query\":{\"name\":\"site\"}}}}}],\"yooessentials_access_mode\":\"AND\"},\"children\":[{\"type\":\"column\",\"props\":{\"image\":\"wp-content\\\/uploads\\\/2024\\\/12\\\/7082cbcb-177a-4c51-bfdd-76b95b74b2af.jpg\",\"image_position\":\"center-center\",\"image_size\":\"cover\",\"media_overlay\":\"rgba(0, 0, 0, 0.5)\",\"position_sticky_breakpoint\":\"m\",\"vertical_align\":\"middle\",\"width_medium\":\"1-2\"},\"children\":[{\"type\":\"button\",\"props\":{\"button_size\":\"large\",\"grid_column_gap\":\"small\",\"grid_row_gap\":\"small\",\"margin\":\"default\",\"position\":\"relative\",\"position_top\":\"20\",\"text_align\":\"center\"},\"children\":[{\"type\":\"button_item\",\"props\":{\"button_style\":\"default\",\"content\":\"Con\\u00e9ctame\",\"icon\":\"fa6-light--arrow-right\",\"icon_align\":\"right\",\"link\":\"es\\\/se-conecta\\\/\"}}]}]},{\"type\":\"column\",\"props\":{\"image\":\"wp-content\\\/uploads\\\/2024\\\/12\\\/IMG_0762-scaled.jpeg\",\"image_position\":\"center-center\",\"image_size\":\"cover\",\"media_overlay\":\"rgba(0, 0, 0, 0.5)\",\"position_sticky_breakpoint\":\"m\",\"vertical_align\":\"middle\",\"width_medium\":\"1-2\"},\"children\":[{\"type\":\"button\",\"props\":{\"button_size\":\"large\",\"grid_column_gap\":\"small\",\"grid_row_gap\":\"small\",\"margin\":\"default\",\"position\":\"relative\",\"position_top\":\"20\",\"text_align\":\"center\"},\"children\":[{\"type\":\"button_item\",\"props\":{\"button_style\":\"default\",\"content\":\"Crear mi cuenta\",\"icon\":\"fa6-light--arrow-right\",\"icon_align\":\"right\",\"link\":\"es\\\/crear-mi-cuenta\\\/\"}}]}]}]}],\"name\":\"Logged Out + Desktop\"}],\"version\":\"4.4.12\",\"yooessentialsVersion\":\"2.2.24\"} --><\/p>\n","protected":false},"excerpt":{"rendered":"<p>Mi informaci\u00f3n Mis pedidos Mis direcciones Mis formas de pago Mis ventas Desconexi\u00f3n Eliminaci\u00f3n de la cuenta Con\u00e9ctame Crear mi cuenta Con\u00e9ctame Crear mi cuenta<\/p>\n","protected":false},"author":1,"featured_media":0,"parent":0,"menu_order":0,"comment_status":"closed","ping_status":"closed","template":"","meta":{"_acf_changed":false,"footnotes":""},"class_list":["post-46624","page","type-page","status-publish","hentry"],"acf":[],"_links":{"self":[{"href":"https:\/\/sell-officiel.com\/es\/wp-json\/wp\/v2\/pages\/46624","targetHints":{"allow":["GET"]}}],"collection":[{"href":"https:\/\/sell-officiel.com\/es\/wp-json\/wp\/v2\/pages"}],"about":[{"href":"https:\/\/sell-officiel.com\/es\/wp-json\/wp\/v2\/types\/page"}],"author":[{"embeddable":true,"href":"https:\/\/sell-officiel.com\/es\/wp-json\/wp\/v2\/users\/1"}],"replies":[{"embeddable":true,"href":"https:\/\/sell-officiel.com\/es\/wp-json\/wp\/v2\/comments?post=46624"}],"version-history":[{"count":12,"href":"https:\/\/sell-officiel.com\/es\/wp-json\/wp\/v2\/pages\/46624\/revisions"}],"predecessor-version":[{"id":821768,"href":"https:\/\/sell-officiel.com\/es\/wp-json\/wp\/v2\/pages\/46624\/revisions\/821768"}],"wp:attachment":[{"href":"https:\/\/sell-officiel.com\/es\/wp-json\/wp\/v2\/media?parent=46624"}],"curies":[{"name":"wp","href":"https:\/\/api.w.org\/{rel}","templated":true}]}}