{"id":358114,"date":"2023-07-11T13:23:51","date_gmt":"2023-07-11T11:23:51","guid":{"rendered":"https:\/\/www.occasneaks.fr\/crear-mi-cuenta\/"},"modified":"2025-01-28T13:08:49","modified_gmt":"2025-01-28T12:08:49","slug":"crear-mi-cuenta","status":"publish","type":"page","link":"https:\/\/sell-officiel.com\/es\/crear-mi-cuenta\/","title":{"rendered":"Crear mi cuenta"},"content":{"rendered":"<h1>Crear mi cuenta<\/h1>\n<div>\n<style id=\"wpforms-css-vars-363744\">\n\t\t\t\t#wpforms-363744 {\n\t\t\t\t\n\t\t\t}\n\t\t\t<\/style><div class=\"wpforms-container wpforms-container-full uk-light uk-panel wpforms-render-modern\" id=\"wpforms-363744\"><form id=\"wpforms-form-363744\" class=\"wpforms-validate wpforms-form wpforms-ajax-form\" data-formid=\"363744\" method=\"post\" enctype=\"multipart\/form-data\" action=\"\/es\/wp-json\/wp\/v2\/pages\/358114\" data-token=\"5fba73f520599d2d84b5b78727f829e4\" data-token-time=\"1776586438\"><noscript class=\"wpforms-error-noscript\">Por favor, activa JavaScript en tu navegador para completar este formulario.<\/noscript><div id=\"wpforms-error-noscript\" style=\"display: none;\">Por favor, activa JavaScript en tu navegador para completar este formulario.<\/div><div class=\"wpforms-field-container\"><div id=\"wpforms-363744-field_19-container\" class=\"wpforms-field wpforms-field-layout\" data-field-id=\"19\"><div class=\"wpforms-field-layout-columns wpforms-field-layout-preset-100\"><div class=\"wpforms-layout-column wpforms-layout-column-100\" ><div id=\"wpforms-363744-field_16-container\" class=\"wpforms-field wpforms-field-name\" data-field-id=\"16\"><label class=\"wpforms-field-label\" for=\"wpforms-363744-field_16\">Apellido <span class=\"wpforms-required-label\" aria-hidden=\"true\">*<\/span><\/label><input type=\"text\" id=\"wpforms-363744-field_16\" class=\"wpforms-field-large wpforms-field-required\" name=\"wpforms[fields][16]\" aria-errormessage=\"wpforms-363744-field_16-error\" required><\/div><div id=\"wpforms-363744-field_15-container\" class=\"wpforms-field wpforms-field-text\" data-field-id=\"15\"><label class=\"wpforms-field-label\" for=\"wpforms-363744-field_15\">Nombre<\/label><input type=\"text\" id=\"wpforms-363744-field_15\" class=\"wpforms-field-large\" name=\"wpforms[fields][15]\" aria-errormessage=\"wpforms-363744-field_15-error\" ><\/div><div id=\"wpforms-363744-field_2-container\" class=\"wpforms-field wpforms-field-email\" data-field-id=\"2\"><label class=\"wpforms-field-label\" for=\"wpforms-363744-field_2\">E-mail <span class=\"wpforms-required-label\" aria-hidden=\"true\">*<\/span><\/label><input type=\"email\" id=\"wpforms-363744-field_2\" class=\"wpforms-field-large wpforms-field-required\" name=\"wpforms[fields][2]\" spellcheck=\"false\" aria-errormessage=\"wpforms-363744-field_2-error\" required><\/div><div id=\"wpforms-363744-field_6-container\" class=\"wpforms-field wpforms-field-phone\" data-field-id=\"6\"><label class=\"wpforms-field-label\" for=\"wpforms-363744-field_6\">Tel\u00e9fono<\/label><input type=\"tel\" id=\"wpforms-363744-field_6\" class=\"wpforms-field-large wpforms-smart-phone-field\" data-rule-smart-phone-field=\"true\" name=\"wpforms[fields][6]\" aria-label=\"Tel\u00e9fono\" aria-errormessage=\"wpforms-363744-field_6-error\" ><\/div><div id=\"wpforms-363744-field_9-container\" class=\"wpforms-field wpforms-field-text\" data-field-id=\"9\"><label class=\"wpforms-field-label\" for=\"wpforms-363744-field_9\">Direcci\u00f3n <span class=\"wpforms-required-label\" aria-hidden=\"true\">*<\/span><\/label><input type=\"text\" id=\"wpforms-363744-field_9\" class=\"wpforms-field-large wpforms-field-required\" name=\"wpforms[fields][9]\" aria-errormessage=\"wpforms-363744-field_9-error\" required><\/div><div id=\"wpforms-363744-field_10-container\" class=\"wpforms-field wpforms-field-text\" data-field-id=\"10\"><label class=\"wpforms-field-label\" for=\"wpforms-363744-field_10\">C\u00f3digo postal <span class=\"wpforms-required-label\" aria-hidden=\"true\">*<\/span><\/label><input type=\"text\" id=\"wpforms-363744-field_10\" class=\"wpforms-field-large wpforms-field-required\" name=\"wpforms[fields][10]\" aria-errormessage=\"wpforms-363744-field_10-error\" required><\/div><div id=\"wpforms-363744-field_11-container\" class=\"wpforms-field wpforms-field-text\" data-field-id=\"11\"><label class=\"wpforms-field-label\" for=\"wpforms-363744-field_11\">Ciudad <span class=\"wpforms-required-label\" aria-hidden=\"true\">*<\/span><\/label><input type=\"text\" id=\"wpforms-363744-field_11\" class=\"wpforms-field-large wpforms-field-required\" name=\"wpforms[fields][11]\" aria-errormessage=\"wpforms-363744-field_11-error\" required><\/div><div id=\"wpforms-363744-field_18-container\" class=\"wpforms-field wpforms-field-select wpforms-field-select-style-classic\" data-field-id=\"18\"><label class=\"wpforms-field-label\" for=\"wpforms-363744-field_18\">Pa\u00eds <span class=\"wpforms-required-label\" aria-hidden=\"true\">*<\/span><\/label><select id=\"wpforms-363744-field_18\" class=\"wpforms-field-large wpforms-field-required\" name=\"wpforms[fields][18]\" required=\"required\"><option value=\"DE\"  class=\"choice-513 depth-1\"  >Alemania<\/option><option value=\"AT\"  class=\"choice-514 depth-1\"  >Austria<\/option><option value=\"BE\"  class=\"choice-519 depth-1\"  >B\u00e9lgica<\/option><option value=\"BG\"  class=\"choice-541 depth-1\"  >Bulgaria<\/option><option value=\"CY\"  class=\"choice-540 depth-1\"  >Chipre<\/option><option value=\"HR\"  class=\"choice-539 depth-1\"  >Croacia<\/option><option value=\"DK\"  class=\"choice-538 depth-1\"  >Dinamarca<\/option><option value=\"ES\"  selected='selected' class=\"choice-537 depth-1\"  >Espa\u00f1a<\/option><option value=\"EE\"  class=\"choice-536 depth-1\"  >Estonia<\/option><option value=\"FI\"  class=\"choice-535 depth-1\"  >Finlandia<\/option><option value=\"FR\"  class=\"choice-534 depth-1\"  >Francia<\/option><option value=\"GR\"  class=\"choice-533 depth-1\"  >Grecia<\/option><option value=\"HU\"  class=\"choice-532 depth-1\"  >Hungr\u00eda<\/option><option value=\"IE\"  class=\"choice-531 depth-1\"  >Irlanda<\/option><option value=\"IT\"  class=\"choice-530 depth-1\"  >Italia<\/option><option value=\"LV\"  class=\"choice-529 depth-1\"  >Letonia<\/option><option value=\"LT\"  class=\"choice-528 depth-1\"  >Lituania<\/option><option value=\"LU\"  class=\"choice-527 depth-1\"  >Luxemburgo<\/option><option value=\"MT\"  class=\"choice-526 depth-1\"  >Malta<\/option><option value=\"NL\"  class=\"choice-525 depth-1\"  >Pa\u00edses Bajos<\/option><option value=\"PL\"  class=\"choice-524 depth-1\"  >Polonia<\/option><option value=\"PT\"  class=\"choice-523 depth-1\"  >Portugal<\/option><option value=\"RO\"  class=\"choice-522 depth-1\"  >Ruman\u00eda<\/option><option value=\"SK\"  class=\"choice-520 depth-1\"  >Eslovaquia<\/option><option value=\"SI\"  class=\"choice-516 depth-1\"  >Eslovenia<\/option><option value=\"SE\"  class=\"choice-521 depth-1\"  >Suecia<\/option><option value=\"CZ\"  class=\"choice-542 depth-1\"  >Rep\u00fablica Checa<\/option><\/select><\/div><div id=\"wpforms-363744-field_7-container\" class=\"wpforms-field wpforms-field-password\" data-field-id=\"7\"><label class=\"wpforms-field-label\" for=\"wpforms-363744-field_7\">Contrase\u00f1a <span class=\"wpforms-required-label\" aria-hidden=\"true\">*<\/span><\/label><input type=\"password\" id=\"wpforms-363744-field_7\" class=\"wpforms-field-large wpforms-field-required\" name=\"wpforms[fields][7]\" spellcheck=\"false\" aria-errormessage=\"wpforms-363744-field_7-error\" required><\/div><div id=\"wpforms-363744-field_40-container\" class=\"wpforms-field wpforms-field-payment-checkbox\" data-field-id=\"40\"><fieldset><legend class=\"wpforms-field-label wpforms-label-hide\" aria-hidden=\"false\">\u00c9l\u00e9ments de case \u00e0 cocher <span class=\"wpforms-required-label\" aria-hidden=\"true\">*<\/span><\/legend><ul id=\"wpforms-363744-field_40\" class=\"wpforms-field-required\"><li class=\"choice-1\"><input type=\"checkbox\" id=\"wpforms-363744-field_40_1\" class=\"wpforms-payment-price\" data-amount=\"0,00\" name=\"wpforms[fields][40][]\" value=\"1\" aria-errormessage=\"wpforms-363744-field_40_1-error\" aria-describedby=\"wpforms-363744-field_40-description\" required ><label class=\"wpforms-field-label-inline\" for=\"wpforms-363744-field_40_1\">Acepto la pol\u00edtica de datos personales<\/label><\/li><\/ul><div id=\"wpforms-363744-field_40-description\" class=\"wpforms-field-description\">Sus datos personales se utilizar\u00e1n para acompa\u00f1arle durante su visita al sitio web, para gestionar el acceso a su cuenta y para otros fines descritos en <a href=\"https:\/\/www.occasneaks.fr\/mentions-legales\/\" rel=\"nofollow noopener\" target=\"_blank\">nuestra pol\u00edtica de privacidad.<\/a><\/div><\/fieldset><\/div><\/div><\/div><\/div><\/div><!-- .wpforms-field-container --><div class=\"wpforms-submit-container\" ><input type=\"hidden\" name=\"wpforms[id]\" value=\"363744\"><input type=\"hidden\" name=\"page_title\" value=\"\"><input type=\"hidden\" name=\"page_url\" value=\"https:\/\/sell-officiel.com\/es\/wp-json\/wp\/v2\/pages\/358114\"><input type=\"hidden\" name=\"url_referer\" value=\"\"><button type=\"submit\" name=\"wpforms[submit]\" id=\"wpforms-submit-363744\" class=\"wpforms-submit uk-light\" data-alt-text=\"Env\u00edo de datos...\" data-submit-text=\"Crear mi cuenta\" aria-live=\"assertive\" value=\"wpforms-submit\">Crear mi cuenta<\/button><img decoding=\"async\" src=\"https:\/\/sell-officiel.com\/wp-content\/plugins\/wpforms\/assets\/images\/submit-spin.svg\" class=\"wpforms-submit-spinner\" style=\"display: none;\" width=\"26\" height=\"26\" alt=\"Cargando\"><\/div><\/form><\/div>  <!-- .wpforms-container --><\/div>\n<p><!--more--><br \/>\n<!-- {\"type\":\"layout\",\"children\":[{\"type\":\"section\",\"props\":{\"image\":\"wp-content\\\/uploads\\\/2024\\\/12\\\/IMG_0991-scaled.jpeg\",\"image_position\":\"center-center\",\"media_overlay\":\"rgba(0, 0, 0, 0.68)\",\"padding\":\"large\",\"style\":\"default\",\"title_breakpoint\":\"xl\",\"title_position\":\"top-left\",\"title_rotation\":\"left\",\"vertical_align\":\"middle\",\"width\":\"default\"},\"children\":[{\"type\":\"row\",\"children\":[{\"type\":\"column\",\"props\":{\"image_position\":\"center-center\",\"position_sticky_breakpoint\":\"m\"},\"children\":[{\"type\":\"headline\",\"props\":{\"block_align\":\"center\",\"content\":\"Crear mi cuenta\",\"maxwidth\":\"xlarge\",\"text_align\":\"center\",\"title_element\":\"h1\",\"title_style\":\"heading-xlarge\"}}]}]}],\"name\":\"H\\u00e9rooooo\"},{\"type\":\"section\",\"props\":{\"header_transparent\":false,\"header_transparent_noplaceholder\":true,\"header_transparent_text_color\":\"light\",\"image_position\":\"center-center\",\"style\":\"default\",\"title_breakpoint\":\"xl\",\"title_position\":\"top-left\",\"title_rotation\":\"left\",\"vertical_align\":\"\",\"width\":\"xsmall\"},\"children\":[{\"type\":\"row\",\"children\":[{\"type\":\"column\",\"props\":{\"image_position\":\"center-center\",\"position_sticky_breakpoint\":\"m\"},\"children\":[{\"type\":\"html\",\"props\":{\"content\":\"[wpforms id=\\\"363744\\\" title=\\\"false\\\"]\"}}]}]}]}],\"version\":\"4.4.12\",\"yooessentialsVersion\":\"2.2.24\"} --><\/p>\n","protected":false},"excerpt":{"rendered":"<p>Crear mi cuenta<\/p>\n","protected":false},"author":1,"featured_media":0,"parent":0,"menu_order":0,"comment_status":"closed","ping_status":"closed","template":"","meta":{"_acf_changed":false,"footnotes":""},"class_list":["post-358114","page","type-page","status-publish","hentry"],"acf":[],"_links":{"self":[{"href":"https:\/\/sell-officiel.com\/es\/wp-json\/wp\/v2\/pages\/358114","targetHints":{"allow":["GET"]}}],"collection":[{"href":"https:\/\/sell-officiel.com\/es\/wp-json\/wp\/v2\/pages"}],"about":[{"href":"https:\/\/sell-officiel.com\/es\/wp-json\/wp\/v2\/types\/page"}],"author":[{"embeddable":true,"href":"https:\/\/sell-officiel.com\/es\/wp-json\/wp\/v2\/users\/1"}],"replies":[{"embeddable":true,"href":"https:\/\/sell-officiel.com\/es\/wp-json\/wp\/v2\/comments?post=358114"}],"version-history":[{"count":1,"href":"https:\/\/sell-officiel.com\/es\/wp-json\/wp\/v2\/pages\/358114\/revisions"}],"predecessor-version":[{"id":684620,"href":"https:\/\/sell-officiel.com\/es\/wp-json\/wp\/v2\/pages\/358114\/revisions\/684620"}],"wp:attachment":[{"href":"https:\/\/sell-officiel.com\/es\/wp-json\/wp\/v2\/media?parent=358114"}],"curies":[{"name":"wp","href":"https:\/\/api.w.org\/{rel}","templated":true}]}}