{"id":86057,"date":"2019-09-03T06:45:05","date_gmt":"2019-09-03T04:45:05","guid":{"rendered":"https:\/\/www.occasneaks.fr\/renseignements\/"},"modified":"2025-01-30T01:07:18","modified_gmt":"2025-01-30T00:07:18","slug":"about-us","status":"publish","type":"page","link":"https:\/\/sell-officiel.com\/en\/about-us\/","title":{"rendered":"About us"},"content":{"rendered":"<h1>La team Occasneaks<\/h1>\n<div>\n<p>Notre \u00e9quipe est constitu\u00e9e de 14 personnes, chacune ayant un r\u00f4le bien pr\u00e9cis afin de vous proposer un service d\u2019une qualit\u00e9 optimale.<\/p>\n<p>Divis\u00e9e en quatre p\u00f4les :<\/p>\n<h3><strong>ACHAT<\/strong><\/h3>\n<p>Charg\u00e9 de d\u00e9nicher les plus belles paires de sneakers du march\u00e9 du luxe de seconde main, tout en respectant des crit\u00e8res stricts pour vous proposer des articles pertinents et au meilleur prix.<\/p>\n<p><strong>Joindre l\u2019\u00e9quipe Achat :<\/strong><\/p>\n<ul>\n<li><strong>Par mail<\/strong> : <a rel=\"noopener\"><span>mesventes<\/span><span>@occasneaks.fr<\/span><\/a><\/li>\n<\/ul>\n<h3><strong>POLYVALENT<\/strong><\/h3>\n<p>Charg\u00e9 de faire tourner la boutique !<\/p>\n<ul>\n<li>Pr\u00e9paration de vos commandes<\/li>\n<li>Mise en valeur des sneakers avant leur mise en ligne sur le site<\/li>\n<li>Organisation des restocks<\/li>\n<\/ul>\n<h3><strong>COMMUNICATION<\/strong><\/h3>\n<p>Charg\u00e9 de cr\u00e9er un contenu attractif et de qualit\u00e9 pour nos r\u00e9seaux sociaux.<\/p>\n<h3><strong>D\u00c9VELOPPEMENT WEB<\/strong><\/h3>\n<p>Charg\u00e9 de g\u00e9rer le site web : am\u00e9lioration, maintenance et optimisation.<\/p>\n<h3><strong>SAV \/ RELATION CLIENT<\/strong><\/h3>\n<p>Charg\u00e9 de r\u00e9pondre \u00e0 vos questions et de r\u00e9soudre tout probl\u00e8me \u00e9ventuel concernant vos commandes.<\/p>\n<p><strong>Joindre le SAV :<\/strong><\/p>\n<ul>\n<li><strong>Par mail<\/strong> : <a rel=\"noopener\"><span>Boutique<\/span><span>@occasneaks.fr<\/span><\/a><\/li>\n<li><strong>Par t\u00e9l\u00e9phone<\/strong> : +33 6 79 74 33 39<\/li>\n<\/ul>\n<hr \/>\n<p><strong>Tu aimerais rejoindre notre \u00e9quipe ?<\/strong><br \/>Nous sommes constamment \u00e0 la recherche de nouveaux profils pour enrichir notre \u00e9quipe jeune et passionn\u00e9e. Postule et tente ta chance :<\/p>\n<p><strong><a rel=\"noopener\"><span>recrutement.occasneaks<\/span><span>@gmail.com<\/span><\/a><\/strong><\/p>\n<\/div>\n<h1>Nos r\u00e9seaux sociaux<\/h1>\n<p><a href=\"https:\/\/www.instagram.com\/occasneaks\/?hl=fr\" rel=\"nofollow noopener\" target=\"_blank\"><img decoding=\"async\" src=\"\/wp-content\/uploads\/2024\/11\/logo-insta.svg\" alt=\"\"><\/a><br \/>\n<a href=\"https:\/\/www.tiktok.com\/@occasneaks\" rel=\"nofollow noopener\" target=\"_blank\"><img decoding=\"async\" src=\"\/wp-content\/uploads\/2024\/11\/logo-tiktok.svg\" alt=\"\"><\/a><\/p>\n<h2>A savoir sur nos services<\/h2>\n<ul>\n<li>\n<h3>Produits<\/h3>\n<div>\n<p>&gt; Occasneaks ach\u00e8te ses sneakers via un service de reprise s\u00e9curis\u00e9, offrant aux clients la possibilit\u00e9 de revendre leurs paires rapidement.<br \/>&gt; Chaque paire est authentifi\u00e9e avec soin. Si une paire est en vente sur le Shop, elle est garantie 100% conforme. Les produits sont nettoy\u00e9s, avec lacets remplac\u00e9s si besoin, et 80% des sneakers sont vendues avec leurs \u00e9l\u00e9ments d\u2019origine (bo\u00eete, dust bag, facture). Une facture Occasneaks est fournie avec chaque achat.<\/p>\n<\/div>\n<\/li>\n<li>\n<h3>Achats &#038; livraisons<\/h3>\n<div>\n<p>&gt; Les achats sur OCCASNEAKS sont s\u00e9curis\u00e9s via Stripe, PayPal, Apple Pay, et Google Pay. Le paiement 4x sans frais est possible via Paypal, attention tout les comptes PayPal ne sont pas \u00e9ligible \u00e0 ce paiement.<br \/>&gt; Les colis sont exp\u00e9di\u00e9s par Colissimo et remis contre signature en point relais ou \u00e0 domicile, avec un d\u00e9lai de livraison de 3 \u00e0 4 jours ouvrables.\u00a0<\/p>\n<\/div>\n<\/li>\n<li>\n<h3>R\u00e9clamations &#038; Retours<\/h3>\n<div>\n<p>&gt; Tu as 14 jours pour retourner une paire si elle ne te convient pas. Le remboursement est effectu\u00e9 sous 5 jours apr\u00e8s r\u00e9ception, hors frais d\u2019envoi.<br \/>&gt; Pour toute r\u00e9clamation, modification de commande ou retour, contacte-nous par mail \u00e0 boutique@occasneaks.fr en mentionnant ton num\u00e9ro de commande pour un traitement plus rapide.<\/p>\n<\/div>\n<\/li>\n<\/ul>\n<ul>\n<li>\n        <a href=\"\/mon-compte\/\"><\/a>\n    <\/li>\n<li>\n        <a href=\"#search\"><\/a>\n    <\/li>\n<li>\n        <a href=\"\/boutique\/\">En stock<\/a>\n    <\/li>\n<\/ul>\n<p><!--more--><br \/>\n<!-- {\"type\":\"layout\",\"children\":[{\"type\":\"section\",\"props\":{\"image\":\"wp-content\\\/uploads\\\/2024\\\/12\\\/copy_D339C79E-08DA-4E6D-80A7-019D53955145.mov\",\"image_position\":\"center-center\",\"image_size\":\"cover\",\"media_focal_point\":\"top-center\",\"media_overlay\":\"rgba(0, 0, 0, 0.68)\",\"padding\":\"large\",\"style\":\"default\",\"title_breakpoint\":\"xl\",\"title_position\":\"top-left\",\"title_rotation\":\"left\",\"vertical_align\":\"middle\",\"width\":\"default\"},\"children\":[{\"type\":\"row\",\"children\":[{\"type\":\"column\",\"props\":{\"image_position\":\"center-center\",\"position_sticky_breakpoint\":\"m\"},\"children\":[{\"type\":\"headline\",\"props\":{\"block_align\":\"center\",\"content\":\"La team Occasneaks\",\"maxwidth\":\"xlarge\",\"text_align\":\"center\",\"title_element\":\"h1\",\"title_style\":\"heading-xlarge\"}}]}]}]},{\"type\":\"section\",\"props\":{\"image_position\":\"center-center\",\"style\":\"default\",\"title_breakpoint\":\"xl\",\"title_position\":\"top-left\",\"title_rotation\":\"left\",\"vertical_align\":\"middle\",\"width\":\"xsmall\"},\"children\":[{\"type\":\"row\",\"children\":[{\"type\":\"column\",\"props\":{\"image_position\":\"center-center\",\"position_sticky_breakpoint\":\"m\"},\"children\":[{\"type\":\"text\",\"props\":{\"column_breakpoint\":\"m\",\"content\":\"\n\n<p>Notre \\u00e9quipe est constitu\\u00e9e de 14 personnes, chacune ayant un r\\u00f4le bien pr\\u00e9cis afin de vous proposer un service d\\u2019une qualit\\u00e9 optimale.<\\\/p>\\n\n\n<p>Divis\\u00e9e en quatre p\\u00f4les :<\\\/p>\\n\n\n<h3><strong>ACHAT<\\\/strong><\\\/h3>\\n\n\n<p>Charg\\u00e9 de d\\u00e9nicher les plus belles paires de sneakers du march\\u00e9 du luxe de seconde main, tout en respectant des crit\\u00e8res stricts pour vous proposer des articles pertinents et au meilleur prix.<\\\/p>\\n\n\n<p><strong>Joindre l\\u2019\\u00e9quipe Achat :<\\\/strong><\\\/p>\\n\n\n<ul>\\n\n\n<li><strong>Par mail<\\\/strong> : <a rel=\\\"noopener\\\"><span>mesventes<\\\/span><span>@occasneaks.fr<\\\/span><\\\/a><\\\/li>\\n<\\\/ul>\\n\n\n<h3><strong>POLYVALENT<\\\/strong><\\\/h3>\\n\n\n<p>Charg\\u00e9 de faire tourner la boutique !<\\\/p>\\n\n\n<ul>\\n\n\n<li>Pr\\u00e9paration de vos commandes<\\\/li>\\n\n\n<li>Mise en valeur des sneakers avant leur mise en ligne sur le site<\\\/li>\\n\n\n<li>Organisation des restocks<\\\/li>\\n<\\\/ul>\\n\n\n<h3><strong>COMMUNICATION<\\\/strong><\\\/h3>\\n\n\n<p>Charg\\u00e9 de cr\\u00e9er un contenu attractif et de qualit\\u00e9 pour nos r\\u00e9seaux sociaux.<\\\/p>\\n\n\n<h3><strong>D\\u00c9VELOPPEMENT WEB<\\\/strong><\\\/h3>\\n\n\n<p>Charg\\u00e9 de g\\u00e9rer le site web : am\\u00e9lioration, maintenance et optimisation.<\\\/p>\\n\n\n<h3><strong>SAV \\\/ RELATION CLIENT<\\\/strong><\\\/h3>\\n\n\n<p>Charg\\u00e9 de r\\u00e9pondre \\u00e0 vos questions et de r\\u00e9soudre tout probl\\u00e8me \\u00e9ventuel concernant vos commandes.<\\\/p>\\n\n\n<p><strong>Joindre le SAV :<\\\/strong><\\\/p>\\n\n\n<ul>\\n\n\n<li><strong>Par mail<\\\/strong> : <a rel=\\\"noopener\\\"><span>Boutique<\\\/span><span>@occasneaks.fr<\\\/span><\\\/a><\\\/li>\\n\n\n<li><strong>Par t\\u00e9l\\u00e9phone<\\\/strong> : +33 6 79 74 33 39<\\\/li>\\n<\\\/ul>\\n\n\n<hr \\\/>\\n\n\n<p><strong>Tu aimerais rejoindre notre \\u00e9quipe ?<\\\/strong><br \\\/>Nous sommes constamment \\u00e0 la recherche de nouveaux profils pour enrichir notre \\u00e9quipe jeune et passionn\\u00e9e. Postule et tente ta chance :<\\\/p>\\n\n\n<p><strong><a rel=\\\"noopener\\\"><span>recrutement.occasneaks<\\\/span><span>@gmail.com<\\\/span><\\\/a><\\\/strong><\\\/p>\",\"margin\":\"default\"}}]}]},{\"type\":\"row\",\"children\":[{\"type\":\"column\",\"props\":{\"image_position\":\"center-center\",\"position_sticky_breakpoint\":\"m\"},\"children\":[{\"type\":\"headline\",\"props\":{\"content\":\"Nos r\\u00e9seaux sociaux\",\"title_element\":\"h1\"}}]}]},{\"type\":\"row\",\"children\":[{\"type\":\"column\",\"props\":{\"image_position\":\"center-center\",\"position_sticky_breakpoint\":\"m\",\"width_default\":\"1-2\",\"width_medium\":\"1-2\"},\"children\":[{\"type\":\"image\",\"props\":{\"image\":\"wp-content\\\/uploads\\\/2024\\\/11\\\/logo-insta.svg\",\"image_height\":75,\"image_svg_color\":\"emphasis\",\"image_width\":75,\"link\":\"https:\\\/\\\/www.instagram.com\\\/occasneaks\\\/?hl=fr\",\"margin\":\"default\",\"text_align\":\"center\"}}]},{\"type\":\"column\",\"props\":{\"image_position\":\"center-center\",\"position_sticky_breakpoint\":\"m\",\"width_default\":\"1-2\",\"width_medium\":\"1-2\"},\"children\":[{\"type\":\"image\",\"props\":{\"image\":\"wp-content\\\/uploads\\\/2024\\\/11\\\/logo-tiktok.svg\",\"image_height\":65,\"image_svg_color\":\"emphasis\",\"image_width\":65,\"link\":\"https:\\\/\\\/www.tiktok.com\\\/@occasneaks\",\"margin\":\"default\",\"text_align\":\"center\"}}]}],\"props\":{\"layout\":\"1-2,1-2\",\"row_gap\":\"large\"}}]},{\"type\":\"section\",\"props\":{\"image_position\":\"center-center\",\"style\":\"default\",\"title_breakpoint\":\"xl\",\"title_position\":\"top-left\",\"title_rotation\":\"left\",\"vertical_align\":\"middle\",\"width\":\"xsmall\"},\"children\":[{\"type\":\"row\",\"children\":[{\"type\":\"column\",\"props\":{\"image_position\":\"center-center\",\"position_sticky_breakpoint\":\"m\"},\"children\":[{\"type\":\"headline\",\"props\":{\"content\":\"A savoir sur nos services\",\"title_element\":\"h2\"}},{\"type\":\"switcher\",\"props\":{\"content_column_breakpoint\":\"m\",\"css\":\"ul li:nth-child(3) {\\n    max-width: 42px;\\n}\\nul li:nth-child(2) {\\n    max-width: 47px;\\n}\\n\\nul {\\n    justify-content: space-evenly;\\n}\\n\\n\\nul li {\\n    border:1px solid white;\\n    padding: 6px;\\n    border-radius: 10px;\\n}\",\"image_align\":\"top\",\"image_grid_breakpoint\":\"m\",\"image_grid_width\":\"1-2\",\"image_svg_color\":\"emphasis\",\"link_style\":\"default\",\"link_text\":\"Read more\",\"margin\":\"default\",\"meta_align\":\"below-title\",\"meta_element\":\"div\",\"meta_style\":\"text-meta\",\"nav\":\"thumbnav\",\"nav_align\":\"left\",\"nav_grid_breakpoint\":\"m\",\"nav_grid_width\":\"auto\",\"nav_position\":\"top\",\"show_content\":true,\"show_image\":true,\"show_label\":true,\"show_link\":true,\"show_meta\":true,\"show_thumbnail\":true,\"show_title\":true,\"switcher_animation\":\"fade\",\"switcher_height\":true,\"thumbnav_height\":\"60\",\"thumbnav_nowrap\":true,\"thumbnav_svg_color\":\"emphasis\",\"thumbnav_svg_inline\":false,\"thumbnav_width\":\"60\",\"title_align\":\"top\",\"title_element\":\"h3\",\"title_grid_breakpoint\":\"m\",\"title_grid_width\":\"1-2\"},\"children\":[{\"type\":\"switcher_item\",\"props\":{\"content\":\"\n\n<p>&gt; Occasneaks ach\\u00e8te ses sneakers via un service de reprise s\\u00e9curis\\u00e9, offrant aux clients la possibilit\\u00e9 de revendre leurs paires rapidement.<br \\\/>&gt; Chaque paire est authentifi\\u00e9e avec soin. Si une paire est en vente sur le Shop, elle est garantie 100% conforme. Les produits sont nettoy\\u00e9s, avec lacets remplac\\u00e9s si besoin, et 80% des sneakers sont vendues avec leurs \\u00e9l\\u00e9ments d\\u2019origine (bo\\u00eete, dust bag, facture). Une facture Occasneaks est fournie avec chaque achat.<\\\/p>\",\"thumbnail\":\"wp-content\\\/uploads\\\/2024\\\/11\\\/boot.svg\",\"title\":\"Produits\"}},{\"type\":\"switcher_item\",\"props\":{\"content\":\"\n\n<p>&gt; Les achats sur OCCASNEAKS sont s\\u00e9curis\\u00e9s via Stripe, PayPal, Apple Pay, et Google Pay. Le paiement 4x sans frais est possible via Paypal, attention tout les comptes PayPal ne sont pas \\u00e9ligible \\u00e0 ce paiement.<br \\\/>&gt; Les colis sont exp\\u00e9di\\u00e9s par Colissimo et remis contre signature en point relais ou \\u00e0 domicile, avec un d\\u00e9lai de livraison de 3 \\u00e0 4 jours ouvrables.\\u00a0<\\\/p>\",\"thumbnail\":\"wp-content\\\/uploads\\\/2024\\\/11\\\/expedition.svg\",\"title\":\"Achats & livraisons\"}},{\"type\":\"switcher_item\",\"props\":{\"content\":\"\n\n<p>&gt; Tu as 14 jours pour retourner une paire si elle ne te convient pas. Le remboursement est effectu\\u00e9 sous 5 jours apr\\u00e8s r\\u00e9ception, hors frais d\\u2019envoi.<br \\\/>&gt; Pour toute r\\u00e9clamation, modification de commande ou retour, contacte-nous par mail \\u00e0 boutique@occasneaks.fr en mentionnant ton num\\u00e9ro de commande pour un traitement plus rapide.<\\\/p>\",\"thumbnail\":\"wp-content\\\/uploads\\\/2024\\\/11\\\/reprises.svg\",\"title\":\"R\\u00e9clamations & Retours\"}}]},{\"type\":\"button\",\"props\":{\"class\":\"bottom-banner bottom-banner-3boutons\",\"fullwidth\":false,\"grid_column_gap\":\"small\",\"grid_row_gap\":\"small\",\"margin\":\"default\",\"position_z_index\":\"3\",\"text_align\":\"center\"},\"children\":[{\"type\":\"button_item\",\"props\":{\"button_style\":\"primary\",\"content\":\"\",\"icon\":\"fa6-light--user\",\"icon_align\":\"left\",\"link\":\"mon-compte\\\/\",\"link_title\":\"Bons plans\"}},{\"type\":\"button_item\",\"props\":{\"button_style\":\"primary\",\"icon\":\"fa6-light--magnifying-glass\",\"icon_align\":\"left\",\"link\":\"#search\"}},{\"type\":\"button_item\",\"props\":{\"button_style\":\"secondary\",\"content\":\"En stock\",\"icon\":\"fa6-light--boxes-stacked\",\"icon_align\":\"left\",\"link\":\"boutique\\\/\"}}],\"name\":\"3 boutons OFFICIEL - Static Pages\"}]}]}]}],\"version\":\"4.4.12\",\"yooessentialsVersion\":\"2.2.24\"} --><\/p>\n","protected":false},"excerpt":{"rendered":"<p>La team Occasneaks Notre \u00e9quipe est constitu\u00e9e de 14 personnes, chacune ayant un r\u00f4le bien pr\u00e9cis afin de vous proposer un service d\u2019une qualit\u00e9 optimale. Divis\u00e9e en quatre p\u00f4les : ACHAT Charg\u00e9 de d\u00e9nicher les plus belles paires de sneakers du march\u00e9 du luxe de seconde main, tout en respectant des crit\u00e8res stricts pour vous [&hellip;]<\/p>\n","protected":false},"author":1,"featured_media":0,"parent":0,"menu_order":3,"comment_status":"open","ping_status":"closed","template":"","meta":{"_acf_changed":false,"footnotes":""},"class_list":["post-86057","page","type-page","status-publish","hentry"],"acf":[],"_links":{"self":[{"href":"https:\/\/sell-officiel.com\/en\/wp-json\/wp\/v2\/pages\/86057","targetHints":{"allow":["GET"]}}],"collection":[{"href":"https:\/\/sell-officiel.com\/en\/wp-json\/wp\/v2\/pages"}],"about":[{"href":"https:\/\/sell-officiel.com\/en\/wp-json\/wp\/v2\/types\/page"}],"author":[{"embeddable":true,"href":"https:\/\/sell-officiel.com\/en\/wp-json\/wp\/v2\/users\/1"}],"replies":[{"embeddable":true,"href":"https:\/\/sell-officiel.com\/en\/wp-json\/wp\/v2\/comments?post=86057"}],"version-history":[{"count":22,"href":"https:\/\/sell-officiel.com\/en\/wp-json\/wp\/v2\/pages\/86057\/revisions"}],"predecessor-version":[{"id":686282,"href":"https:\/\/sell-officiel.com\/en\/wp-json\/wp\/v2\/pages\/86057\/revisions\/686282"}],"wp:attachment":[{"href":"https:\/\/sell-officiel.com\/en\/wp-json\/wp\/v2\/media?parent=86057"}],"curies":[{"name":"wp","href":"https:\/\/api.w.org\/{rel}","templated":true}]}}