{"id":819233,"date":"2025-04-25T18:11:44","date_gmt":"2025-04-25T16:11:44","guid":{"rendered":"https:\/\/www.occasneaks.fr\/imprint\/"},"modified":"2025-08-01T11:01:54","modified_gmt":"2025-08-01T09:01:54","slug":"imprint","status":"publish","type":"page","link":"https:\/\/sell-officiel.com\/en\/imprint\/","title":{"rendered":"Imprint"},"content":{"rendered":"\n<!-- Legal document generated by Complianz | GDPR\/CCPA Cookie Consent https:\/\/wordpress.org\/plugins\/complianz-gdpr -->\n<div id=\"cmplz-document\" class=\"cmplz-document impressum cmplz-document-all\"><p><i>This imprint was last updated on March 19, 2026.<\/i><\/p><p class=\"cmplz-subtitle\">The owner of this website is:<\/p><p>OCCASNEAKS SAS<br>150 RUE DE LA DECOUVERTE<br \/>\nBUROPARC II &#8211; 3E ETAGE<br \/>\n31670 LABEGE<br>France<br>Email:&nbsp;<span class=\"cmplz-obfuscate\">&#098;&#111;u&#116;ique@<span class=\"cmplz-fmail-domain\">&#101;&#120;&#046;com<\/span>&#111;cca&#115;&#110;eak&#115;&#046;&#102;&#114;<\/span><br>Phone number: 0788464478<br>VAT ID:&nbsp;FR82949094551<\/p><p class=\"cmplz-subtitle\">The legal representative(s) of OCCASNEAKS SAS:<\/p><p>Hugo Trouche<\/p><h2>1. General<\/h2><p class=\"cmplz-subtitle\">1.1 We are registered at Registre du Commerce et des Soci\u00e9t\u00e9s under the license or registration number:<\/p><p>949 094 551 RCS TOULOUSE<\/p><p>We are not willing or obliged to participate in dispute resolution procedures before a consumer arbitration board.<\/p><h2>2. The following information is mandatory according to German law.<\/h2><p class=\"cmplz-subtitle\">2.1 Die Eigentumsanteile der Gesellschaft (Aktienkapital), die von ihr ausgegeben wurden:<\/p><p>10000,00<\/p><h2>3. Additional information<\/h2><p>Responsable publication : Hugo Trouche \u2013 boutique@occasneaks.fr<br \/>\nLe responsable publication est une personne physique ou une personne morale.<br \/>\nWebmaster : Hugo Trouche \u2013 boutique@occasneaks.fr<br \/>\nH\u00e9bergeur : ovh \u2013 2 rue Kellermann 59100 Roubaix 1007<br \/>\nD\u00e9l\u00e9gu\u00e9 \u00e0 la protection des donn\u00e9es : Hugo Trouche \u2013 boutique@occasneaks.fr<\/p><\/div>","protected":false},"excerpt":{"rendered":"","protected":false},"author":4113,"featured_media":0,"parent":0,"menu_order":0,"comment_status":"closed","ping_status":"closed","template":"","meta":{"_acf_changed":false,"footnotes":""},"class_list":["post-819233","page","type-page","status-publish","hentry"],"acf":[],"_links":{"self":[{"href":"https:\/\/sell-officiel.com\/en\/wp-json\/wp\/v2\/pages\/819233","targetHints":{"allow":["GET"]}}],"collection":[{"href":"https:\/\/sell-officiel.com\/en\/wp-json\/wp\/v2\/pages"}],"about":[{"href":"https:\/\/sell-officiel.com\/en\/wp-json\/wp\/v2\/types\/page"}],"author":[{"embeddable":true,"href":"https:\/\/sell-officiel.com\/en\/wp-json\/wp\/v2\/users\/4113"}],"replies":[{"embeddable":true,"href":"https:\/\/sell-officiel.com\/en\/wp-json\/wp\/v2\/comments?post=819233"}],"version-history":[{"count":1,"href":"https:\/\/sell-officiel.com\/en\/wp-json\/wp\/v2\/pages\/819233\/revisions"}],"predecessor-version":[{"id":821098,"href":"https:\/\/sell-officiel.com\/en\/wp-json\/wp\/v2\/pages\/819233\/revisions\/821098"}],"wp:attachment":[{"href":"https:\/\/sell-officiel.com\/en\/wp-json\/wp\/v2\/media?parent=819233"}],"curies":[{"name":"wp","href":"https:\/\/api.w.org\/{rel}","templated":true}]}}