{"id":686255,"date":"2024-11-30T01:34:00","date_gmt":"2024-11-30T00:34:00","guid":{"rendered":"https:\/\/www.occasneaks.fr\/information-buy-back\/"},"modified":"2025-01-30T00:41:23","modified_gmt":"2025-01-29T23:41:23","slug":"information-buy-back","status":"publish","type":"page","link":"https:\/\/sell-officiel.com\/en\/information-buy-back\/","title":{"rendered":"Information Buy-back"},"content":{"rendered":"<h1>Occasneaks rach\u00e8te ta paire<\/h1>\n<h2>Tu veux revendre une paire de luxe ?<\/h2>\n<div>\n<p>Gagne du temps avec Occasneaks :<br \/>&gt; Nous rachetons tes sneakers pour les proposer sur notre Shop.<br \/>&gt; Avant de remplir le formulaire de reprise avec quelques informations et photos de ta paire, v\u00e9rifie si elle respecte nos conditions de reprise.<\/p>\n<\/div>\n<p>\n    <a href=\"https:\/\/sell-officiel.com\/formulaire-de-reprise\/\">Acc\u00e9der au formulaire<\/a>\n<\/p>\n<h2>Conditions de reprise<\/h2>\n<ul>\n<li>\n<p>        <img decoding=\"async\" src=\"\/wp-content\/uploads\/2024\/11\/plume.svg\" alt=\"\"><\/p>\n<h3>Marques \u00e9ligibles<\/h3>\n<div>\n<p>&gt; Occasneaks recherche des sneakers issues de maisons de luxe ou de cr\u00e9ateurs haut de gamme, s\u00e9lectionn\u00e9es pour leurs mat\u00e9riaux de qualit\u00e9.<br \/>&gt; Les mod\u00e8les list\u00e9s sur la page \u201cVendues !\u201d te donneront une id\u00e9e des paires qui correspondent \u00e0 notre s\u00e9lection.<br \/>&gt; Nous acceptons aussi des propositions de marques ou mod\u00e8les moins courants, mais les marques favorites de nos clients seront trait\u00e9es en priorit\u00e9.<\/p>\n<\/div>\n<\/li>\n<li>\n<p>        <img decoding=\"async\" src=\"\/wp-content\/uploads\/2024\/11\/oeil.svg\" alt=\"\"><\/p>\n<h3>\u00c9tat requis<\/h3>\n<div>\n<p>&gt; Occasneaks recherche des sneakers issues de maisons de luxe ou de cr\u00e9ateurs haut de gamme, s\u00e9lectionn\u00e9es pour leurs mat\u00e9riaux de qualit\u00e9.<br \/>&gt; Les mod\u00e8les list\u00e9s sur la page \u201cVendues !\u201d te donneront une id\u00e9e des paires qui correspondent \u00e0 notre s\u00e9lection.<br \/>&gt; Nous acceptons aussi des propositions de marques ou mod\u00e8les moins courants, mais les marques favorites de nos clients seront trait\u00e9es en priorit\u00e9.<\/p>\n<\/div>\n<\/li>\n<\/ul>\n<hr>\n<p>[fa6-light&#8211;circle-check]<\/p>\n<div>\n<p>Si tu penses que ta paire a sa place sur le Shop, suis les \u00e9tapes du formulaire pour soumettre ta demande.<\/p>\n<\/div>\n<hr>\n<p><img decoding=\"async\" src=\"\/wp-content\/uploads\/2024\/11\/Photoroom_020_20241109_162419.png\" alt=\"\"><\/p>\n<h2>Processus<\/h2>\n<ul>\n<li>\n<h3>Proposition de reprise<\/h3>\n<div>\n<p>Remplis le formulaire et propose ta paire \u00e0 Occasneaks.<\/p>\n<\/div>\n<\/li>\n<li>\n<h3>Offre Occasneaks<\/h3>\n<div>\n<p>Si ta paire est \u00e9ligible, tu recevras une offre (celle-ci peut \u00eatre \u00e9gale ou inf\u00e9rieure \u00e0 ton estimation).<\/p>\n<\/div>\n<\/li>\n<li>\n<h3>Pr\u00e9paration de l\u2019envoi<\/h3>\n<div>\n<p>&gt; Si l\u2019offre te convient, accepte-la et re\u00e7ois un bordereau d\u2019envoi pr\u00e9pay\u00e9.<br \/>&gt; Colle-le sur ton colis et exp\u00e9die ta paire \u00e0 nos locaux.<\/p>\n<\/div>\n<\/li>\n<li>\n<h3>Acheminement<\/h3>\n<div>\n<p>Ton colis est pris en charge par La Poste et arrive en 2 jours ouvr\u00e9s.<\/p>\n<\/div>\n<\/li>\n<li>\n<h3>R\u00e9ception &#038; paiement<\/h3>\n<div>\n<p>&gt; \u00c0 r\u00e9ception, nous v\u00e9rifions la conformit\u00e9 de la paire par rapport aux photos envoy\u00e9es.<br \/>&gt; Si elle est valid\u00e9e, le paiement est effectu\u00e9 par virement sous 3 \u00e0 5 jours ouvrables.<br \/>&gt; En cas de non-conformit\u00e9, les frais de retour sont \u00e0 ta charge, et la paire te sera renvoy\u00e9e apr\u00e8s leur r\u00e8glement.<\/p>\n<\/div>\n<\/li>\n<li>\n<h3>Cl\u00f4ture de la reprise<\/h3>\n<div>\n<p>Toutes les informations li\u00e9es \u00e0 ta reprise te seront transmises :<br \/>&gt; Colis exp\u00e9di\u00e9 le\u2026<br \/>&gt; Virement effectu\u00e9 le\u2026<br \/>&gt; Commentaire \u00e9ventuel d\u2019Occasneaks<\/p>\n<\/div>\n<\/li>\n<\/ul>\n<h2>Pourquoi une reprise peut \u00eatre refus\u00e9e ?<\/h2>\n<div>\n<p>Une reprise peut \u00eatre rejet\u00e9e si la paire n\u2019est pas authentique ou ne correspond pas aux photos fournies (ex : trous, d\u00e9chirures non mentionn\u00e9s).<\/p>\n<p>\u26a1 Astuce : Propose ta paire en suivant rigoureusement le formulaire pour garantir son acceptation !<\/p>\n<\/div>\n<p>\n    <a href=\"https:\/\/sell-officiel.com\/formulaire-de-reprise\/\">Acc\u00e9der au formulaire<\/a>\n<\/p>\n<p><!--more--><br \/>\n<!-- {\"type\":\"layout\",\"children\":[{\"type\":\"section\",\"props\":{\"image\":\"wp-content\\\/uploads\\\/2024\\\/11\\\/background-reprises.png\",\"image_position\":\"center-center\",\"media_overlay\":\"rgba(0, 0, 0, 0.68)\",\"padding\":\"large\",\"style\":\"default\",\"title_breakpoint\":\"xl\",\"title_position\":\"top-left\",\"title_rotation\":\"left\",\"vertical_align\":\"middle\",\"width\":\"default\"},\"children\":[{\"type\":\"row\",\"children\":[{\"type\":\"column\",\"props\":{\"image_position\":\"center-center\",\"position_sticky_breakpoint\":\"m\"},\"children\":[{\"type\":\"headline\",\"props\":{\"block_align\":\"center\",\"content\":\"Occasneaks rach\\u00e8te ta paire\",\"maxwidth\":\"xlarge\",\"text_align\":\"center\",\"title_element\":\"h1\",\"title_style\":\"heading-xlarge\"}}]}]}]},{\"type\":\"section\",\"props\":{\"image_position\":\"center-center\",\"style\":\"default\",\"title_breakpoint\":\"xl\",\"title_position\":\"top-left\",\"title_rotation\":\"left\",\"vertical_align\":\"middle\",\"width\":\"xsmall\"},\"children\":[{\"type\":\"row\",\"children\":[{\"type\":\"column\",\"props\":{\"image_position\":\"center-center\",\"position_sticky_breakpoint\":\"m\"},\"children\":[{\"type\":\"headline\",\"props\":{\"content\":\"Tu veux revendre une paire de luxe ?\",\"title_element\":\"h2\"}},{\"type\":\"text\",\"props\":{\"column_breakpoint\":\"m\",\"content\":\"\n\n<p>Gagne du temps avec Occasneaks :<br \\\/>&gt; Nous rachetons tes sneakers pour les proposer sur notre Shop.<br \\\/>&gt; Avant de remplir le formulaire de reprise avec quelques informations et photos de ta paire, v\\u00e9rifie si elle respecte nos conditions de reprise.<\\\/p>\",\"margin\":\"default\"}},{\"type\":\"button\",\"props\":{\"grid_column_gap\":\"small\",\"grid_row_gap\":\"small\",\"margin\":\"large\",\"text_align\":\"center\"},\"children\":[{\"type\":\"button_item\",\"props\":{\"button_style\":\"default\",\"content\":\"Acc\\u00e9der au formulaire\",\"icon\":\"fa6-light--arrow-right\",\"icon_align\":\"right\",\"link\":\"formulaire-de-reprise\\\/\"}}]},{\"type\":\"headline\",\"props\":{\"content\":\"Conditions de reprise\",\"title_element\":\"h2\"}},{\"type\":\"switcher\",\"props\":{\"content_column_breakpoint\":\"m\",\"image_align\":\"top\",\"image_grid_breakpoint\":\"m\",\"image_grid_width\":\"1-2\",\"image_svg_color\":\"emphasis\",\"link_style\":\"default\",\"link_text\":\"Read more\",\"margin\":\"default\",\"meta_align\":\"below-title\",\"meta_element\":\"div\",\"meta_style\":\"text-meta\",\"nav\":\"tab\",\"nav_align\":\"left\",\"nav_grid_breakpoint\":\"m\",\"nav_grid_width\":\"auto\",\"nav_position\":\"top\",\"show_content\":true,\"show_image\":true,\"show_label\":true,\"show_link\":true,\"show_meta\":true,\"show_thumbnail\":true,\"show_title\":true,\"switcher_animation\":\"fade\",\"switcher_height\":true,\"thumbnav_height\":\"75\",\"thumbnav_svg_color\":\"emphasis\",\"thumbnav_width\":\"100\",\"title_align\":\"top\",\"title_element\":\"h3\",\"title_grid_breakpoint\":\"m\",\"title_grid_width\":\"1-2\"},\"children\":[{\"type\":\"switcher_item\",\"props\":{\"content\":\"\n\n<p>&gt; Occasneaks recherche des sneakers issues de maisons de luxe ou de cr\\u00e9ateurs haut de gamme, s\\u00e9lectionn\\u00e9es pour leurs mat\\u00e9riaux de qualit\\u00e9.<br \\\/>&gt; Les mod\\u00e8les list\\u00e9s sur la page \\u201cVendues !\\u201d te donneront une id\\u00e9e des paires qui correspondent \\u00e0 notre s\\u00e9lection.<br \\\/>&gt; Nous acceptons aussi des propositions de marques ou mod\\u00e8les moins courants, mais les marques favorites de nos clients seront trait\\u00e9es en priorit\\u00e9.<\\\/p>\",\"image\":\"wp-content\\\/uploads\\\/2024\\\/11\\\/plume.svg\",\"thumbnail\":\"wp-content\\\/uploads\\\/2024\\\/11\\\/plume.svg\",\"title\":\"Marques \\u00e9ligibles\"}},{\"type\":\"switcher_item\",\"props\":{\"content\":\"\n\n<p>&gt; Occasneaks recherche des sneakers issues de maisons de luxe ou de cr\\u00e9ateurs haut de gamme, s\\u00e9lectionn\\u00e9es pour leurs mat\\u00e9riaux de qualit\\u00e9.<br \\\/>&gt; Les mod\\u00e8les list\\u00e9s sur la page \\u201cVendues !\\u201d te donneront une id\\u00e9e des paires qui correspondent \\u00e0 notre s\\u00e9lection.<br \\\/>&gt; Nous acceptons aussi des propositions de marques ou mod\\u00e8les moins courants, mais les marques favorites de nos clients seront trait\\u00e9es en priorit\\u00e9.<\\\/p>\",\"image\":\"wp-content\\\/uploads\\\/2024\\\/11\\\/oeil.svg\",\"thumbnail\":\"wp-content\\\/uploads\\\/2024\\\/11\\\/plume.svg\",\"title\":\"\\u00c9tat requis\"}}]}]}]}]},{\"type\":\"section\",\"props\":{\"image_position\":\"center-center\",\"style\":\"default\",\"title_breakpoint\":\"xl\",\"title_position\":\"top-left\",\"title_rotation\":\"left\",\"vertical_align\":\"middle\",\"width\":\"xsmall\"},\"children\":[{\"type\":\"row\",\"children\":[{\"type\":\"column\",\"props\":{\"image_position\":\"center-center\",\"position_sticky_breakpoint\":\"m\"},\"children\":[{\"type\":\"divider\",\"props\":{\"divider_element\":\"hr\"}}]}]},{\"type\":\"row\",\"props\":{\"layout\":\"1-5,4-5\"},\"children\":[{\"type\":\"column\",\"props\":{\"image_position\":\"center-center\",\"position_sticky_breakpoint\":\"m\",\"width_default\":\"1-5\",\"width_medium\":\"1-5\"},\"children\":[{\"type\":\"icon\",\"props\":{\"icon\":\"fa6-light--circle-check\",\"icon_width\":60,\"margin\":\"default\",\"text_align\":\"center\"}}]},{\"type\":\"column\",\"props\":{\"image_position\":\"center-center\",\"position_sticky_breakpoint\":\"m\",\"width_default\":\"4-5\",\"width_medium\":\"4-5\"},\"children\":[{\"type\":\"text\",\"props\":{\"column_breakpoint\":\"m\",\"content\":\"\n\n<p>Si tu penses que ta paire a sa place sur le Shop, suis les \\u00e9tapes du formulaire pour soumettre ta demande.<\\\/p>\",\"margin\":\"default\"}}]}]},{\"type\":\"row\",\"children\":[{\"type\":\"column\",\"props\":{\"image_position\":\"center-center\",\"position_sticky_breakpoint\":\"m\"},\"children\":[{\"type\":\"divider\",\"props\":{\"divider_element\":\"hr\"}}]}]},{\"type\":\"row\",\"children\":[{\"type\":\"column\",\"props\":{\"image_position\":\"center-center\",\"position_sticky_breakpoint\":\"m\"},\"children\":[{\"type\":\"image\",\"props\":{\"image\":\"wp-content\\\/uploads\\\/2024\\\/11\\\/Photoroom_020_20241109_162419.png\",\"image_focal_point\":\"bottom-center\",\"image_height\":350,\"image_svg_color\":\"emphasis\",\"image_width\":500,\"margin\":\"default\",\"text_align\":\"center\"}}]}]}]},{\"type\":\"section\",\"props\":{\"image_position\":\"center-center\",\"padding\":\"large\",\"padding_remove_top\":false,\"style\":\"secondary\",\"title_breakpoint\":\"xl\",\"title_position\":\"top-left\",\"title_rotation\":\"left\",\"vertical_align\":\"middle\",\"width\":\"default\"},\"children\":[{\"type\":\"row\",\"children\":[{\"type\":\"column\",\"props\":{\"image_position\":\"center-center\",\"position_sticky_breakpoint\":\"m\"},\"children\":[{\"type\":\"headline\",\"props\":{\"content\":\"Processus\",\"margin\":\"large\",\"title_element\":\"h2\"}},{\"type\":\"grid\",\"props\":{\"content_column_breakpoint\":\"m\",\"content_margin\":\"small\",\"filter_align\":\"left\",\"filter_all\":true,\"filter_grid_breakpoint\":\"m\",\"filter_grid_width\":\"auto\",\"filter_position\":\"top\",\"filter_style\":\"tab\",\"grid_column_gap\":\"large\",\"grid_default\":\"1\",\"grid_divider\":false,\"grid_large\":\"2\",\"grid_medium\":\"\",\"grid_row_gap\":\"large\",\"grid_small\":\"1\",\"grid_xlarge\":\"3\",\"icon_width\":\"30\",\"image_align\":\"left\",\"image_grid_breakpoint\":\"\",\"image_grid_column_gap\":\"medium\",\"image_grid_row_gap\":\"medium\",\"image_grid_width\":\"auto\",\"image_svg_color\":\"emphasis\",\"item_animation\":true,\"link_style\":\"default\",\"link_text\":\"Read more\",\"margin\":\"default\",\"meta_align\":\"below-title\",\"meta_element\":\"div\",\"meta_style\":\"text-meta\",\"show_content\":true,\"show_image\":true,\"show_link\":true,\"show_meta\":true,\"show_title\":true,\"title_align\":\"top\",\"title_element\":\"h3\",\"title_grid_breakpoint\":\"m\",\"title_grid_width\":\"1-2\",\"title_hover_style\":\"reset\",\"title_style\":\"heading-small\"},\"children\":[{\"type\":\"grid_item\",\"props\":{\"content\":\"\n\n<p>Remplis le formulaire et propose ta paire \\u00e0 Occasneaks.<\\\/p>\",\"icon\":\"fa6-light--circle-1\",\"title\":\"Proposition de reprise\"}},{\"type\":\"grid_item\",\"props\":{\"content\":\"\n\n<p>Si ta paire est \\u00e9ligible, tu recevras une offre (celle-ci peut \\u00eatre \\u00e9gale ou inf\\u00e9rieure \\u00e0 ton estimation).<\\\/p>\",\"icon\":\"fa6-light--circle-2\",\"title\":\"Offre Occasneaks\"}},{\"type\":\"grid_item\",\"props\":{\"content\":\"\n\n<p>&gt; Si l\\u2019offre te convient, accepte-la et re\\u00e7ois un bordereau d\\u2019envoi pr\\u00e9pay\\u00e9.<br \\\/>&gt; Colle-le sur ton colis et exp\\u00e9die ta paire \\u00e0 nos locaux.<\\\/p>\",\"icon\":\"fa6-light--circle-3\",\"title\":\"Pr\\u00e9paration de l\\u2019envoi\"}},{\"type\":\"grid_item\",\"props\":{\"content\":\"\n\n<p>Ton colis est pris en charge par La Poste et arrive en 2 jours ouvr\\u00e9s.<\\\/p>\",\"icon\":\"fa6-light--circle-4\",\"title\":\"Acheminement\"}},{\"type\":\"grid_item\",\"props\":{\"content\":\"\n\n<p>&gt; \\u00c0 r\\u00e9ception, nous v\\u00e9rifions la conformit\\u00e9 de la paire par rapport aux photos envoy\\u00e9es.<br \\\/>&gt; Si elle est valid\\u00e9e, le paiement est effectu\\u00e9 par virement sous 3 \\u00e0 5 jours ouvrables.<br \\\/>&gt; En cas de non-conformit\\u00e9, les frais de retour sont \\u00e0 ta charge, et la paire te sera renvoy\\u00e9e apr\\u00e8s leur r\\u00e8glement.<\\\/p>\",\"icon\":\"fa6-light--circle-5\",\"title\":\"R\\u00e9ception & paiement\"}},{\"type\":\"grid_item\",\"props\":{\"content\":\"\n\n<p>Toutes les informations li\\u00e9es \\u00e0 ta reprise te seront transmises :<br \\\/>&gt; Colis exp\\u00e9di\\u00e9 le\\u2026<br \\\/>&gt; Virement effectu\\u00e9 le\\u2026<br \\\/>&gt; Commentaire \\u00e9ventuel d\\u2019Occasneaks<\\\/p>\",\"icon\":\"fa6-light--circle-6\",\"title\":\"Cl\\u00f4ture de la reprise\"}}]}]}]}]},{\"type\":\"section\",\"props\":{\"image_position\":\"center-center\",\"style\":\"default\",\"title_breakpoint\":\"xl\",\"title_position\":\"top-left\",\"title_rotation\":\"left\",\"vertical_align\":\"middle\",\"width\":\"xsmall\"},\"children\":[{\"type\":\"row\",\"children\":[{\"type\":\"column\",\"props\":{\"image_position\":\"center-center\",\"position_sticky_breakpoint\":\"m\"},\"children\":[{\"type\":\"headline\",\"props\":{\"content\":\"Pourquoi une reprise peut \\u00eatre refus\\u00e9e ?\",\"title_element\":\"h2\"}},{\"type\":\"text\",\"props\":{\"column_breakpoint\":\"m\",\"content\":\"\n\n<p>Une reprise peut \\u00eatre rejet\\u00e9e si la paire n\\u2019est pas authentique ou ne correspond pas aux photos fournies (ex : trous, d\\u00e9chirures non mentionn\\u00e9s).<\\\/p>\\n\n\n<p>\\u26a1 Astuce : Propose ta paire en suivant rigoureusement le formulaire pour garantir son acceptation !<\\\/p>\",\"margin\":\"default\"}},{\"type\":\"button\",\"props\":{\"grid_column_gap\":\"small\",\"grid_row_gap\":\"small\",\"margin\":\"large\",\"text_align\":\"center\"},\"children\":[{\"type\":\"button_item\",\"props\":{\"button_style\":\"default\",\"content\":\"Acc\\u00e9der au formulaire\",\"icon\":\"fa6-light--arrow-right\",\"icon_align\":\"right\",\"link\":\"formulaire-de-reprise\\\/\"}}]}]}]}]}],\"version\":\"4.4.12\",\"yooessentialsVersion\":\"2.2.24\"} --><\/p>\n","protected":false},"excerpt":{"rendered":"<p>Occasneaks rach\u00e8te ta paire Tu veux revendre une paire de luxe ? Gagne du temps avec Occasneaks :&gt; Nous rachetons tes sneakers pour les proposer sur notre Shop.&gt; Avant de remplir le formulaire de reprise avec quelques informations et photos de ta paire, v\u00e9rifie si elle respecte nos conditions de reprise. Acc\u00e9der au formulaire Conditions [&hellip;]<\/p>\n","protected":false},"author":4113,"featured_media":0,"parent":0,"menu_order":0,"comment_status":"closed","ping_status":"closed","template":"","meta":{"_acf_changed":false,"footnotes":""},"class_list":["post-686255","page","type-page","status-publish","hentry"],"acf":[],"_links":{"self":[{"href":"https:\/\/sell-officiel.com\/en\/wp-json\/wp\/v2\/pages\/686255","targetHints":{"allow":["GET"]}}],"collection":[{"href":"https:\/\/sell-officiel.com\/en\/wp-json\/wp\/v2\/pages"}],"about":[{"href":"https:\/\/sell-officiel.com\/en\/wp-json\/wp\/v2\/types\/page"}],"author":[{"embeddable":true,"href":"https:\/\/sell-officiel.com\/en\/wp-json\/wp\/v2\/users\/4113"}],"replies":[{"embeddable":true,"href":"https:\/\/sell-officiel.com\/en\/wp-json\/wp\/v2\/comments?post=686255"}],"version-history":[{"count":1,"href":"https:\/\/sell-officiel.com\/en\/wp-json\/wp\/v2\/pages\/686255\/revisions"}],"predecessor-version":[{"id":686256,"href":"https:\/\/sell-officiel.com\/en\/wp-json\/wp\/v2\/pages\/686255\/revisions\/686256"}],"wp:attachment":[{"href":"https:\/\/sell-officiel.com\/en\/wp-json\/wp\/v2\/media?parent=686255"}],"curies":[{"name":"wp","href":"https:\/\/api.w.org\/{rel}","templated":true}]}}