{"id":358113,"date":"2023-07-11T13:23:51","date_gmt":"2023-07-11T11:23:51","guid":{"rendered":"https:\/\/www.occasneaks.fr\/create-my-account\/"},"modified":"2025-01-30T23:56:45","modified_gmt":"2025-01-30T22:56:45","slug":"create-my-account","status":"publish","type":"page","link":"https:\/\/sell-officiel.com\/en\/create-my-account\/","title":{"rendered":"Create my account"},"content":{"rendered":"<h1>Create my account<\/h1>\n<div>\n<style id=\"wpforms-css-vars-363736\">\n\t\t\t\t#wpforms-363736 {\n\t\t\t\t\n\t\t\t}\n\t\t\t<\/style><div class=\"wpforms-container wpforms-container-full uk-light uk-panel wpforms-render-modern\" id=\"wpforms-363736\"><form id=\"wpforms-form-363736\" class=\"wpforms-validate wpforms-form wpforms-ajax-form\" data-formid=\"363736\" method=\"post\" enctype=\"multipart\/form-data\" action=\"\/en\/wp-json\/wp\/v2\/pages\/358113\" data-token=\"74f70bb15d3693a79c5a878377e40f63\" data-token-time=\"1776761821\"><noscript class=\"wpforms-error-noscript\">Please enable JavaScript in your browser to complete this form.<\/noscript><div id=\"wpforms-error-noscript\" style=\"display: none;\">Please enable JavaScript in your browser to complete this form.<\/div><div class=\"wpforms-field-container\"><div id=\"wpforms-363736-field_19-container\" class=\"wpforms-field wpforms-field-layout\" data-field-id=\"19\"><div class=\"wpforms-field-layout-columns wpforms-field-layout-preset-100\"><div class=\"wpforms-layout-column wpforms-layout-column-100\" ><div id=\"wpforms-363736-field_16-container\" class=\"wpforms-field wpforms-field-name\" data-field-id=\"16\"><label class=\"wpforms-field-label\" for=\"wpforms-363736-field_16\">Last name <span class=\"wpforms-required-label\" aria-hidden=\"true\">*<\/span><\/label><input type=\"text\" id=\"wpforms-363736-field_16\" class=\"wpforms-field-large wpforms-field-required\" name=\"wpforms[fields][16]\" aria-errormessage=\"wpforms-363736-field_16-error\" required><\/div><div id=\"wpforms-363736-field_15-container\" class=\"wpforms-field wpforms-field-text\" data-field-id=\"15\"><label class=\"wpforms-field-label\" for=\"wpforms-363736-field_15\">First Name<\/label><input type=\"text\" id=\"wpforms-363736-field_15\" class=\"wpforms-field-large\" name=\"wpforms[fields][15]\" aria-errormessage=\"wpforms-363736-field_15-error\" ><\/div><div id=\"wpforms-363736-field_2-container\" class=\"wpforms-field wpforms-field-email\" data-field-id=\"2\"><label class=\"wpforms-field-label\" for=\"wpforms-363736-field_2\">E-mail <span class=\"wpforms-required-label\" aria-hidden=\"true\">*<\/span><\/label><input type=\"email\" id=\"wpforms-363736-field_2\" class=\"wpforms-field-large wpforms-field-required\" name=\"wpforms[fields][2]\" spellcheck=\"false\" aria-errormessage=\"wpforms-363736-field_2-error\" required><\/div><div id=\"wpforms-363736-field_6-container\" class=\"wpforms-field wpforms-field-phone\" data-field-id=\"6\"><label class=\"wpforms-field-label\" for=\"wpforms-363736-field_6\">Phone<\/label><input type=\"tel\" id=\"wpforms-363736-field_6\" class=\"wpforms-field-large wpforms-smart-phone-field\" data-rule-smart-phone-field=\"true\" name=\"wpforms[fields][6]\" aria-label=\"Phone\" aria-errormessage=\"wpforms-363736-field_6-error\" ><\/div><div id=\"wpforms-363736-field_9-container\" class=\"wpforms-field wpforms-field-text\" data-field-id=\"9\"><label class=\"wpforms-field-label\" for=\"wpforms-363736-field_9\">Address <span class=\"wpforms-required-label\" aria-hidden=\"true\">*<\/span><\/label><input type=\"text\" id=\"wpforms-363736-field_9\" class=\"wpforms-field-large wpforms-field-required\" name=\"wpforms[fields][9]\" aria-errormessage=\"wpforms-363736-field_9-error\" required><\/div><div id=\"wpforms-363736-field_10-container\" class=\"wpforms-field wpforms-field-text\" data-field-id=\"10\"><label class=\"wpforms-field-label\" for=\"wpforms-363736-field_10\">ZIP <span class=\"wpforms-required-label\" aria-hidden=\"true\">*<\/span><\/label><input type=\"text\" id=\"wpforms-363736-field_10\" class=\"wpforms-field-large wpforms-field-required\" name=\"wpforms[fields][10]\" aria-errormessage=\"wpforms-363736-field_10-error\" required><\/div><div id=\"wpforms-363736-field_11-container\" class=\"wpforms-field wpforms-field-text\" data-field-id=\"11\"><label class=\"wpforms-field-label\" for=\"wpforms-363736-field_11\">City <span class=\"wpforms-required-label\" aria-hidden=\"true\">*<\/span><\/label><input type=\"text\" id=\"wpforms-363736-field_11\" class=\"wpforms-field-large wpforms-field-required\" name=\"wpforms[fields][11]\" aria-errormessage=\"wpforms-363736-field_11-error\" required><\/div><div id=\"wpforms-363736-field_18-container\" class=\"wpforms-field wpforms-field-select wpforms-field-select-style-classic\" data-field-id=\"18\"><label class=\"wpforms-field-label\" for=\"wpforms-363736-field_18\">Country <span class=\"wpforms-required-label\" aria-hidden=\"true\">*<\/span><\/label><select id=\"wpforms-363736-field_18\" class=\"wpforms-field-large wpforms-field-required\" name=\"wpforms[fields][18]\" required=\"required\"><option value=\"AT\"  class=\"choice-514 depth-1\"  >Austria<\/option><option value=\"BE\"  class=\"choice-519 depth-1\"  >Belgium<\/option><option value=\"BG\"  class=\"choice-541 depth-1\"  >Bulgaria<\/option><option value=\"CZ\"  class=\"choice-542 depth-1\"  >Czech Republic<\/option><option value=\"CY\"  class=\"choice-540 depth-1\"  >Cyprus<\/option><option value=\"HR\"  class=\"choice-539 depth-1\"  >Croatia<\/option><option value=\"DK\"  class=\"choice-538 depth-1\"  >Denmark<\/option><option value=\"DE\"  class=\"choice-513 depth-1\"  >Germany<\/option><option value=\"EE\"  class=\"choice-536 depth-1\"  >Estonia<\/option><option value=\"FI\"  class=\"choice-535 depth-1\"  >Finland<\/option><option value=\"FR\"  selected='selected' class=\"choice-534 depth-1\"  >France<\/option><option value=\"GR\"  class=\"choice-533 depth-1\"  >Greece<\/option><option value=\"HU\"  class=\"choice-532 depth-1\"  >Hungary<\/option><option value=\"IE\"  class=\"choice-531 depth-1\"  >Ireland<\/option><option value=\"IT\"  class=\"choice-530 depth-1\"  >Italy<\/option><option value=\"LV\"  class=\"choice-529 depth-1\"  >Latvia<\/option><option value=\"LT\"  class=\"choice-528 depth-1\"  >Lithuania<\/option><option value=\"LU\"  class=\"choice-527 depth-1\"  >Luxembourg<\/option><option value=\"MT\"  class=\"choice-526 depth-1\"  >Malta<\/option><option value=\"NL\"  class=\"choice-525 depth-1\"  >Netherlands<\/option><option value=\"PL\"  class=\"choice-524 depth-1\"  >Poland<\/option><option value=\"PT\"  class=\"choice-523 depth-1\"  >Portugal<\/option><option value=\"RO\"  class=\"choice-522 depth-1\"  >Romania<\/option><option value=\"SK\"  class=\"choice-520 depth-1\"  >Slovakia<\/option><option value=\"SI\"  class=\"choice-516 depth-1\"  >Slovenia<\/option><option value=\"ES\"  class=\"choice-537 depth-1\"  >Spain<\/option><option value=\"SE\"  class=\"choice-521 depth-1\"  >Sweden<\/option><option value=\"UK\"  class=\"choice-543 depth-1\"  >United Kingdom<\/option><\/select><\/div><div id=\"wpforms-363736-field_7-container\" class=\"wpforms-field wpforms-field-password\" data-field-id=\"7\"><label class=\"wpforms-field-label\" for=\"wpforms-363736-field_7\">Password <span class=\"wpforms-required-label\" aria-hidden=\"true\">*<\/span><\/label><input type=\"password\" id=\"wpforms-363736-field_7\" class=\"wpforms-field-large wpforms-field-required\" name=\"wpforms[fields][7]\" spellcheck=\"false\" aria-errormessage=\"wpforms-363736-field_7-error\" required><\/div><\/div><\/div><\/div><div id=\"wpforms-363736-field_40-container\" class=\"wpforms-field wpforms-field-payment-checkbox\" data-field-id=\"40\"><fieldset><legend class=\"wpforms-field-label wpforms-label-hide\" aria-hidden=\"false\">\u00c9l\u00e9ments de case \u00e0 cocher <span class=\"wpforms-required-label\" aria-hidden=\"true\">*<\/span><\/legend><ul id=\"wpforms-363736-field_40\" class=\"wpforms-field-required\"><li class=\"choice-1\"><input type=\"checkbox\" id=\"wpforms-363736-field_40_1\" class=\"wpforms-payment-price\" data-amount=\"0,00\" name=\"wpforms[fields][40][]\" value=\"1\" aria-errormessage=\"wpforms-363736-field_40_1-error\" aria-describedby=\"wpforms-363736-field_40-description\" required ><label class=\"wpforms-field-label-inline\" for=\"wpforms-363736-field_40_1\">I accept the personal data policy<\/label><\/li><\/ul><div id=\"wpforms-363736-field_40-description\" class=\"wpforms-field-description\">Your personal data will be used to accompany you during your visit to the website, to manage access to your account, and for other purposes described in <a href=\"https:\/\/www.occasneaks.fr\/mentions-legales\/\" rel=\"nofollow noopener\" target=\"_blank\">our privacy policy.<\/a><\/div><\/fieldset><\/div><\/div><!-- .wpforms-field-container --><div class=\"wpforms-submit-container\" ><input type=\"hidden\" name=\"wpforms[id]\" value=\"363736\"><input type=\"hidden\" name=\"page_title\" value=\"\"><input type=\"hidden\" name=\"page_url\" value=\"https:\/\/sell-officiel.com\/en\/wp-json\/wp\/v2\/pages\/358113\"><input type=\"hidden\" name=\"url_referer\" value=\"\"><button type=\"submit\" name=\"wpforms[submit]\" id=\"wpforms-submit-363736\" class=\"wpforms-submit uk-light\" data-alt-text=\"Sending datas...\" data-submit-text=\"Create my account\" aria-live=\"assertive\" value=\"wpforms-submit\">Create my account<\/button><img decoding=\"async\" src=\"https:\/\/sell-officiel.com\/wp-content\/plugins\/wpforms\/assets\/images\/submit-spin.svg\" class=\"wpforms-submit-spinner\" style=\"display: none;\" width=\"26\" height=\"26\" alt=\"Loading\"><\/div><\/form><\/div>  <!-- .wpforms-container --><\/div>\n<p><!--more--><br \/>\n<!-- {\"type\":\"layout\",\"children\":[{\"type\":\"section\",\"props\":{\"image\":\"wp-content\\\/uploads\\\/2024\\\/12\\\/IMG_0991-scaled.jpeg\",\"image_position\":\"center-center\",\"media_overlay\":\"rgba(0, 0, 0, 0.68)\",\"padding\":\"large\",\"style\":\"default\",\"title_breakpoint\":\"xl\",\"title_position\":\"top-left\",\"title_rotation\":\"left\",\"vertical_align\":\"middle\",\"width\":\"default\"},\"children\":[{\"type\":\"row\",\"children\":[{\"type\":\"column\",\"props\":{\"image_position\":\"center-center\",\"position_sticky_breakpoint\":\"m\"},\"children\":[{\"type\":\"headline\",\"props\":{\"block_align\":\"center\",\"content\":\"Create my account\",\"maxwidth\":\"xlarge\",\"text_align\":\"center\",\"title_element\":\"h1\",\"title_style\":\"heading-xlarge\"}}]}]}],\"name\":\"H\\u00e9rooooo\"},{\"type\":\"section\",\"props\":{\"header_transparent\":false,\"header_transparent_noplaceholder\":true,\"header_transparent_text_color\":\"light\",\"image_position\":\"center-center\",\"style\":\"default\",\"title_breakpoint\":\"xl\",\"title_position\":\"top-left\",\"title_rotation\":\"left\",\"vertical_align\":\"\",\"width\":\"xsmall\"},\"children\":[{\"type\":\"row\",\"children\":[{\"type\":\"column\",\"props\":{\"image_position\":\"center-center\",\"position_sticky_breakpoint\":\"m\"},\"children\":[{\"type\":\"html\",\"props\":{\"content\":\"[wpforms id=\\\"363736\\\" title=\\\"false\\\"]\"}}]}]}]}],\"version\":\"4.4.12\",\"yooessentialsVersion\":\"2.2.24\"} --><\/p>\n","protected":false},"excerpt":{"rendered":"<p>Create my account<\/p>\n","protected":false},"author":1,"featured_media":0,"parent":0,"menu_order":0,"comment_status":"closed","ping_status":"closed","template":"","meta":{"_acf_changed":false,"footnotes":""},"class_list":["post-358113","page","type-page","status-publish","hentry"],"acf":[],"_links":{"self":[{"href":"https:\/\/sell-officiel.com\/en\/wp-json\/wp\/v2\/pages\/358113","targetHints":{"allow":["GET"]}}],"collection":[{"href":"https:\/\/sell-officiel.com\/en\/wp-json\/wp\/v2\/pages"}],"about":[{"href":"https:\/\/sell-officiel.com\/en\/wp-json\/wp\/v2\/types\/page"}],"author":[{"embeddable":true,"href":"https:\/\/sell-officiel.com\/en\/wp-json\/wp\/v2\/users\/1"}],"replies":[{"embeddable":true,"href":"https:\/\/sell-officiel.com\/en\/wp-json\/wp\/v2\/comments?post=358113"}],"version-history":[{"count":1,"href":"https:\/\/sell-officiel.com\/en\/wp-json\/wp\/v2\/pages\/358113\/revisions"}],"predecessor-version":[{"id":684609,"href":"https:\/\/sell-officiel.com\/en\/wp-json\/wp\/v2\/pages\/358113\/revisions\/684609"}],"wp:attachment":[{"href":"https:\/\/sell-officiel.com\/en\/wp-json\/wp\/v2\/media?parent=358113"}],"curies":[{"name":"wp","href":"https:\/\/api.w.org\/{rel}","templated":true}]}}